{"id":78195,"date":"2025-01-26T03:36:26","date_gmt":"2025-01-26T03:36:26","guid":{"rendered":"https:\/\/nexgendecors.com\/product\/post-modern-nordic-simple-copper-bedroom-living-room-study-shopping-mall-net-red-vibrato-molecular-magic-bean-glass-chandelier\/"},"modified":"2025-04-06T09:32:40","modified_gmt":"2025-04-06T09:32:40","slug":"post-modern-nordic-simple-copper-bedroom-living-room-study-shopping-mall-net-red-vibrato-molecular-magic-bean-glass-chandelier","status":"publish","type":"product","link":"https:\/\/nexgendecors.com\/fr\/product\/post-modern-nordic-simple-copper-bedroom-living-room-study-shopping-mall-net-red-vibrato-molecular-magic-bean-glass-chandelier\/","title":{"rendered":"Nordic Copper Glass Chandelier &#8211; Modern Elegance"},"content":{"rendered":"<ul>\n<li>\n<strong>marque<\/strong>:Fox Intelligence<\/li>\n<li>\n<strong>mod\u00e8le<\/strong>:8094<\/li>\n<li>\n<strong>pouvoir<\/strong>:21 W (inclus) \u2013 30 W (inclus)<\/li>\n<li>\n<strong>style<\/strong>:Postmodern<\/li>\n<li>\n<strong>Origine<\/strong>:Chine continentale<\/li>\n<li>\n<strong>Temp\u00e9rature de couleur de la source lumineuse Valeur K<\/strong>:3000K<\/li>\n<li>\n<strong>Espace applicable<\/strong>:Chambre\/Bureau<\/li>\n<li>\n<strong>trier par couleur<\/strong>:Export copper type A &#8211; 6-head milky white lampshade, export copper type A &#8211; 8-head milky white lampshade, export copper type A &#8211; double-layer 8-head milky white lampshade, export copper type A &#8211; double-layer 12-head milky white lampshade, export copper type A &#8211; double-layer 16-head milky white lampshade, export copper type B &#8211; 6-head transparent lampshade, export copper type B &#8211; 8-head transparent lampshade, export copper type B &#8211; double-layer 8-head transparent lampshade, export copper type B &#8211; double-layer 12-head transparent lampshade<\/li>\n<li>\n<strong>La lampe a-t-elle une source lumineuse ?<\/strong>:Oui<\/li>\n<li>\n<strong>Service en ville<\/strong>:Livraison \u00e0 domicile par des vendeurs locaux<\/li>\n<li>\n<strong>Tension<\/strong>:100V-240V<\/li>\n<li>\n<strong>Mat\u00e9riau principal du corps de la lampe<\/strong>:cuivre<\/li>\n<li>\n<strong>Mat\u00e9riau principal de l&#039;abat-jour<\/strong>:Verre<\/li>\n<li>\n<strong>type de source lumineuse<\/strong>:Lumi\u00e8res LED<\/li>\n<li>\n<strong>Nombre de sources lumineuses<\/strong>:10 (inclus) \u2013 15 (exclusif)<\/li>\n<li>\n<strong>Technologie<\/strong>:placage<\/li>\n<li>\n<strong>Zone d&#039;irradiation<\/strong>:15\u33a1-30\u33a1<\/li>\n<li>\n<strong>Type de contr\u00f4le<\/strong>:autre<\/li>\n<li>\n<strong>Mat\u00e9riau auxiliaire pour abat-jour<\/strong>:Verre<\/li>\n<li>\n<strong>P\u00e9riode de garantie<\/strong>:3 ans<\/li>\n<li>\n<strong>Mat\u00e9riau auxiliaire du corps de la lampe<\/strong>:cuivre<\/li>\n<li>\n<strong>Type intelligent<\/strong>:Autres renseignements<\/li>\n<li>\n<strong>Que ce soit un contr\u00f4le intelligent<\/strong>:Oui<\/li>\n<li>\n<strong>Forme de la lampe<\/strong>:Lustre \u00e0 double usage \u00e0 ventouse et \u00e0 suspension<\/li>\n<li>\n<strong>Nombre d&#039;accessoires<\/strong>:1<\/li>\n<li>\n<strong>Nombre de t\u00eates de lampe<\/strong>:10<\/li>\n<li>\n<strong>Type de lustre<\/strong>:Cuivre\/Lustre en cuivre<\/li>\n<li>\n<strong>Num\u00e9ro de certificat 3C<\/strong>:2020011001328184<\/li>\n<\/ul>\n<p><img><\/p>","protected":false},"excerpt":{"rendered":"<p>brand:Fox Intelligence model:8094 power:21W (inclusive) &#8211; 30W (inclusive) style:Postmodern Origin:Chinese mainland Light source color temperature K value:3000K Applicable space:Bedroom\/Study sort<\/p>","protected":false},"featured_media":137116,"comment_status":"open","ping_status":"closed","template":"","meta":[],"product_brand":[],"product_cat":[30971,30864],"product_tag":[],"class_list":{"0":"post-78195","1":"product","2":"type-product","3":"status-publish","4":"has-post-thumbnail","6":"product_cat-hp","7":"product_cat-new-wholesales-lights","9":"first","10":"instock","11":"taxable","12":"shipping-taxable","13":"purchasable","14":"product-type-variable"},"_links":{"self":[{"href":"https:\/\/nexgendecors.com\/fr\/wp-json\/wp\/v2\/product\/78195","targetHints":{"allow":["GET"]}}],"collection":[{"href":"https:\/\/nexgendecors.com\/fr\/wp-json\/wp\/v2\/product"}],"about":[{"href":"https:\/\/nexgendecors.com\/fr\/wp-json\/wp\/v2\/types\/product"}],"replies":[{"embeddable":true,"href":"https:\/\/nexgendecors.com\/fr\/wp-json\/wp\/v2\/comments?post=78195"}],"version-history":[{"count":0,"href":"https:\/\/nexgendecors.com\/fr\/wp-json\/wp\/v2\/product\/78195\/revisions"}],"wp:featuredmedia":[{"embeddable":true,"href":"https:\/\/nexgendecors.com\/fr\/wp-json\/wp\/v2\/media\/137116"}],"wp:attachment":[{"href":"https:\/\/nexgendecors.com\/fr\/wp-json\/wp\/v2\/media?parent=78195"}],"wp:term":[{"taxonomy":"product_brand","embeddable":true,"href":"https:\/\/nexgendecors.com\/fr\/wp-json\/wp\/v2\/product_brand?post=78195"},{"taxonomy":"product_cat","embeddable":true,"href":"https:\/\/nexgendecors.com\/fr\/wp-json\/wp\/v2\/product_cat?post=78195"},{"taxonomy":"product_tag","embeddable":true,"href":"https:\/\/nexgendecors.com\/fr\/wp-json\/wp\/v2\/product_tag?post=78195"}],"curies":[{"name":"wp","href":"https:\/\/api.w.org\/{rel}","templated":true}]}}