{"id":78290,"date":"2025-01-26T03:36:47","date_gmt":"2025-01-26T03:36:47","guid":{"rendered":"https:\/\/nexgendecors.com\/product\/light-luxury-minimalist-wabi-sabi-cream-wind-all-solid-wood-bedside-table-modern-minimalist-leather-bedroom-furniture-50-wide-floor-cabinet-light-luxury-minimalist-popular-cream-style-bedside-table"},"modified":"2025-04-06T09:32:48","modified_gmt":"2025-04-06T09:32:48","slug":"table-de-chevet-legere-et-luxueuse-en-bois-massif-style-minimaliste-et-moderne-style-creme-style-minimaliste-et-moderne-meuble-de-chambre-a-coucher-en-cuir-largeur-50-cm-table-de-chevet-legere-e","status":"publish","type":"product","link":"https:\/\/nexgendecors.com\/fr\/product\/table-de-chevet-legere-et-luxueuse-en-bois-massif-style-minimaliste-et-moderne-style-creme-style-minimaliste-et-moderne-meuble-de-chambre-a-coucher-en-cuir-largeur-50-cm-table-de-chevet-legere-e\/","title":{"rendered":"Table de chevet incurv\u00e9e Presotto\u00a0: design \u00e9l\u00e9gant et fonctionnel"},"content":{"rendered":"<p data-mce-fragment=\"1\">Les tables de chevet Presotto Curved pr\u00e9sentent un design original, avec un bord incurv\u00e9 encastr\u00e9 et un autre facilement accessible depuis le lit. Ces d\u00e9tails renforcent la sensation de modernit\u00e9 et de luxe de votre chambre.<\/p>\n<p data-mce-fragment=\"1\">Les fonctionnalit\u00e9s incluent \u2013<\/p>\n<ul data-mce-fragment=\"1\">\n<li data-mce-fragment=\"1\">Tiroirs \u00e0 fermeture douce<\/li>\n<li data-mce-fragment=\"1\">M\u00e9canisme d&#039;ouverture par pouss\u00e9e<br data-mce-fragment=\"1\">\n<\/li>\n<li data-mce-fragment=\"1\">recouvert de similicuir<br data-mce-fragment=\"1\">\n<\/li>\n<li data-mce-fragment=\"1\">Fa\u00e7ades de tiroirs laqu\u00e9es<br data-mce-fragment=\"1\">\n<\/li>\n<li data-mce-fragment=\"1\">designer italien<\/li>\n<li data-mce-fragment=\"1\">C\u00f4t\u00e9s gauche ou droit<br data-mce-fragment=\"1\">\n<\/li>\n<li data-mce-fragment=\"1\">Meubles de chambre assortis<\/li>\n<li data-mce-fragment=\"1\">Production respectueuse de l&#039;environnement<\/li>\n<\/ul>\n<p data-mce-fragment=\"1\"><\/p>","protected":false},"excerpt":{"rendered":"<p>Les tables de chevet incurv\u00e9es Presotto ont un design tr\u00e8s inhabituel avec un bord incurv\u00e9 encastr\u00e9 et un autre avec un acc\u00e8s facile \u00e0<\/p>","protected":false},"featured_media":137264,"comment_status":"open","ping_status":"closed","template":"","meta":[],"product_brand":[],"product_cat":[30971,32],"product_tag":[12259,12260],"class_list":{"0":"post-78290","1":"product","2":"type-product","3":"status-publish","4":"has-post-thumbnail","6":"product_cat-hp","7":"product_cat-residential-furniture","8":"product_tag-_wf_cus","9":"product_tag-_wf_exc","11":"first","12":"instock","13":"sale","14":"taxable","15":"shipping-taxable","16":"purchasable","17":"product-type-variable"},"_links":{"self":[{"href":"https:\/\/nexgendecors.com\/fr\/wp-json\/wp\/v2\/product\/78290","targetHints":{"allow":["GET"]}}],"collection":[{"href":"https:\/\/nexgendecors.com\/fr\/wp-json\/wp\/v2\/product"}],"about":[{"href":"https:\/\/nexgendecors.com\/fr\/wp-json\/wp\/v2\/types\/product"}],"replies":[{"embeddable":true,"href":"https:\/\/nexgendecors.com\/fr\/wp-json\/wp\/v2\/comments?post=78290"}],"version-history":[{"count":0,"href":"https:\/\/nexgendecors.com\/fr\/wp-json\/wp\/v2\/product\/78290\/revisions"}],"wp:featuredmedia":[{"embeddable":true,"href":"https:\/\/nexgendecors.com\/fr\/wp-json\/wp\/v2\/media\/137264"}],"wp:attachment":[{"href":"https:\/\/nexgendecors.com\/fr\/wp-json\/wp\/v2\/media?parent=78290"}],"wp:term":[{"taxonomy":"product_brand","embeddable":true,"href":"https:\/\/nexgendecors.com\/fr\/wp-json\/wp\/v2\/product_brand?post=78290"},{"taxonomy":"product_cat","embeddable":true,"href":"https:\/\/nexgendecors.com\/fr\/wp-json\/wp\/v2\/product_cat?post=78290"},{"taxonomy":"product_tag","embeddable":true,"href":"https:\/\/nexgendecors.com\/fr\/wp-json\/wp\/v2\/product_tag?post=78290"}],"curies":[{"name":"wp","href":"https:\/\/api.w.org\/{rel}","templated":true}]}}