{"id":78344,"date":"2025-01-26T03:36:53","date_gmt":"2025-01-26T03:36:53","guid":{"rendered":"https:\/\/nexgendecors.com\/product\/primary-and-secondary-school-students-tutoring-training-class-cram-school-double-art-painting-kindergarten-childrens-color-desk-and-chair-combination\/"},"modified":"2025-04-06T09:32:58","modified_gmt":"2025-04-06T09:32:58","slug":"cours-de-tutorat-pour-eleves-du-primaire-et-du-secondaire-cours-intensifs-double-peinture-artistique-combinaison-bureau-et-chaise-de-couleur-pour-enfants-de-la-maternelle","status":"publish","type":"product","link":"https:\/\/nexgendecors.com\/fr\/product\/cours-de-tutorat-pour-eleves-du-primaire-et-du-secondaire-cours-intensifs-double-peinture-artistique-combinaison-bureau-et-chaise-de-couleur-pour-enfants-de-la-maternelle\/","title":{"rendered":"Ensemble bureau et chaise de peinture double pour enfants"},"content":{"rendered":"<ul>\n<li>\n<strong>Origine<\/strong>:Province du Jiangsu<\/li>\n<li>\n<strong>trier par couleur<\/strong>:60*60 (ordinaire), 120*60*hauteur 74 (ordinaire), 120*60*74 haut (renforc\u00e9 et \u00e9paissi), 120*120*74 long, 180*120*74 haut (\u00e9paissi et renforc\u00e9), 180*120*74 long, 240*120*74 haut (2 tables \u00e9piss\u00e9es et \u00e9paissies), 240*120*74 long (4 tables \u00e9piss\u00e9es et \u00e9paissies), 300*120*74 haut (5 tables \u00e9piss\u00e9es et \u00e9paissies), 360*120*74 haut (6 tables \u00e9piss\u00e9es \u00c9paississement et renforcement), longueur 480 largeur 120*74 hauteur (8 tables \u00e9piss\u00e9es \u00c9paississement et renforcement), hauteur personnalis\u00e9e 50\/55\/60\/65, longueur 100*largeur 100*hauteur 74 (\u00e9paississement et renfort), longueur 120*largeur 100*hauteur 74 (\u00e9paississement et renfort), longueur 140*largeur 60*hauteur 74 (\u00e9paississement et renfort), longueur 160*largeur 100*hauteur 74 (\u00e9paississement et renfort), longueur 180*largeur 100*hauteur 74 (\u00e9paississement et renfort), coins arrondis ouverts pour 10 yuans suppl\u00e9mentaires, tabouret en plastique assis haut 30, tabouret en plastique assis haut 35 avec dossier, chaise arrondie en acier et bois, tabouret, tabouret arrondi<\/li>\n<\/ul>\n<p><img><\/p>","protected":false},"excerpt":{"rendered":"<p>Origine : Province du Jiangsu Trier par couleur : 60*60 (ordinaire), 120*60*hauteur 74 (ordinaire), 120*60*74 haut (renforc\u00e9 et \u00e9paissi), 120*120*74 long, 180*120*74 haut (\u00e9paissi et<\/p>","protected":false},"featured_media":137312,"comment_status":"open","ping_status":"closed","template":"","meta":[],"product_brand":[],"product_cat":[30971,30849],"product_tag":[],"class_list":{"0":"post-78344","1":"product","2":"type-product","3":"status-publish","4":"has-post-thumbnail","6":"product_cat-hp","7":"product_cat-kindergarten-school-furniture","9":"first","10":"instock","11":"sale","12":"taxable","13":"shipping-taxable","14":"purchasable","15":"product-type-variable"},"_links":{"self":[{"href":"https:\/\/nexgendecors.com\/fr\/wp-json\/wp\/v2\/product\/78344","targetHints":{"allow":["GET"]}}],"collection":[{"href":"https:\/\/nexgendecors.com\/fr\/wp-json\/wp\/v2\/product"}],"about":[{"href":"https:\/\/nexgendecors.com\/fr\/wp-json\/wp\/v2\/types\/product"}],"replies":[{"embeddable":true,"href":"https:\/\/nexgendecors.com\/fr\/wp-json\/wp\/v2\/comments?post=78344"}],"version-history":[{"count":0,"href":"https:\/\/nexgendecors.com\/fr\/wp-json\/wp\/v2\/product\/78344\/revisions"}],"wp:featuredmedia":[{"embeddable":true,"href":"https:\/\/nexgendecors.com\/fr\/wp-json\/wp\/v2\/media\/137312"}],"wp:attachment":[{"href":"https:\/\/nexgendecors.com\/fr\/wp-json\/wp\/v2\/media?parent=78344"}],"wp:term":[{"taxonomy":"product_brand","embeddable":true,"href":"https:\/\/nexgendecors.com\/fr\/wp-json\/wp\/v2\/product_brand?post=78344"},{"taxonomy":"product_cat","embeddable":true,"href":"https:\/\/nexgendecors.com\/fr\/wp-json\/wp\/v2\/product_cat?post=78344"},{"taxonomy":"product_tag","embeddable":true,"href":"https:\/\/nexgendecors.com\/fr\/wp-json\/wp\/v2\/product_tag?post=78344"}],"curies":[{"name":"wp","href":"https:\/\/api.w.org\/{rel}","templated":true}]}}