{"id":78450,"date":"2025-01-26T03:37:09","date_gmt":"2025-01-26T03:37:09","guid":{"rendered":"https:\/\/nexgendecors.com\/product\/pure-solid-wood-tv-cabinet-modern-simple-living-room-coffee-table-combination-large-and-small-household-floor-cabinet-nordic-tv-cabinet\/"},"modified":"2025-04-06T09:33:08","modified_gmt":"2025-04-06T09:33:08","slug":"pure-solid-wood-tv-cabinet-modern-simple-living-room-coffee-table-combination-large-and-small-household-floor-cabinet-nordic-tv-cabinet","status":"publish","type":"product","link":"https:\/\/nexgendecors.com\/fr\/product\/pure-solid-wood-tv-cabinet-modern-simple-living-room-coffee-table-combination-large-and-small-household-floor-cabinet-nordic-tv-cabinet\/","title":{"rendered":"Ensemble meuble TV et table basse nordique en bois massif"},"content":{"rendered":"<ul>\n<li>\n<strong>marque<\/strong>:autre\/autre<\/li>\n<li>\n<strong>mod\u00e8le<\/strong>:8809<\/li>\n<li>\n<strong>style<\/strong>:Moderne et simple<\/li>\n<li>\n<strong>taille<\/strong>:180x40x43cm,200x40x43cm,220x40x43cm,240x40x43cm,180x40x50cm,200x40x50cm,220x40x50cm,240x40x50cm<\/li>\n<li>\n<strong>Que ce soit avec un rouleau<\/strong>:Non<\/li>\n<li>\n<strong>Assembler<\/strong>:Non<\/li>\n<li>\n<strong>Processus de peinture<\/strong>:Spray paint<\/li>\n<li>\n<strong>Appropri\u00e9<\/strong>:Adultes<\/li>\n<li>\n<strong>longueur<\/strong>:1.8-2.2m<\/li>\n<li>\n<strong>Mat\u00e9riau de finition<\/strong>:Bois<\/li>\n<li>\n<strong>Fonctionnalit\u00e9s suppl\u00e9mentaires<\/strong>:Stockage<\/li>\n<li>\n<strong>volume du colis<\/strong>:1<\/li>\n<li>\n<strong>Est-ce personnalisable ?<\/strong>:Oui<\/li>\n<li>\n<strong>Mat\u00e9riel<\/strong>:Bois<\/li>\n<li>\n<strong>Mat\u00e9riau en bois<\/strong>:maple<\/li>\n<li>\n<strong>Instructions d&#039;installation d\u00e9taill\u00e9es<\/strong>:Complete delivery, no installation required<\/li>\n<li>\n<strong>Structure du meuble<\/strong>:Structure de cadre en bo\u00eete<\/li>\n<li>\n<strong>Installation<\/strong>:Paquet<\/li>\n<li>\n<strong>haut<\/strong>:43cm<\/li>\n<li>\n<strong>trier par couleur<\/strong>:Pure natural 100% pure solid wood imported maple (walnut color + black), pure natural 100% pure solid wood imported maple (walnut color + white), pure natural 100% pure solid wood imported maple (log color + white), pure natural 100% pure solid wood imported maple (black + gray), pure natural 100% pure solid wood imported maple (all walnut color), three-drawer cabinet (color note)<\/li>\n<\/ul>\n<p><img><\/p>","protected":false},"excerpt":{"rendered":"<p>Marque : autre\/autre Mod\u00e8le : 8809 Style : Moderne et simple Taille : 180x40x43cm, 200x40x43cm, 220x40x43cm, 240x40x43cm, 180x40x50cm, 200x40x50cm, 220x40x50cm, 240x40x50cm Avec rouleau : non Assemblage : non Proc\u00e9d\u00e9 de peinture : Peinture en a\u00e9rosol Convient : Adultes Longueur : 1,8-2,2 m Mat\u00e9riau de finition : Bois Caract\u00e9ristiques suppl\u00e9mentaires : Ensemble de rangement<\/p>","protected":false},"featured_media":137425,"comment_status":"open","ping_status":"closed","template":"","meta":[],"product_brand":[],"product_cat":[30862,30971,30850,30857],"product_tag":[],"class_list":{"0":"post-78450","1":"product","2":"type-product","3":"status-publish","4":"has-post-thumbnail","6":"product_cat-wholesales-hotels","7":"product_cat-hp","8":"product_cat-wholesale-furniture","9":"product_cat-wholesale-sofa-table","11":"first","12":"instock","13":"taxable","14":"shipping-taxable","15":"purchasable","16":"product-type-variable"},"_links":{"self":[{"href":"https:\/\/nexgendecors.com\/fr\/wp-json\/wp\/v2\/product\/78450","targetHints":{"allow":["GET"]}}],"collection":[{"href":"https:\/\/nexgendecors.com\/fr\/wp-json\/wp\/v2\/product"}],"about":[{"href":"https:\/\/nexgendecors.com\/fr\/wp-json\/wp\/v2\/types\/product"}],"replies":[{"embeddable":true,"href":"https:\/\/nexgendecors.com\/fr\/wp-json\/wp\/v2\/comments?post=78450"}],"version-history":[{"count":0,"href":"https:\/\/nexgendecors.com\/fr\/wp-json\/wp\/v2\/product\/78450\/revisions"}],"wp:featuredmedia":[{"embeddable":true,"href":"https:\/\/nexgendecors.com\/fr\/wp-json\/wp\/v2\/media\/137425"}],"wp:attachment":[{"href":"https:\/\/nexgendecors.com\/fr\/wp-json\/wp\/v2\/media?parent=78450"}],"wp:term":[{"taxonomy":"product_brand","embeddable":true,"href":"https:\/\/nexgendecors.com\/fr\/wp-json\/wp\/v2\/product_brand?post=78450"},{"taxonomy":"product_cat","embeddable":true,"href":"https:\/\/nexgendecors.com\/fr\/wp-json\/wp\/v2\/product_cat?post=78450"},{"taxonomy":"product_tag","embeddable":true,"href":"https:\/\/nexgendecors.com\/fr\/wp-json\/wp\/v2\/product_tag?post=78450"}],"curies":[{"name":"wp","href":"https:\/\/api.w.org\/{rel}","templated":true}]}}