{"id":78708,"date":"2025-01-26T03:37:49","date_gmt":"2025-01-26T03:37:49","guid":{"rendered":"https:\/\/nexgendecors.com\/product\/reading-table-moon-table-round-table-art-painting-free-combination-splicing-group-activity-tutoring-class-color-table-and-chair\/"},"modified":"2025-04-06T09:33:29","modified_gmt":"2025-04-06T09:33:29","slug":"reading-table-moon-table-round-table-art-painting-free-combination-splicing-group-activity-tutoring-class-color-table-and-chair","status":"publish","type":"product","link":"https:\/\/nexgendecors.com\/fr\/product\/reading-table-moon-table-round-table-art-painting-free-combination-splicing-group-activity-tutoring-class-color-table-and-chair\/","title":{"rendered":"Ensemble table et chaises rondes artistiques Moon pour espaces cr\u00e9atifs"},"content":{"rendered":"<ul>\n<li>\n<strong>marque<\/strong>:Double door stone<\/li>\n<li>\n<strong>mod\u00e8le<\/strong>:sms-021<\/li>\n<li>\n<strong>trier par couleur<\/strong>:Green, bright yellow, fruit green, chair, square stool, freight consultation customer service<\/li>\n<\/ul>\n<p><img><\/p>","protected":false},"excerpt":{"rendered":"<p>Marque : Pierre \u00e0 double porte Mod\u00e8le : SMS-021 Trier par couleur : Vert, jaune vif, vert fruit, chaise, tabouret carr\u00e9, consultation de fret Service client<\/p>","protected":false},"featured_media":137753,"comment_status":"open","ping_status":"closed","template":"","meta":[],"product_brand":[],"product_cat":[30971,30849],"product_tag":[],"class_list":{"0":"post-78708","1":"product","2":"type-product","3":"status-publish","4":"has-post-thumbnail","6":"product_cat-hp","7":"product_cat-kindergarten-school-furniture","9":"first","10":"instock","11":"taxable","12":"shipping-taxable","13":"purchasable","14":"product-type-variable"},"_links":{"self":[{"href":"https:\/\/nexgendecors.com\/fr\/wp-json\/wp\/v2\/product\/78708","targetHints":{"allow":["GET"]}}],"collection":[{"href":"https:\/\/nexgendecors.com\/fr\/wp-json\/wp\/v2\/product"}],"about":[{"href":"https:\/\/nexgendecors.com\/fr\/wp-json\/wp\/v2\/types\/product"}],"replies":[{"embeddable":true,"href":"https:\/\/nexgendecors.com\/fr\/wp-json\/wp\/v2\/comments?post=78708"}],"version-history":[{"count":0,"href":"https:\/\/nexgendecors.com\/fr\/wp-json\/wp\/v2\/product\/78708\/revisions"}],"wp:featuredmedia":[{"embeddable":true,"href":"https:\/\/nexgendecors.com\/fr\/wp-json\/wp\/v2\/media\/137753"}],"wp:attachment":[{"href":"https:\/\/nexgendecors.com\/fr\/wp-json\/wp\/v2\/media?parent=78708"}],"wp:term":[{"taxonomy":"product_brand","embeddable":true,"href":"https:\/\/nexgendecors.com\/fr\/wp-json\/wp\/v2\/product_brand?post=78708"},{"taxonomy":"product_cat","embeddable":true,"href":"https:\/\/nexgendecors.com\/fr\/wp-json\/wp\/v2\/product_cat?post=78708"},{"taxonomy":"product_tag","embeddable":true,"href":"https:\/\/nexgendecors.com\/fr\/wp-json\/wp\/v2\/product_tag?post=78708"}],"curies":[{"name":"wp","href":"https:\/\/api.w.org\/{rel}","templated":true}]}}