{"id":78757,"date":"2025-01-26T03:37:57","date_gmt":"2025-01-26T03:37:57","guid":{"rendered":"https:\/\/nexgendecors.com\/product\/red-theme-national-trend-restaurant-booth-hot-pot-restaurant-hamburger-restaurant-spicy-hot-pot-restaurant-dining-table-and-chair-combination-customization\/"},"modified":"2025-03-31T17:20:27","modified_gmt":"2025-03-31T17:20:27","slug":"red-theme-national-trend-restaurant-booth-hot-pot-restaurant-hamburger-restaurant-spicy-hot-pot-restaurant-dining-table-and-chair-combination-customization","status":"publish","type":"product","link":"https:\/\/nexgendecors.com\/fr\/product\/red-theme-national-trend-restaurant-booth-hot-pot-restaurant-hamburger-restaurant-spicy-hot-pot-restaurant-dining-table-and-chair-combination-customization\/","title":{"rendered":"Kiosques de restaurant \u00e0 th\u00e8me rouge personnalis\u00e9 pour hot pot et hamburger"},"content":{"rendered":"<ul>\n<li>\n<strong>style<\/strong>:Postmodern<\/li>\n<li>\n<strong>Nombre de personnes applicable<\/strong>:4 personnes<\/li>\n<li>\n<strong>trier par couleur<\/strong>:Stainless steel dining chair &#8211; red, stainless steel dining chair &#8211; gray, stainless steel dining chair &#8211; orange, stainless steel dining chair &#8211; green, stainless steel sofa &#8211; red, stainless steel sofa &#8211; gray, stainless steel sofa &#8211; orange, stainless steel sofa &#8211; green, 50cm stainless steel round table, 60cm stainless steel round table, 60*60CM stainless steel square table, 70*70CM stainless steel square table, 80*80CM stainless steel square table, 120*60CM stainless steel long table, 120*70CM stainless steel long table, 120*80CM stainless steel long table, 60*60CM stainless steel square table, 70*70CM stainless steel square table, 80*80CM stainless steel square table, 60CM stainless steel round table, 70CM stainless steel round table, 80CM stainless steel round table, 120*60CM stainless steel long table, 120*70CM stainless steel long table, 120*80CM stainless steel long table<\/li>\n<\/ul>\n<p><img><\/p>","protected":false},"excerpt":{"rendered":"<p>style:Postmoderne Nombre de personnes concern\u00e9es:4 personnes trier par couleur:Chaise de salle \u00e0 manger en acier inoxydable - rouge, chaise de salle \u00e0 manger en acier inoxydable - gris,<\/p>","protected":false},"featured_media":137825,"comment_status":"open","ping_status":"closed","template":"","meta":[],"product_brand":[],"product_cat":[30897,30971,30860],"product_tag":[],"class_list":{"0":"post-78757","1":"product","2":"type-product","3":"status-publish","4":"has-post-thumbnail","6":"product_cat-bs-restaurant","7":"product_cat-hp","8":"product_cat-wholesale-restaurant","10":"first","11":"instock","12":"sale","13":"taxable","14":"shipping-taxable","15":"purchasable","16":"product-type-variable"},"_links":{"self":[{"href":"https:\/\/nexgendecors.com\/fr\/wp-json\/wp\/v2\/product\/78757","targetHints":{"allow":["GET"]}}],"collection":[{"href":"https:\/\/nexgendecors.com\/fr\/wp-json\/wp\/v2\/product"}],"about":[{"href":"https:\/\/nexgendecors.com\/fr\/wp-json\/wp\/v2\/types\/product"}],"replies":[{"embeddable":true,"href":"https:\/\/nexgendecors.com\/fr\/wp-json\/wp\/v2\/comments?post=78757"}],"version-history":[{"count":0,"href":"https:\/\/nexgendecors.com\/fr\/wp-json\/wp\/v2\/product\/78757\/revisions"}],"wp:featuredmedia":[{"embeddable":true,"href":"https:\/\/nexgendecors.com\/fr\/wp-json\/wp\/v2\/media\/137825"}],"wp:attachment":[{"href":"https:\/\/nexgendecors.com\/fr\/wp-json\/wp\/v2\/media?parent=78757"}],"wp:term":[{"taxonomy":"product_brand","embeddable":true,"href":"https:\/\/nexgendecors.com\/fr\/wp-json\/wp\/v2\/product_brand?post=78757"},{"taxonomy":"product_cat","embeddable":true,"href":"https:\/\/nexgendecors.com\/fr\/wp-json\/wp\/v2\/product_cat?post=78757"},{"taxonomy":"product_tag","embeddable":true,"href":"https:\/\/nexgendecors.com\/fr\/wp-json\/wp\/v2\/product_tag?post=78757"}],"curies":[{"name":"wp","href":"https:\/\/api.w.org\/{rel}","templated":true}]}}