{"id":78993,"date":"2025-01-26T03:38:29","date_gmt":"2025-01-26T03:38:29","guid":{"rendered":"https:\/\/nexgendecors.com\/product\/restaurant-chandelier-nordic-modern-simple-creative-personality-three-head-lamp-art-loft-iron-dining-table-bar-chandelier\/"},"modified":"2025-04-06T09:33:59","modified_gmt":"2025-04-06T09:33:59","slug":"restaurant-chandelier-nordic-modern-simple-creative-personality-three-head-lamp-art-loft-iron-dining-table-bar-chandelier","status":"publish","type":"product","link":"https:\/\/nexgendecors.com\/fr\/product\/restaurant-chandelier-nordic-modern-simple-creative-personality-three-head-lamp-art-loft-iron-dining-table-bar-chandelier\/","title":{"rendered":"Nordic Modern Iron Chandelier &#8211; 3-Head Art Design"},"content":{"rendered":"<ul>\n<li>\n<strong>marque<\/strong>:Schmidt<\/li>\n<li>\n<strong>mod\u00e8le<\/strong>:9002-1<\/li>\n<li>\n<strong>style<\/strong>:Europe du Nord<\/li>\n<li>\n<strong>trier par couleur<\/strong>:3-head gray long plate 21 watt single head black 7W (three-color light changing) 4-head long plate gray + white + black + gray (three-color light changing) large dining table 28 watt single head white 7W (three-color light changing) 4-head long plate white + black + black + gray (three-color light changing) large dining table 28 watt 3-head long plate-white + gray + black (warm light) 21 watt single head white 7W (warm light) single head black 7W (warm light) 3-head gray disc 21 watt single head gray 7W (three-color light changing) 3-head long plate-white + gray + black (white light) 21 watt 3-head white long plate 21 watt single head four-pack white + gray + black + gray (warm light) 28 watt 3-head long plate-white + gray + black three-color light changing 21 watt single head gray 7W (warm light) single head black 7W (white light) single head gray 7W (white light) 3-head black round disc 21W 3-head black long disc 21W single head three-pack white + gray + black 21W 3-head long disc &#8211; white + gray + black (36W stepless dimming) with remote control high brightness 3-head white round disc 21W single head white 7W (white light) 3-head long disc &#8211; white + gray + black (all-aluminum spotlight bulb) 30W warm light<\/li>\n<li>\n<strong>La lampe a-t-elle une source lumineuse ?<\/strong>:Non<\/li>\n<li>\n<strong>Service en ville<\/strong>:Installation \u00e0 domicile par des vendeurs locaux<\/li>\n<li>\n<strong>Tension<\/strong>:111V~240V (inclus)<\/li>\n<li>\n<strong>Mat\u00e9riau principal du corps de la lampe<\/strong>:fer<\/li>\n<li>\n<strong>Mat\u00e9riau principal de l&#039;abat-jour<\/strong>:aluminium<\/li>\n<li>\n<strong>Nombre de sources lumineuses<\/strong>:3<\/li>\n<li>\n<strong>Technologie<\/strong>:Gla\u00e7age \u00e0 la peinture en a\u00e9rosol<\/li>\n<li>\n<strong>Zone d&#039;irradiation<\/strong>:5\u33a1-10\u33a1<\/li>\n<li>\n<strong>Type de contr\u00f4le<\/strong>:Autres contr\u00f4les non intelligents<\/li>\n<li>\n<strong>Mat\u00e9riau auxiliaire pour abat-jour<\/strong>:aluminium<\/li>\n<li>\n<strong>P\u00e9riode de garantie<\/strong>:3 ans<\/li>\n<li>\n<strong>Mat\u00e9riau auxiliaire du corps de la lampe<\/strong>:fer<\/li>\n<li>\n<strong>Type intelligent<\/strong>:Pas de support pour smart<\/li>\n<li>\n<strong>Que ce soit un contr\u00f4le intelligent<\/strong>:Non<\/li>\n<li>\n<strong>Forme de la lampe<\/strong>:Lustre en forme de ligne de p\u00eache<\/li>\n<li>\n<strong>Nombre de t\u00eates de lampe<\/strong>:3<\/li>\n<li>\n<strong>Type de lustre<\/strong>:Lustre en fer forg\u00e9<\/li>\n<li>\n<strong>Num\u00e9ro de certificat 3C<\/strong>:2023011001539682<\/li>\n<\/ul>\n<p><img><\/p>","protected":false},"excerpt":{"rendered":"<p>brand:Schmidt model:9002-1 style:Northern Europe sort by color:3-head gray long plate 21 watt single head black 7W (three-color light changing) 4-head<\/p>","protected":false},"featured_media":138125,"comment_status":"open","ping_status":"closed","template":"","meta":[],"product_brand":[],"product_cat":[30971,30864],"product_tag":[],"class_list":{"0":"post-78993","1":"product","2":"type-product","3":"status-publish","4":"has-post-thumbnail","6":"product_cat-hp","7":"product_cat-new-wholesales-lights","9":"first","10":"instock","11":"taxable","12":"shipping-taxable","13":"purchasable","14":"product-type-variable"},"_links":{"self":[{"href":"https:\/\/nexgendecors.com\/fr\/wp-json\/wp\/v2\/product\/78993","targetHints":{"allow":["GET"]}}],"collection":[{"href":"https:\/\/nexgendecors.com\/fr\/wp-json\/wp\/v2\/product"}],"about":[{"href":"https:\/\/nexgendecors.com\/fr\/wp-json\/wp\/v2\/types\/product"}],"replies":[{"embeddable":true,"href":"https:\/\/nexgendecors.com\/fr\/wp-json\/wp\/v2\/comments?post=78993"}],"version-history":[{"count":0,"href":"https:\/\/nexgendecors.com\/fr\/wp-json\/wp\/v2\/product\/78993\/revisions"}],"wp:featuredmedia":[{"embeddable":true,"href":"https:\/\/nexgendecors.com\/fr\/wp-json\/wp\/v2\/media\/138125"}],"wp:attachment":[{"href":"https:\/\/nexgendecors.com\/fr\/wp-json\/wp\/v2\/media?parent=78993"}],"wp:term":[{"taxonomy":"product_brand","embeddable":true,"href":"https:\/\/nexgendecors.com\/fr\/wp-json\/wp\/v2\/product_brand?post=78993"},{"taxonomy":"product_cat","embeddable":true,"href":"https:\/\/nexgendecors.com\/fr\/wp-json\/wp\/v2\/product_cat?post=78993"},{"taxonomy":"product_tag","embeddable":true,"href":"https:\/\/nexgendecors.com\/fr\/wp-json\/wp\/v2\/product_tag?post=78993"}],"curies":[{"name":"wp","href":"https:\/\/api.w.org\/{rel}","templated":true}]}}