{"id":79020,"date":"2025-01-26T03:38:32","date_gmt":"2025-01-26T03:38:32","guid":{"rendered":"https:\/\/nexgendecors.com\/product\/restaurant-chandelier-nordic-post-modern-creative-ufo-island-lamp-cafe-bar-lamp-simple-aisle-corridor-lamp\/"},"modified":"2025-04-06T09:34:03","modified_gmt":"2025-04-06T09:34:03","slug":"restaurant-chandelier-nordic-post-modern-creative-ufo-island-lamp-cafe-bar-lamp-simple-aisle-corridor-lamp","status":"publish","type":"product","link":"https:\/\/nexgendecors.com\/fr\/product\/restaurant-chandelier-nordic-post-modern-creative-ufo-island-lamp-cafe-bar-lamp-simple-aisle-corridor-lamp\/","title":{"rendered":"Nordic UFO Island Chandelier &#8211; Creative Cafe Lamp"},"content":{"rendered":"<ul>\n<li>\n<strong>marque<\/strong>:Fan Zhen<\/li>\n<li>\n<strong>mod\u00e8le<\/strong>:D8485<\/li>\n<li>\n<strong>style<\/strong>:Simple et moderne<\/li>\n<li>\n<strong>Origine<\/strong>:Chine continentale<\/li>\n<li>\n<strong>Temp\u00e9rature de couleur de la source lumineuse Valeur K<\/strong>:3000K-6000K<\/li>\n<li>\n<strong>trier par couleur<\/strong>:Black-40*27CM-Neutral Light,Black-40*27CM-Three Colors,Black-40*27CM-Wuji Tianmao,Black-50*30CM-Neutral Light,Black-50*30CM-Three Colors,Black-50*30CM-Wuji Tianmao,White-40*27CM-Neutral Light,White-40*27CM-Three Colors,White-40*27CM-Wuji Tianmao,White-50*30CM-Neutral Light,White-50*30CM-Three Colors,White-50*30CM-Wuji Tianmao,Black-Ceiling Model-40*30CM-Neutral Light,Black-Ceiling Model-40 *30CM-three colors,black-ceiling-40*30CM-Wuji Tianmao,black-ceiling-50*32CM-neutral light,black-ceiling-50*32CM-three colors,black-ceiling-50*32CM-Wuji Tianmao,white-ceiling-40*30CM-neutral light,white-ceiling-40*30CM-three colors,white-ceiling-40*30CM-Wuji Tianmao,white-ceiling-50*32CM-neutral light,white-ceiling-50*32CM-three colors,white-ceiling-50*32CM-Wuji Tianmao,black 35*15CM Neutral light, black 35*15CM three-color light, black 35*15CM stepless dimming, black 42*15CM neutral light, black 42*15CM three-color light, black 42*15CM stepless dimming, white 35*15CM neutral light, white 35*15CM three-color light, white 35*15CM stepless dimming, white 42*15CM neutral light, white 42*15CM three-color light, white 42*15CM Stepless dimming, white &#8211; single head &#8211; 28CM &#8211; three colors, white &#8211; single head &#8211; 28CM &#8211; Tmall, white &#8211; single head &#8211; 28CM &#8211; Xiaoai, white &#8211; two heads &#8211; 80*40CM &#8211; three colors, white &#8211; two heads &#8211; 80*40CM &#8211; Tmall, white &#8211; two heads &#8211; 80*40CM &#8211; Xiaoai, white &#8211; three heads &#8211; 100CM &#8211; three colors, white &#8211; three heads &#8211; 100CM &#8211; Tmall, white &#8211; three heads &#8211; 100CM &#8211; Xiaoai<\/li>\n<li>\n<strong>La lampe a-t-elle une source lumineuse ?<\/strong>:Oui<\/li>\n<li>\n<strong>Tension<\/strong>:111V~240V (inclus)<\/li>\n<li>\n<strong>Mat\u00e9riau principal du corps de la lampe<\/strong>:aluminium<\/li>\n<li>\n<strong>Mat\u00e9riau principal de l&#039;abat-jour<\/strong>:Abat-jour en PMMA \u00e0 haute transmission lumineuse<\/li>\n<li>\n<strong>type de source lumineuse<\/strong>:Lumi\u00e8res LED<\/li>\n<li>\n<strong>Nombre de sources lumineuses<\/strong>:1<\/li>\n<li>\n<strong>Technologie<\/strong>:Gla\u00e7age \u00e0 la peinture en a\u00e9rosol<\/li>\n<li>\n<strong>Zone d&#039;irradiation<\/strong>:5\u33a1-10\u33a1<\/li>\n<li>\n<strong>Type de contr\u00f4le<\/strong>:Intelligent voice control<\/li>\n<li>\n<strong>Temp\u00e9rature de couleur<\/strong>:Gradation continue<\/li>\n<li>\n<strong>Mat\u00e9riau auxiliaire pour abat-jour<\/strong>:Abat-jour en PMMA \u00e0 haute transmission lumineuse<\/li>\n<li>\n<strong>P\u00e9riode de garantie<\/strong>:3 ans<\/li>\n<li>\n<strong>Mat\u00e9riau auxiliaire du corps de la lampe<\/strong>:Ch\u00e2ssis ABS+Mat\u00e9riel<\/li>\n<li>\n<strong>Type intelligent<\/strong>:Connect\u00e9 \u00e0 Tmall Genie<\/li>\n<li>\n<strong>Que ce soit un contr\u00f4le intelligent<\/strong>:Oui<\/li>\n<li>\n<strong>Forme de la lampe<\/strong>:Lustre en forme de ligne de p\u00eache<\/li>\n<li>\n<strong>Nombre d&#039;accessoires<\/strong>:10<\/li>\n<li>\n<strong>Nombre de t\u00eates de lampe<\/strong>:1<\/li>\n<li>\n<strong>Type de lustre<\/strong>:Lustre en aluminium<\/li>\n<li>\n<strong>Num\u00e9ro de certificat 3C<\/strong>:2023371001000064<\/li>\n<\/ul>\n<p><img><\/p>","protected":false},"excerpt":{"rendered":"<p>brand:Fan Zhen model:D8485 style:Simple and modern Origin:Chinese mainland Light source color temperature K value:3000K-6000K sort by color:Black-40*27CM-Neutral Light,Black-40*27CM-Three Colors,Black-40*27CM-Wuji Tianmao,Black-50*30CM-Neutral<\/p>","protected":false},"featured_media":138175,"comment_status":"open","ping_status":"closed","template":"","meta":[],"product_brand":[],"product_cat":[30971,30864],"product_tag":[],"class_list":{"0":"post-79020","1":"product","2":"type-product","3":"status-publish","4":"has-post-thumbnail","6":"product_cat-hp","7":"product_cat-new-wholesales-lights","9":"first","10":"instock","11":"taxable","12":"shipping-taxable","13":"purchasable","14":"product-type-variable"},"_links":{"self":[{"href":"https:\/\/nexgendecors.com\/fr\/wp-json\/wp\/v2\/product\/79020","targetHints":{"allow":["GET"]}}],"collection":[{"href":"https:\/\/nexgendecors.com\/fr\/wp-json\/wp\/v2\/product"}],"about":[{"href":"https:\/\/nexgendecors.com\/fr\/wp-json\/wp\/v2\/types\/product"}],"replies":[{"embeddable":true,"href":"https:\/\/nexgendecors.com\/fr\/wp-json\/wp\/v2\/comments?post=79020"}],"version-history":[{"count":0,"href":"https:\/\/nexgendecors.com\/fr\/wp-json\/wp\/v2\/product\/79020\/revisions"}],"wp:featuredmedia":[{"embeddable":true,"href":"https:\/\/nexgendecors.com\/fr\/wp-json\/wp\/v2\/media\/138175"}],"wp:attachment":[{"href":"https:\/\/nexgendecors.com\/fr\/wp-json\/wp\/v2\/media?parent=79020"}],"wp:term":[{"taxonomy":"product_brand","embeddable":true,"href":"https:\/\/nexgendecors.com\/fr\/wp-json\/wp\/v2\/product_brand?post=79020"},{"taxonomy":"product_cat","embeddable":true,"href":"https:\/\/nexgendecors.com\/fr\/wp-json\/wp\/v2\/product_cat?post=79020"},{"taxonomy":"product_tag","embeddable":true,"href":"https:\/\/nexgendecors.com\/fr\/wp-json\/wp\/v2\/product_tag?post=79020"}],"curies":[{"name":"wp","href":"https:\/\/api.w.org\/{rel}","templated":true}]}}