{"id":79093,"date":"2025-01-26T03:38:38","date_gmt":"2025-01-26T03:38:38","guid":{"rendered":"https:\/\/nexgendecors.com\/product\/restaurant-chandelier-three-heads-nordic-modern-simple-creative-wood-grain-bedside-dining-table-cafe-bar-zhongshan-lamps\/"},"modified":"2025-04-06T09:34:06","modified_gmt":"2025-04-06T09:34:06","slug":"restaurant-chandelier-three-heads-nordic-modern-simple-creative-wood-grain-bedside-dining-table-cafe-bar-zhongshan-lamps","status":"publish","type":"product","link":"https:\/\/nexgendecors.com\/fr\/product\/restaurant-chandelier-three-heads-nordic-modern-simple-creative-wood-grain-bedside-dining-table-cafe-bar-zhongshan-lamps\/","title":{"rendered":"Nordic Modern Wood Grain Chandelier &#8211; 3 Heads Dining Lamp"},"content":{"rendered":"<ul>\n<li>\n<strong>marque<\/strong>:Huazhideng<\/li>\n<li>\n<strong>mod\u00e8le<\/strong>:V883<\/li>\n<li>\n<strong>style<\/strong>:Simple et moderne<\/li>\n<li>\n<strong>Type de contr\u00f4le<\/strong>:Autres contr\u00f4les non intelligents<\/li>\n<li>\n<strong>Mat\u00e9riau principal du corps de la lampe<\/strong>:fer<\/li>\n<li>\n<strong>Mat\u00e9riau principal de l&#039;abat-jour<\/strong>:Abat-jour en PMMA \u00e0 haute transmission lumineuse<\/li>\n<li>\n<strong>Tension<\/strong>:111V~240V (inclus)<\/li>\n<li>\n<strong>Type intelligent<\/strong>:Pas de support pour smart<\/li>\n<li>\n<strong>Mat\u00e9riau auxiliaire pour abat-jour<\/strong>:Abat-jour en PMMA \u00e0 haute transmission lumineuse<\/li>\n<li>\n<strong>Nombre de t\u00eates de lampe<\/strong>:1<\/li>\n<li>\n<strong>Mat\u00e9riau auxiliaire du corps de la lampe<\/strong>:Ch\u00e2ssis ABS+Mat\u00e9riel<\/li>\n<li>\n<strong>P\u00e9riode de garantie<\/strong>:3 ans<\/li>\n<li>\n<strong>Zone d&#039;irradiation<\/strong>:1\u33a1-3\u33a1 5\u33a1-10\u33a1<\/li>\n<li>\n<strong>La lampe a-t-elle une source lumineuse ?<\/strong>:Oui<\/li>\n<li>\n<strong>type de source lumineuse<\/strong>:Lumi\u00e8res LED<\/li>\n<li>\n<strong>Technologie<\/strong>:Gla\u00e7age \u00e0 la peinture en a\u00e9rosol<\/li>\n<li>\n<strong>trier par couleur<\/strong>:A single head &#8211; white light [walnut wood grain] A single head &#8211; warm light [walnut wood grain] A 3-head long plate &#8211; white light [walnut wood grain] A 3-head long plate &#8211; warm light [walnut wood grain] A 3-head round plate &#8211; white light [walnut wood grain] A 3-head round plate &#8211; warm light [walnut wood grain] A single head &#8211; neutral light [walnut wood grain + imported Purui] A 3-head long plate &#8211; neutral light [walnut wood grain + imported Purui] A 3-head round plate &#8211; neutral light [walnut wood grain + imported Purui] B three-head round plate &#8211; white light [walnut wood grain] B three-head round plate &#8211; warm light [walnut wood grain] B three-head straight plate &#8211; white light [walnut wood grain] B three-head straight plate &#8211; warm light [walnut wood grain]<\/li>\n<li>\n<strong>Num\u00e9ro de certificat 3C<\/strong>:2017171001001518<\/li>\n<\/ul>\n<p><img><\/p>","protected":false},"excerpt":{"rendered":"<p>brand:Huazhideng model:V883 style:Simple and modern Control Type:Other non-intelligent controls Main material of lamp body:iron Lampshade main material:PMMA high light transmittance<\/p>","protected":false},"featured_media":138223,"comment_status":"open","ping_status":"closed","template":"","meta":[],"product_brand":[],"product_cat":[30971,30864],"product_tag":[],"class_list":{"0":"post-79093","1":"product","2":"type-product","3":"status-publish","4":"has-post-thumbnail","6":"product_cat-hp","7":"product_cat-new-wholesales-lights","9":"first","10":"instock","11":"taxable","12":"shipping-taxable","13":"purchasable","14":"product-type-variable"},"_links":{"self":[{"href":"https:\/\/nexgendecors.com\/fr\/wp-json\/wp\/v2\/product\/79093","targetHints":{"allow":["GET"]}}],"collection":[{"href":"https:\/\/nexgendecors.com\/fr\/wp-json\/wp\/v2\/product"}],"about":[{"href":"https:\/\/nexgendecors.com\/fr\/wp-json\/wp\/v2\/types\/product"}],"replies":[{"embeddable":true,"href":"https:\/\/nexgendecors.com\/fr\/wp-json\/wp\/v2\/comments?post=79093"}],"version-history":[{"count":0,"href":"https:\/\/nexgendecors.com\/fr\/wp-json\/wp\/v2\/product\/79093\/revisions"}],"wp:featuredmedia":[{"embeddable":true,"href":"https:\/\/nexgendecors.com\/fr\/wp-json\/wp\/v2\/media\/138223"}],"wp:attachment":[{"href":"https:\/\/nexgendecors.com\/fr\/wp-json\/wp\/v2\/media?parent=79093"}],"wp:term":[{"taxonomy":"product_brand","embeddable":true,"href":"https:\/\/nexgendecors.com\/fr\/wp-json\/wp\/v2\/product_brand?post=79093"},{"taxonomy":"product_cat","embeddable":true,"href":"https:\/\/nexgendecors.com\/fr\/wp-json\/wp\/v2\/product_cat?post=79093"},{"taxonomy":"product_tag","embeddable":true,"href":"https:\/\/nexgendecors.com\/fr\/wp-json\/wp\/v2\/product_tag?post=79093"}],"curies":[{"name":"wp","href":"https:\/\/api.w.org\/{rel}","templated":true}]}}