{"id":79513,"date":"2025-01-26T03:39:39","date_gmt":"2025-01-26T03:39:39","guid":{"rendered":"https:\/\/nexgendecors.com\/product\/italian-minimalist-roach-castle-football-sofa-single-seat-internet-celebrity-bubble-bubble-designer-pumpkin-lazy-sofa\/"},"modified":"2025-04-06T09:34:57","modified_gmt":"2025-04-06T09:34:57","slug":"italian-minimalist-roach-castle-football-sofa-single-seat-internet-celebrity-bubble-bubble-designer-pumpkin-lazy-sofa","status":"publish","type":"product","link":"https:\/\/nexgendecors.com\/fr\/product\/italian-minimalist-roach-castle-football-sofa-single-seat-internet-celebrity-bubble-bubble-designer-pumpkin-lazy-sofa\/","title":{"rendered":"Roach Castle Bubble Pumpkin Sofa &#8211; Italian Minimalist Style"},"content":{"rendered":"<ul>\n<li>\n<strong>marque<\/strong>:Fei Shang Li Jia<\/li>\n<li>\n<strong>mod\u00e8le<\/strong>:FSLJ-ZQSF<\/li>\n<li>\n<strong>Mat\u00e9riel<\/strong>:\u00e9ponge<\/li>\n<li>\n<strong>Tissu<\/strong>:3D Fabrics<\/li>\n<li>\n<strong>mod\u00e8le<\/strong>:Art<\/li>\n<li>\n<strong>style<\/strong>:Minimalisme italien<\/li>\n<li>\n<strong>Combien de personnes sont assises<\/strong>:Single (118*115*68cm) + footstool (80*36cm) Single (118*115*68cm) without footstool<\/li>\n<li>\n<strong>trier par couleur<\/strong>:Fruit green [one-piece shaping cotton + 3D magic picture fabric] Klein blue [one-piece shaping cotton + 3D magic picture fabric] Red [one-piece shaping cotton + 3D magic picture fabric] Orange [one-piece shaping cotton + 3D magic picture fabric] Purple [one-piece shaping cotton + 3D magic picture fabric] Gray [one-piece shaping cotton + 3D magic picture fabric] One-piece high-purity shaping cotton + imported thickened 3D stereoscopic magic picture fabric [customized price supplement special shooting]<\/li>\n<li>\n<strong>Remplissage<\/strong>:\u00e9ponge<\/li>\n<li>\n<strong>Est-ce personnalisable ?<\/strong>:Oui<\/li>\n<li>\n<strong>Combinaison de canap\u00e9<\/strong>:autre<\/li>\n<li>\n<strong>Est-il amovible et lavable ?<\/strong>:Non<\/li>\n<li>\n<strong>Fonctionnalit\u00e9s suppl\u00e9mentaires<\/strong>:Autre<\/li>\n<li>\n<strong>Appropri\u00e9<\/strong>:G\u00e9n\u00e9ral<\/li>\n<li>\n<strong>Y a-t-il un espace de stockage ?<\/strong>:Non<\/li>\n<li>\n<strong>Livraison\/installation disponible<\/strong>:Other cities in China Nanchang Harbin Dalian Shenyang Xi&#8217;an Guiyang Zhengzhou Jinhua Changsha Beijing Changzhou Shanghai Dongguan Guangzhou Foshan Shenzhen Hangzhou Fuzhou Ningbo Wenzhou Nanjing Chengdu Nanning Qingdao Suzhou Taizhou Tianjin Wuxi Wuhan Xiamen Chongqing<\/li>\n<li>\n<strong>Origine<\/strong>:Province du Hebei<\/li>\n<li>\n<strong>Assembler<\/strong>:Non<\/li>\n<li>\n<strong>volume du colis<\/strong>:1<\/li>\n<li>\n<strong>La pr\u00e9vente est-elle disponible ?<\/strong>:Oui<\/li>\n<li>\n<strong>Un taxi est-il disponible pour le transport ?<\/strong>:Non<\/li>\n<li>\n<strong>Duret\u00e9 du remplissage<\/strong>:Duret\u00e9 et douceur mod\u00e9r\u00e9es<\/li>\n<li>\n<strong>Positionnement de style<\/strong>:Style artistique<\/li>\n<li>\n<strong>Instructions d&#039;installation d\u00e9taill\u00e9es<\/strong>:Aucune instruction d&#039;installation<\/li>\n<\/ul>\n<p><img><\/p>","protected":false},"excerpt":{"rendered":"<p>brand:Fei Shang Li Jia model:FSLJ-ZQSF Material:sponge Fabric:3D Fabrics pattern:Art style:Italian minimalism How many people sit:Single (118*115*68cm) + footstool (80*36cm) Single<\/p>","protected":false},"featured_media":138578,"comment_status":"open","ping_status":"closed","template":"","meta":[],"product_brand":[],"product_cat":[30902,30855,30862,30971,30865,30850],"product_tag":[],"class_list":{"0":"post-79513","1":"product","2":"type-product","3":"status-publish","4":"has-post-thumbnail","6":"product_cat-bs-chairs","7":"product_cat-wholesale-chairs","8":"product_cat-wholesales-hotels","9":"product_cat-hp","10":"product_cat-wholesales-salons-shops","11":"product_cat-wholesale-furniture","13":"first","14":"instock","15":"taxable","16":"shipping-taxable","17":"purchasable","18":"product-type-variable"},"_links":{"self":[{"href":"https:\/\/nexgendecors.com\/fr\/wp-json\/wp\/v2\/product\/79513","targetHints":{"allow":["GET"]}}],"collection":[{"href":"https:\/\/nexgendecors.com\/fr\/wp-json\/wp\/v2\/product"}],"about":[{"href":"https:\/\/nexgendecors.com\/fr\/wp-json\/wp\/v2\/types\/product"}],"replies":[{"embeddable":true,"href":"https:\/\/nexgendecors.com\/fr\/wp-json\/wp\/v2\/comments?post=79513"}],"version-history":[{"count":0,"href":"https:\/\/nexgendecors.com\/fr\/wp-json\/wp\/v2\/product\/79513\/revisions"}],"wp:featuredmedia":[{"embeddable":true,"href":"https:\/\/nexgendecors.com\/fr\/wp-json\/wp\/v2\/media\/138578"}],"wp:attachment":[{"href":"https:\/\/nexgendecors.com\/fr\/wp-json\/wp\/v2\/media?parent=79513"}],"wp:term":[{"taxonomy":"product_brand","embeddable":true,"href":"https:\/\/nexgendecors.com\/fr\/wp-json\/wp\/v2\/product_brand?post=79513"},{"taxonomy":"product_cat","embeddable":true,"href":"https:\/\/nexgendecors.com\/fr\/wp-json\/wp\/v2\/product_cat?post=79513"},{"taxonomy":"product_tag","embeddable":true,"href":"https:\/\/nexgendecors.com\/fr\/wp-json\/wp\/v2\/product_tag?post=79513"}],"curies":[{"name":"wp","href":"https:\/\/api.w.org\/{rel}","templated":true}]}}