{"id":79810,"date":"2025-01-26T03:40:08","date_gmt":"2025-01-26T03:40:08","guid":{"rendered":"https:\/\/nexgendecors.com\/product\/rose-gold-hexagonal-wall-sticker-mosaic-decorative-background-wall-self-adhesive-art-tile-metal-stainless-steel-background-brick\/"},"modified":"2025-04-15T11:18:09","modified_gmt":"2025-04-15T11:18:09","slug":"rose-gold-hexagonal-wall-sticker-mosaic-decorative-background-wall-self-adhesive-art-tile-metal-stainless-steel-background-brick","status":"publish","type":"product","link":"https:\/\/nexgendecors.com\/fr\/product\/rose-gold-hexagonal-wall-sticker-mosaic-decorative-background-wall-self-adhesive-art-tile-metal-stainless-steel-background-brick\/","title":{"rendered":"Sticker mural hexagonal or rose - Carrelage d'art autocollant"},"content":{"rendered":"<li title=\"Yang song\"><font style=\"vertical-align: inherit;\"><font style=\"vertical-align: inherit;\">Brand: Yangge<\/font><\/font><\/li>\n<li title=\"Hexagon Elf Rose Gold Series\"><font style=\"vertical-align: inherit;\"><font style=\"vertical-align: inherit;\">Model: Hexagonal Elf Rose Gold Series<\/font><\/font><\/li>\n<li title=\"M\u00e9tal\"><font style=\"vertical-align: inherit;\"><font style=\"vertical-align: inherit;\">material: metal<\/font><\/font><\/li>\n<li title=\"Simple et moderne\"><font style=\"vertical-align: inherit;\"><font style=\"vertical-align: inherit;\">Style : simple et moderne<\/font><\/font><\/li>\n<li title=\"Chine continentale\"><font style=\"vertical-align: inherit;\"><font style=\"vertical-align: inherit;\">Origine : Chine continentale<\/font><\/font><\/li>\n<li title=\"mur int\u00e9rieur\"><font style=\"vertical-align: inherit;\"><font style=\"vertical-align: inherit;\">Espace applicable : mur int\u00e9rieur<\/font><\/font><\/li>\n<li title=\"Hexagon - Rose Gold Hexagon - Vintage Gold\"><font style=\"vertical-align: inherit;\"><font style=\"vertical-align: inherit;\">Color classification: Hexagonal Elf-Rose Gold Hexagonal Elf-Retro Gold<\/font><\/font><\/li>\n<li title=\"Logistique porte-\u00e0-porte dans la m\u00eame ville\"><font style=\"vertical-align: inherit;\"><font style=\"vertical-align: inherit;\">Service dans la m\u00eame ville : logistique porte-\u00e0-porte dans la m\u00eame ville<\/font><\/font><\/li>\n<li title=\"Salle de bain, chambre \u00e0 coucher, salon, cuisine, balcon, v\u00e9randa, mur d&#039;arri\u00e8re-plan de toute la maison\"><font style=\"vertical-align: inherit;\"><font style=\"vertical-align: inherit;\">Classification de l&#039;espace de d\u00e9coration : salle de bain chambre salon cuisine balcon v\u00e9randa toute la maison mur de fond<\/font><\/font><\/li>\n<li title=\"0.057\u33a1\"><font style=\"vertical-align: inherit;\"><font style=\"vertical-align: inherit;\">Pricing unit: 0.057\u33a1<\/font><\/font><\/li>\n<li title=\"0,5% ou plus\"><font style=\"vertical-align: inherit;\"><font style=\"vertical-align: inherit;\">Absorption d&#039;eau : plus de 0,5%<\/font><\/font><\/li>","protected":false},"excerpt":{"rendered":"<p>Marque : Yangge Mod\u00e8le : Hexagonal Elf Rose Gold Series Mat\u00e9riau : m\u00e9tal Style : simple et moderne Origine : Chine Chine continentale Espace concern\u00e9 : int\u00e9rieur<\/p>","protected":false},"featured_media":138771,"comment_status":"open","ping_status":"closed","template":"","meta":[],"product_brand":[],"product_cat":[30971,30986,30878],"product_tag":[],"class_list":{"0":"post-79810","1":"product","2":"type-product","3":"status-publish","4":"has-post-thumbnail","6":"product_cat-hp","7":"product_cat-tiles-wall-bricks","8":"product_cat-wall-panel","10":"first","11":"instock","12":"sale","13":"taxable","14":"shipping-taxable","15":"purchasable","16":"product-type-variable"},"_links":{"self":[{"href":"https:\/\/nexgendecors.com\/fr\/wp-json\/wp\/v2\/product\/79810","targetHints":{"allow":["GET"]}}],"collection":[{"href":"https:\/\/nexgendecors.com\/fr\/wp-json\/wp\/v2\/product"}],"about":[{"href":"https:\/\/nexgendecors.com\/fr\/wp-json\/wp\/v2\/types\/product"}],"replies":[{"embeddable":true,"href":"https:\/\/nexgendecors.com\/fr\/wp-json\/wp\/v2\/comments?post=79810"}],"version-history":[{"count":0,"href":"https:\/\/nexgendecors.com\/fr\/wp-json\/wp\/v2\/product\/79810\/revisions"}],"wp:featuredmedia":[{"embeddable":true,"href":"https:\/\/nexgendecors.com\/fr\/wp-json\/wp\/v2\/media\/138771"}],"wp:attachment":[{"href":"https:\/\/nexgendecors.com\/fr\/wp-json\/wp\/v2\/media?parent=79810"}],"wp:term":[{"taxonomy":"product_brand","embeddable":true,"href":"https:\/\/nexgendecors.com\/fr\/wp-json\/wp\/v2\/product_brand?post=79810"},{"taxonomy":"product_cat","embeddable":true,"href":"https:\/\/nexgendecors.com\/fr\/wp-json\/wp\/v2\/product_cat?post=79810"},{"taxonomy":"product_tag","embeddable":true,"href":"https:\/\/nexgendecors.com\/fr\/wp-json\/wp\/v2\/product_tag?post=79810"}],"curies":[{"name":"wp","href":"https:\/\/api.w.org\/{rel}","templated":true}]}}