{"id":80060,"date":"2025-01-26T03:40:41","date_gmt":"2025-01-26T03:40:41","guid":{"rendered":"https:\/\/nexgendecors.com\/product\/saba-pixel-leather-sofa-italian-minimalist-horizontal-hall-large-flat-villa-module-tofu-block-sofa-2024-new\/"},"modified":"2025-04-06T09:35:56","modified_gmt":"2025-04-06T09:35:56","slug":"saba-pixel-leather-sofa-italian-minimalist-horizontal-hall-large-flat-villa-module-tofu-block-sofa-2024-new","status":"publish","type":"product","link":"https:\/\/nexgendecors.com\/fr\/product\/saba-pixel-leather-sofa-italian-minimalist-horizontal-hall-large-flat-villa-module-tofu-block-sofa-2024-new\/","title":{"rendered":"Saba Pixel Leather Sofa &#8211; Italian Minimalist Design"},"content":{"rendered":"<ul>\n<li>\n<strong>Y a-t-il un espace de stockage ?<\/strong>:Non<\/li>\n<li>\n<strong>style<\/strong>:Minimalisme italien<\/li>\n<li>\n<strong>Assembler<\/strong>:Non<\/li>\n<li>\n<strong>La pr\u00e9vente est-elle disponible ?<\/strong>:Non<\/li>\n<li>\n<strong>Fonctionnalit\u00e9s suppl\u00e9mentaires<\/strong>:il peut bouger<\/li>\n<li>\n<strong>volume du colis<\/strong>:1<\/li>\n<li>\n<strong>Remplissage<\/strong>:Sponge + latex<\/li>\n<li>\n<strong>Combinaison de canap\u00e9<\/strong>:droit<\/li>\n<li>\n<strong>Positionnement de style<\/strong>:Style artistique<\/li>\n<li>\n<strong>Gamme de finitions en cuir<\/strong>:Surface de contact en cuir<\/li>\n<li>\n<strong>trier par couleur<\/strong>:[Free door-to-door delivery nationwide] For specific store addresses, please consult customer service 224cm [Deluxe Edition] Contact surface leather &#8211; 2.0mm thickened tumbled pattern + washed latex + violet + manganese steel spring 254cm [Deluxe Edition] Contact surface leather &#8211; 2.0mm thickened tumbled pattern + washed latex + violet + manganese steel spring 284cm [Deluxe Edition] Contact surface leather &#8211; 2.0mm thickened tumbled pattern + washed latex + violet + manganese steel spring 314cm [Deluxe Edition] Contact surface leather &#8211; 2.0mm thickened tumbled pattern + washed latex + violet + manganese steel spring 344cm [Deluxe Edition] Contact surface leather &#8211; 2.0mm thickened tumbled pattern + washed latex + violet + manganese steel spring 374cm [Deluxe Edition] Contact surface leather &#8211; 2.0mm thickened Tumbled pattern + washed latex + violet + manganese steel spring 224cm [Flagship Edition] All leather-2.0mm thickened tumbled pattern + washed latex + violet + manganese steel spring 254cm [Flagship Edition] All leather-2.0mm thickened tumbled pattern + washed latex + violet + manganese steel spring 284cm [Flagship Edition] All leather-2.0mm thickened tumbled pattern + washed latex + violet + manganese steel spring 314cm [Flagship Edition] All leather-2.0mm thickened tumbled pattern + washed latex + violet + manganese steel spring 344cm [Flagship Edition] All leather-2.0mm thickened tumbled pattern + washed latex + violet + manganese steel spring 374cm [Flagship Edition] All leather-2.0mm thickened tumbled pattern + washed latex + violet + manganese steel spring<\/li>\n<li>\n<strong>marque<\/strong>:Artisan de tendance artistique<\/li>\n<li>\n<strong>mod\u00e8le<\/strong>:5586<\/li>\n<li>\n<strong>\u00e9l\u00e9ments populaires<\/strong>:Buckle color matching metal<\/li>\n<li>\n<strong>Mati\u00e8re cuir<\/strong>:Couche sup\u00e9rieure de cuir de vache<\/li>\n<li>\n<strong>Duret\u00e9 du remplissage<\/strong>:Duret\u00e9 et douceur mod\u00e9r\u00e9es<\/li>\n<li>\n<strong>Appropri\u00e9<\/strong>:Adultes<\/li>\n<li>\n<strong>Technologie structurelle<\/strong>:Art du cuir<\/li>\n<li>\n<strong>Est-ce personnalisable ?<\/strong>:Non<\/li>\n<li>\n<strong>Mat\u00e9riel<\/strong>:Pin<\/li>\n<li>\n<strong>Instructions d&#039;installation d\u00e9taill\u00e9es<\/strong>:Installation par le ma\u00eetre<\/li>\n<li>\n<strong>mod\u00e8le<\/strong>:Art<\/li>\n<li>\n<strong>Un taxi est-il disponible pour le transport ?<\/strong>:Non<\/li>\n<li>\n<strong>Livraison\/installation disponible<\/strong>:Foshan Zhengzhou Guiyang Guangzhou Fuzhou Harbin Xiamen Chongqing Changzhou Suzhou Xi&#039;an Shenzhen Nanjing Changsha P\u00e9kin Qingdao Wuxi Chengdu Shanghai Wuhan Nanning National Shenyang Dalian Taizhou Dongguan Tianjin Autre Jinhua Hangzhou Nanchang Ningbo Wenzhou<\/li>\n<li>\n<strong>Processus de finition du cuir<\/strong>:Cuir<\/li>\n<\/ul>\n<p><img><\/p>","protected":false},"excerpt":{"rendered":"<p>Is there storage space?:no style:Italian minimalism Assemble:no Is pre-sale available?:no Additional features:it can move package volume:1 Filling:Sponge + latex Sofa<\/p>","protected":false},"featured_media":139071,"comment_status":"open","ping_status":"closed","template":"","meta":[],"product_brand":[],"product_cat":[30971,30850],"product_tag":[],"class_list":{"0":"post-80060","1":"product","2":"type-product","3":"status-publish","4":"has-post-thumbnail","6":"product_cat-hp","7":"product_cat-wholesale-furniture","9":"first","10":"instock","11":"taxable","12":"shipping-taxable","13":"purchasable","14":"product-type-simple"},"_links":{"self":[{"href":"https:\/\/nexgendecors.com\/fr\/wp-json\/wp\/v2\/product\/80060","targetHints":{"allow":["GET"]}}],"collection":[{"href":"https:\/\/nexgendecors.com\/fr\/wp-json\/wp\/v2\/product"}],"about":[{"href":"https:\/\/nexgendecors.com\/fr\/wp-json\/wp\/v2\/types\/product"}],"replies":[{"embeddable":true,"href":"https:\/\/nexgendecors.com\/fr\/wp-json\/wp\/v2\/comments?post=80060"}],"version-history":[{"count":0,"href":"https:\/\/nexgendecors.com\/fr\/wp-json\/wp\/v2\/product\/80060\/revisions"}],"wp:featuredmedia":[{"embeddable":true,"href":"https:\/\/nexgendecors.com\/fr\/wp-json\/wp\/v2\/media\/139071"}],"wp:attachment":[{"href":"https:\/\/nexgendecors.com\/fr\/wp-json\/wp\/v2\/media?parent=80060"}],"wp:term":[{"taxonomy":"product_brand","embeddable":true,"href":"https:\/\/nexgendecors.com\/fr\/wp-json\/wp\/v2\/product_brand?post=80060"},{"taxonomy":"product_cat","embeddable":true,"href":"https:\/\/nexgendecors.com\/fr\/wp-json\/wp\/v2\/product_cat?post=80060"},{"taxonomy":"product_tag","embeddable":true,"href":"https:\/\/nexgendecors.com\/fr\/wp-json\/wp\/v2\/product_tag?post=80060"}],"curies":[{"name":"wp","href":"https:\/\/api.w.org\/{rel}","templated":true}]}}