{"id":80061,"date":"2025-01-26T03:40:42","date_gmt":"2025-01-26T03:40:42","guid":{"rendered":"https:\/\/nexgendecors.com\/product\/safavieh-adirondack-collection-area-rug-8-x-10-silver-black-modern-ombre-design-non-shedding-easy-care-ideal-for-high-traffic-areas-in-living-room-bedroom-adr113a1711876923350\/"},"modified":"2025-04-06T09:36:01","modified_gmt":"2025-04-06T09:36:01","slug":"safavieh-adirondack-collection-area-rug-8-x-10-silver-black-modern-ombre-design-non-shedding-easy-care-ideal-for-high-traffic-areas-in-living-room-bedroom-adr113a1711876923350","status":"publish","type":"product","link":"https:\/\/nexgendecors.com\/fr\/product\/safavieh-adirondack-collection-area-rug-8-x-10-silver-black-modern-ombre-design-non-shedding-easy-care-ideal-for-high-traffic-areas-in-living-room-bedroom-adr113a1711876923350\/","title":{"rendered":"Tapis Adirondack SAFAVIEH 8\u00d710 Ombre \u2013 Argent\/Noir"},"content":{"rendered":"<p><strong>\ud83c\udf1f Safavieh Modern Abstract Area Rug: Stain-Resistant, Stylish &#038; Family-Friendly \ud83c\udf1f<\/strong><\/p>\n<p>\ud83c\udf10 <strong>Quality &#038; Material<\/strong>:<\/p>\n<ul>\n<li>\n<strong>Stain Resistant &#038; Non-Shedding<\/strong>: Expertly machine-woven from durable synthetic fibers with a virtually non-shedding 0.45-inch thick pile.<\/li>\n<li>\n<strong>Sunlight Protection<\/strong>: Keep your rug away from direct sunlight to maintain its vibrant colors and prevent fading over time.<\/li>\n<\/ul>\n<p>\ud83d\udc68\u200d\ud83d\udc69\u200d\ud83d\udc67\u200d\ud83d\udc66 <strong>Kid and Pet-Friendly<\/strong>:<\/p>\n<ul>\n<li>Designed for everyday indoor use, it&#8217;s safe for high foot traffic areas and resilient against life&#8217;s unpredictable messes from kids or pets.<\/li>\n<\/ul>\n<p>\ud83c\udfa8 <strong>Trendy Modern Abstract Design<\/strong>:<\/p>\n<ul>\n<li>\n<strong>Enhances Any Room<\/strong>: Beautifully complements various rooms including the living room, dining room, bedroom, entryway, nursery, dorm room, study, home office, or eat-in kitchen.<\/li>\n<\/ul>\n<p>\ud83e\uddfc <strong>Easy Maintenance &#038; Longevity<\/strong>:<\/p>\n<ul>\n<li>\n<strong>Cleaning<\/strong>: Stress-free maintenance with regular vacuuming and gentle blotting for minor stains using mild detergent or carpet cleaner.<\/li>\n<\/ul>\n<p>\ud83d\udce6 <strong>Product Notes<\/strong>:<\/p>\n<ul>\n<li>\n<strong>Temporary Creases<\/strong>: Rugs may arrive with temporary creases; allow time for them to flatten and settle.<\/li>\n<li>\n<strong>Flattening Edges<\/strong>: Flatten out curled edges by weighing them down with something heavy on each corner or flip the rug upside down. Curved edges should lie flat within a few days after the rug is unrolled.<\/li>\n<\/ul>\n<p>\ud83c\udf1f <strong>Trusted Brand<\/strong>:<\/p>\n<ul>\n<li>\n<strong>SAFAVIEH<\/strong>: A reputable leader in home furnishings for over a century, renowned for crafting trendy, high-quality designs.<\/li>\n<li>\n<strong>Extensive Collection<\/strong>: Explore over 100,000 products and start your rug search with Safavieh&#8217;s unmatched expertise.<\/li>\n<\/ul>\n<p>Elevate your living space with Safavieh&#8217;s stylish and durable modern abstract area rug. <strong>Order now to add a touch of elegance to your home!<\/strong><\/p>","protected":false},"excerpt":{"rendered":"<p>\ud83c\udf1f Tapis abstrait moderne Safavieh : r\u00e9sistant aux taches, \u00e9l\u00e9gant et adapt\u00e9 aux familles \ud83c\udf1f \ud83c\udf10 Qualit\u00e9 et mat\u00e9riau : r\u00e9sistant aux taches et ne perd pas ses poils : expertement<\/p>","protected":false},"featured_media":139075,"comment_status":"open","ping_status":"closed","template":"","meta":[],"product_brand":[],"product_cat":[30828,30971,30871],"product_tag":[],"class_list":{"0":"post-80061","1":"product","2":"type-product","3":"status-publish","4":"has-post-thumbnail","6":"product_cat-furnishing","7":"product_cat-hp","8":"product_cat-rug","10":"first","11":"instock","12":"taxable","13":"shipping-taxable","14":"purchasable","15":"product-type-variable"},"_links":{"self":[{"href":"https:\/\/nexgendecors.com\/fr\/wp-json\/wp\/v2\/product\/80061","targetHints":{"allow":["GET"]}}],"collection":[{"href":"https:\/\/nexgendecors.com\/fr\/wp-json\/wp\/v2\/product"}],"about":[{"href":"https:\/\/nexgendecors.com\/fr\/wp-json\/wp\/v2\/types\/product"}],"replies":[{"embeddable":true,"href":"https:\/\/nexgendecors.com\/fr\/wp-json\/wp\/v2\/comments?post=80061"}],"version-history":[{"count":0,"href":"https:\/\/nexgendecors.com\/fr\/wp-json\/wp\/v2\/product\/80061\/revisions"}],"wp:featuredmedia":[{"embeddable":true,"href":"https:\/\/nexgendecors.com\/fr\/wp-json\/wp\/v2\/media\/139075"}],"wp:attachment":[{"href":"https:\/\/nexgendecors.com\/fr\/wp-json\/wp\/v2\/media?parent=80061"}],"wp:term":[{"taxonomy":"product_brand","embeddable":true,"href":"https:\/\/nexgendecors.com\/fr\/wp-json\/wp\/v2\/product_brand?post=80061"},{"taxonomy":"product_cat","embeddable":true,"href":"https:\/\/nexgendecors.com\/fr\/wp-json\/wp\/v2\/product_cat?post=80061"},{"taxonomy":"product_tag","embeddable":true,"href":"https:\/\/nexgendecors.com\/fr\/wp-json\/wp\/v2\/product_tag?post=80061"}],"curies":[{"name":"wp","href":"https:\/\/api.w.org\/{rel}","templated":true}]}}