{"id":80558,"date":"2025-01-26T03:41:13","date_gmt":"2025-01-26T03:41:13","guid":{"rendered":"https:\/\/nexgendecors.com\/product\/safavieh-courtyard-collection-area-rug-9-x-12-black-bone-stripe-design-non-shedding-easy-care-indoor-outdoor-washable-ideal-for-patio-backyard-mudroom-cy6062-2161711876923327\/"},"modified":"2025-04-06T09:36:27","modified_gmt":"2025-04-06T09:36:27","slug":"safavieh-courtyard-collection-area-rug-9-x-12-black-bone-stripe-design-non-shedding-easy-care-indoor-outdoor-washable-ideal-for-patio-backyard-mudroom-cy6062-2161711876923327","status":"publish","type":"product","link":"https:\/\/nexgendecors.com\/fr\/product\/safavieh-courtyard-collection-area-rug-9-x-12-black-bone-stripe-design-non-shedding-easy-care-indoor-outdoor-washable-ideal-for-patio-backyard-mudroom-cy6062-2161711876923327\/","title":{"rendered":"Tapis \u00e0 rayures noires et os SAFAVIEH 9\u2032 x 12\u2032"},"content":{"rendered":"<p><strong>\ud83c\udf1f Safavieh Weather-Resistant Area Rug: Stain, Weather, &#038; UV-Resistant, Kid &#038; Pet-Friendly \ud83c\udf1f<\/strong><\/p>\n<p>\ud83c\udf10 <strong>Quality &#038; Material<\/strong>:<\/p>\n<ul>\n<li>\n<strong>Stain, Weather, &#038; UV-Resistant<\/strong>: Expertly machine-woven from enhanced synthetic durable fibers that can withstand stains, weather conditions, and UV exposure.<\/li>\n<li>\n<strong>Non-Shedding<\/strong>: Features a non-shedding 0.25-inch thick pile for long-lasting use.<\/li>\n<\/ul>\n<p>\ud83d\udc68\u200d\ud83d\udc69\u200d\ud83d\udc67\u200d\ud83d\udc66 <strong>Kid &#038; Pet-Friendly<\/strong>:<\/p>\n<ul>\n<li>Suitable for both indoor and outdoor use, designed to handle high foot traffic and messes from kids or pets.<\/li>\n<\/ul>\n<p>\ud83e\uddfc <strong>Easy Maintenance &#038; Longevity<\/strong>:<\/p>\n<ul>\n<li>\n<strong>Cleaning<\/strong>: Enjoy stress-free cleaning with regular vacuuming, or simply rinse with a garden hose using soapy water and air dry. For outdoor rugs, store away when not in use to prolong its life.<\/li>\n<\/ul>\n<p>\ud83d\udce6 <strong>Product Note<\/strong>:<\/p>\n<ul>\n<li>\n<strong>Temporary Creases<\/strong>: Rugs may arrive with temporary creases; allow time for them to flatten and settle.<\/li>\n<\/ul>\n<p>\ud83c\udf1f <strong>Trusted Brand<\/strong>:<\/p>\n<ul>\n<li>\n<strong>SAFAVIEH<\/strong>: A reputable leader in home furnishings for over a century, known for crafting trendy, high-quality designs.<\/li>\n<li>\n<strong>Extensive Collection<\/strong>: Explore over 100,000 products and start your rug search with Safavieh&#8217;s unparalleled expertise.<\/li>\n<\/ul>\n<p>Experience the combination of style, durability, and convenience with Safavieh&#8217;s weather-resistant area rug. <strong>Order now to enhance your indoor or outdoor living space!<\/strong><\/p>","protected":false},"excerpt":{"rendered":"<p>\ud83c\udf1f Tapis r\u00e9sistant aux intemp\u00e9ries Safavieh : r\u00e9sistant aux taches, aux intemp\u00e9ries et aux UV, adapt\u00e9 aux enfants et aux animaux de compagnie \ud83c\udf1f \ud83c\udf10 Qualit\u00e9 et mat\u00e9riau : r\u00e9sistant aux taches, aux intemp\u00e9ries et<\/p>","protected":false},"featured_media":139445,"comment_status":"open","ping_status":"closed","template":"","meta":[],"product_brand":[],"product_cat":[30828,30971,30871],"product_tag":[],"class_list":{"0":"post-80558","1":"product","2":"type-product","3":"status-publish","4":"has-post-thumbnail","6":"product_cat-furnishing","7":"product_cat-hp","8":"product_cat-rug","10":"first","11":"instock","12":"taxable","13":"shipping-taxable","14":"purchasable","15":"product-type-variable"},"_links":{"self":[{"href":"https:\/\/nexgendecors.com\/fr\/wp-json\/wp\/v2\/product\/80558","targetHints":{"allow":["GET"]}}],"collection":[{"href":"https:\/\/nexgendecors.com\/fr\/wp-json\/wp\/v2\/product"}],"about":[{"href":"https:\/\/nexgendecors.com\/fr\/wp-json\/wp\/v2\/types\/product"}],"replies":[{"embeddable":true,"href":"https:\/\/nexgendecors.com\/fr\/wp-json\/wp\/v2\/comments?post=80558"}],"version-history":[{"count":0,"href":"https:\/\/nexgendecors.com\/fr\/wp-json\/wp\/v2\/product\/80558\/revisions"}],"wp:featuredmedia":[{"embeddable":true,"href":"https:\/\/nexgendecors.com\/fr\/wp-json\/wp\/v2\/media\/139445"}],"wp:attachment":[{"href":"https:\/\/nexgendecors.com\/fr\/wp-json\/wp\/v2\/media?parent=80558"}],"wp:term":[{"taxonomy":"product_brand","embeddable":true,"href":"https:\/\/nexgendecors.com\/fr\/wp-json\/wp\/v2\/product_brand?post=80558"},{"taxonomy":"product_cat","embeddable":true,"href":"https:\/\/nexgendecors.com\/fr\/wp-json\/wp\/v2\/product_cat?post=80558"},{"taxonomy":"product_tag","embeddable":true,"href":"https:\/\/nexgendecors.com\/fr\/wp-json\/wp\/v2\/product_tag?post=80558"}],"curies":[{"name":"wp","href":"https:\/\/api.w.org\/{rel}","templated":true}]}}