{"id":81415,"date":"2025-01-26T03:42:42","date_gmt":"2025-01-26T03:42:42","guid":{"rendered":"https:\/\/nexgendecors.com\/product\/sales-office-sofa-high-end-club-lobby-reception-area-three-seater-hotel-exhibition-hall-negotiation-table-and-chair-combination\/"},"modified":"2025-04-06T09:37:45","modified_gmt":"2025-04-06T09:37:45","slug":"sales-office-sofa-high-end-club-lobby-reception-area-three-seater-hotel-exhibition-hall-negotiation-table-and-chair-combination","status":"publish","type":"product","link":"https:\/\/nexgendecors.com\/fr\/product\/sales-office-sofa-high-end-club-lobby-reception-area-three-seater-hotel-exhibition-hall-negotiation-table-and-chair-combination\/","title":{"rendered":"Canap\u00e9 trois places haut de gamme pour hall d&#039;h\u00f4tel et r\u00e9ception"},"content":{"rendered":"<ul>\n<li>\n<strong>marque<\/strong>:Nordic home delivery<\/li>\n<li>\n<strong>mod\u00e8le<\/strong>:44451<\/li>\n<li>\n<strong>Mat\u00e9riel<\/strong>:M\u00e9tal<\/li>\n<li>\n<strong>mod\u00e8le<\/strong>:Art<\/li>\n<li>\n<strong>style<\/strong>:Europ\u00e9en<\/li>\n<li>\n<strong>trier par couleur<\/strong>:3+1+1+tea table (brown), 3+1+1+tea table (orange), one table and four chairs round table 70 (brown), one table and four chairs round table 70 (orange), three-person sofa (brown), three-person sofa (orange), double sofa (brown), double sofa (orange), single sofa (brown), single sofa (orange), diameter 60 round table, diameter 70 round table, diameter 80 round table, 120*60*50 tea table<\/li>\n<li>\n<strong>Remplissage<\/strong>:\u00e9ponge<\/li>\n<li>\n<strong>Technologie structurelle<\/strong>:Artisanat du bois<\/li>\n<li>\n<strong>Technologie des structures en bois<\/strong>:flexion<\/li>\n<li>\n<strong>Est-ce personnalisable ?<\/strong>:Non<\/li>\n<li>\n<strong>Combinaison de canap\u00e9<\/strong>:En forme de U<\/li>\n<li>\n<strong>Fonctionnalit\u00e9s suppl\u00e9mentaires<\/strong>:Multifonction<\/li>\n<li>\n<strong>Appropri\u00e9<\/strong>:Adultes<\/li>\n<li>\n<strong>Y a-t-il un espace de stockage ?<\/strong>:Non<\/li>\n<li>\n<strong>Mati\u00e8re cuir<\/strong>:Xipi<\/li>\n<li>\n<strong>Origine<\/strong>:Province du Fujian<\/li>\n<li>\n<strong>ville<\/strong>:Ville de Quanzhou<\/li>\n<li>\n<strong>Districts et comt\u00e9s<\/strong>:Comt\u00e9 d&#039;Anxi<\/li>\n<li>\n<strong>Assembler<\/strong>:Non<\/li>\n<li>\n<strong>volume du colis<\/strong>:1 m\u00e8tre cube<\/li>\n<li>\n<strong>Un taxi est-il disponible pour le transport ?<\/strong>:Non<\/li>\n<li>\n<strong>Duret\u00e9 du remplissage<\/strong>:doux<\/li>\n<li>\n<strong>Positionnement de style<\/strong>:Qualit\u00e9 Luxe<\/li>\n<li>\n<strong>Gamme de finitions en cuir<\/strong>:Surface de contact<\/li>\n<\/ul>\n<p><img><\/p>","protected":false},"excerpt":{"rendered":"<p>Marque : Nordic Home Delivery Mod\u00e8le : 44451 Mat\u00e9riau : M\u00e9tal Motif : Art Style : Europ\u00e9en Trier par couleur : 3+1+1+table \u00e0 th\u00e9 (marron), 3+1+1+table \u00e0 th\u00e9 (orange), une table et quatre chaises<\/p>","protected":false},"featured_media":140204,"comment_status":"open","ping_status":"closed","template":"","meta":[],"product_brand":[],"product_cat":[30862,30971,30856,30850],"product_tag":[],"class_list":{"0":"post-81415","1":"product","2":"type-product","3":"status-publish","4":"has-post-thumbnail","6":"product_cat-wholesales-hotels","7":"product_cat-hp","8":"product_cat-outdoor-furniture","9":"product_cat-wholesale-furniture","11":"first","12":"instock","13":"sale","14":"taxable","15":"shipping-taxable","16":"purchasable","17":"product-type-variable"},"_links":{"self":[{"href":"https:\/\/nexgendecors.com\/fr\/wp-json\/wp\/v2\/product\/81415","targetHints":{"allow":["GET"]}}],"collection":[{"href":"https:\/\/nexgendecors.com\/fr\/wp-json\/wp\/v2\/product"}],"about":[{"href":"https:\/\/nexgendecors.com\/fr\/wp-json\/wp\/v2\/types\/product"}],"replies":[{"embeddable":true,"href":"https:\/\/nexgendecors.com\/fr\/wp-json\/wp\/v2\/comments?post=81415"}],"version-history":[{"count":0,"href":"https:\/\/nexgendecors.com\/fr\/wp-json\/wp\/v2\/product\/81415\/revisions"}],"wp:featuredmedia":[{"embeddable":true,"href":"https:\/\/nexgendecors.com\/fr\/wp-json\/wp\/v2\/media\/140204"}],"wp:attachment":[{"href":"https:\/\/nexgendecors.com\/fr\/wp-json\/wp\/v2\/media?parent=81415"}],"wp:term":[{"taxonomy":"product_brand","embeddable":true,"href":"https:\/\/nexgendecors.com\/fr\/wp-json\/wp\/v2\/product_brand?post=81415"},{"taxonomy":"product_cat","embeddable":true,"href":"https:\/\/nexgendecors.com\/fr\/wp-json\/wp\/v2\/product_cat?post=81415"},{"taxonomy":"product_tag","embeddable":true,"href":"https:\/\/nexgendecors.com\/fr\/wp-json\/wp\/v2\/product_tag?post=81415"}],"curies":[{"name":"wp","href":"https:\/\/api.w.org\/{rel}","templated":true}]}}