{"id":81436,"date":"2025-01-26T03:42:47","date_gmt":"2025-01-26T03:42:47","guid":{"rendered":"https:\/\/nexgendecors.com\/product\/school-canteen-dining-table-and-chair-combination-employee-canteen-dining-table-stainless-steel-dining-table-canteen-factory-canteen-dining-table-and-chairs\/"},"modified":"2025-04-07T14:23:20","modified_gmt":"2025-04-07T14:23:20","slug":"table-a-manger-et-chaises-combinees-pour-cantine-scolaire-table-a-manger-pour-cantine-des-employes-table-a-manger-en-acier-inoxydable-table-a-manger-et-chaises-pour-cantine-dusine","status":"publish","type":"product","link":"https:\/\/nexgendecors.com\/fr\/product\/table-a-manger-et-chaises-combinees-pour-cantine-scolaire-table-a-manger-pour-cantine-des-employes-table-a-manger-en-acier-inoxydable-table-a-manger-et-chaises-pour-cantine-dusine\/","title":{"rendered":"Ensemble table et chaises de cantine en acier inoxydable"},"content":{"rendered":"<ul>\n<li>\n<strong>style<\/strong>:Moderne et simple<\/li>\n<li>\n<strong>Assembler<\/strong>:Oui<\/li>\n<li>\n<strong>Mat\u00e9riau de finition<\/strong>:Acier inoxydable<\/li>\n<li>\n<strong>S&#039;il dispose d&#039;une fonction de cuisson \u00e0 induction<\/strong>:Non<\/li>\n<li>\n<strong>ville<\/strong>:Ville de Suzhou<\/li>\n<li>\n<strong>Districts et comt\u00e9s<\/strong>:District de Xiangcheng<\/li>\n<li>\n<strong>volume du colis<\/strong>:0.5<\/li>\n<li>\n<strong>forme<\/strong>:rectangle<\/li>\n<li>\n<strong>Nombre de couches<\/strong>:1 histoire<\/li>\n<li>\n<strong>Faut-il apporter une chaise ou un tabouret ?<\/strong>:Oui<\/li>\n<li>\n<strong>Structure du meuble<\/strong>:Structure de soutien<\/li>\n<li>\n<strong>Origine<\/strong>:Province du Jiangsu<\/li>\n<li>\n<strong>Y a-t-il une armoire ?<\/strong>:Non<\/li>\n<li>\n<strong>Type d&#039;emballage<\/strong>:Assembl\u00e9e<\/li>\n<li>\n<strong>Positionnement de style<\/strong>:\u00c9conomique<\/li>\n<li>\n<strong>trier par couleur<\/strong>: Kaki, Transparent, Jaune, Gingembre, Vert, Blanc, Bleu Paon, Bleu Lac, Jaune Citron, Noir, Couleur, Jaune Vif, Ch\u00eane, Bleu Ciel, Ch\u00eane Blanc, Ch\u00eane Fonc\u00e9, Ch\u00eane, Marron Fonc\u00e9, Kangbite, Six Personnes, Huit Personnes, Plateau en Acier Inoxydable, Acier Inoxydable Blanc, Bleu Roi, Orange et Vert, Acier Inoxydable 4 Personnes, Tabouret Rond en Acier Inoxydable, Ardoise Blanche, Plateau en Ardoise Ch\u00eane, Plateau en Ardoise Bleu et Vert, Jaune Ying, Marron Clair, Ch\u00eane Clair, Plaque d&#039;Acier, Table Carr\u00e9e en Fibre de Verre Color\u00e9e, Table Ronde en Fibre de Verre Color\u00e9e<\/li>\n<li>\n<strong>marque<\/strong>:Meubles color\u00e9s<\/li>\n<li>\n<strong>mod\u00e8le<\/strong>:Table \u00e0 manger et chaises monobloc<\/li>\n<li>\n<strong>\u00e9l\u00e9ments populaires<\/strong>:autre<\/li>\n<li>\n<strong>Que ce soit avec un rouleau<\/strong>:Non<\/li>\n<li>\n<strong>Le bureau est-il r\u00e9glable ?<\/strong>:Non<\/li>\n<li>\n<strong>Est-ce \u00e9volutif ?<\/strong>:Non<\/li>\n<li>\n<strong>Faut-il apporter une pompe ?<\/strong>:Non<\/li>\n<li>\n<strong>Faut-il apporter une platine vinyle ?<\/strong>:Non<\/li>\n<li>\n<strong>Est-ce personnalisable ?<\/strong>:Oui<\/li>\n<li>\n<strong>Fonction<\/strong>:Autre<\/li>\n<li>\n<strong>Instructions d&#039;installation d\u00e9taill\u00e9es<\/strong>:Fournir des instructions d&#039;installation<\/li>\n<li>\n<strong>Nombre de personnes applicable<\/strong>:4 personnes<\/li>\n<li>\n<strong>Un taxi est-il disponible pour le transport ?<\/strong>:Oui<\/li>\n<li>\n<strong><\/strong>:<\/li>\n<\/ul>\n<p><img><\/p>","protected":false},"excerpt":{"rendered":"<p>style:Moderne et simple Assembler:oui Mat\u00e9riau de finition:Acier inoxydable Fonction de plaque \u00e0 induction:non ville:Suzhou City Districts et comt\u00e9s:Xiangcheng District package<\/p>","protected":false},"featured_media":192370,"comment_status":"open","ping_status":"closed","template":"","meta":[],"product_brand":[],"product_cat":[30900,30971,30866],"product_tag":[],"class_list":{"0":"post-81436","1":"product","2":"type-product","3":"status-publish","4":"has-post-thumbnail","6":"product_cat-bs-school","7":"product_cat-hp","8":"product_cat-wholesales-university-high-schools","10":"first","11":"instock","12":"taxable","13":"shipping-taxable","14":"purchasable","15":"product-type-variable"},"_links":{"self":[{"href":"https:\/\/nexgendecors.com\/fr\/wp-json\/wp\/v2\/product\/81436","targetHints":{"allow":["GET"]}}],"collection":[{"href":"https:\/\/nexgendecors.com\/fr\/wp-json\/wp\/v2\/product"}],"about":[{"href":"https:\/\/nexgendecors.com\/fr\/wp-json\/wp\/v2\/types\/product"}],"replies":[{"embeddable":true,"href":"https:\/\/nexgendecors.com\/fr\/wp-json\/wp\/v2\/comments?post=81436"}],"version-history":[{"count":0,"href":"https:\/\/nexgendecors.com\/fr\/wp-json\/wp\/v2\/product\/81436\/revisions"}],"wp:featuredmedia":[{"embeddable":true,"href":"https:\/\/nexgendecors.com\/fr\/wp-json\/wp\/v2\/media\/192370"}],"wp:attachment":[{"href":"https:\/\/nexgendecors.com\/fr\/wp-json\/wp\/v2\/media?parent=81436"}],"wp:term":[{"taxonomy":"product_brand","embeddable":true,"href":"https:\/\/nexgendecors.com\/fr\/wp-json\/wp\/v2\/product_brand?post=81436"},{"taxonomy":"product_cat","embeddable":true,"href":"https:\/\/nexgendecors.com\/fr\/wp-json\/wp\/v2\/product_cat?post=81436"},{"taxonomy":"product_tag","embeddable":true,"href":"https:\/\/nexgendecors.com\/fr\/wp-json\/wp\/v2\/product_tag?post=81436"}],"curies":[{"name":"wp","href":"https:\/\/api.w.org\/{rel}","templated":true}]}}