{"id":81474,"date":"2025-01-26T03:42:50","date_gmt":"2025-01-26T03:42:50","guid":{"rendered":"https:\/\/nexgendecors.com\/product\/school-desks-and-chairs-conference-room-classroom-ladder-chairs-theater-seats-cinema-flip-table-folding-chairs\/"},"modified":"2025-03-09T08:57:56","modified_gmt":"2025-03-09T08:57:56","slug":"school-desks-and-chairs-conference-room-classroom-ladder-chairs-theater-seats-cinema-flip-table-folding-chairs","status":"publish","type":"product","link":"https:\/\/nexgendecors.com\/fr\/product\/school-desks-and-chairs-conference-room-classroom-ladder-chairs-theater-seats-cinema-flip-table-folding-chairs\/","title":{"rendered":"Chaises pliantes polyvalentes et tables rabattables pour tous les espaces"},"content":{"rendered":"<ul>\n<li>\n<strong>marque<\/strong>:Julemi<\/li>\n<li>\n<strong>mod\u00e8le<\/strong>:WZ605<\/li>\n<li>\n<strong>Mat\u00e9riel<\/strong>:Bois massif<\/li>\n<li>\n<strong>trier par couleur<\/strong>:Front, middle and back row customization<\/li>\n<li>\n<strong>Service en ville<\/strong>:Livraison porte-\u00e0-porte logistique intra-urbaine<\/li>\n<li>\n<strong>Y a-t-il un tableau d&#039;\u00e9criture ?<\/strong>:Non<\/li>\n<li>\n<strong>Y a-t-il un chemin de c\u00e2bles ?<\/strong>:Non<\/li>\n<li>\n<strong>La pr\u00e9vente est-elle disponible ?<\/strong>:Non<\/li>\n<li>\n<strong><\/strong>:<\/li>\n<\/ul>\n<p><img><\/p>","protected":false},"excerpt":{"rendered":"<p>Marque : Julemi Mod\u00e8le : WZ605 Mat\u00e9riau : Bois massif Trier par couleur : Personnalisation des rang\u00e9es avant, centrale et arri\u00e8re Service en ville : Livraison porte-\u00e0-porte logistique intra-urbaine Existe-t-il un<\/p>","protected":false},"featured_media":140258,"comment_status":"open","ping_status":"closed","template":"","meta":[],"product_brand":[],"product_cat":[30900,30971,30866],"product_tag":[],"class_list":{"0":"post-81474","1":"product","2":"type-product","3":"status-publish","4":"has-post-thumbnail","6":"product_cat-bs-school","7":"product_cat-hp","8":"product_cat-wholesales-university-high-schools","10":"first","11":"instock","12":"taxable","13":"shipping-taxable","14":"purchasable","15":"product-type-variable"},"_links":{"self":[{"href":"https:\/\/nexgendecors.com\/fr\/wp-json\/wp\/v2\/product\/81474","targetHints":{"allow":["GET"]}}],"collection":[{"href":"https:\/\/nexgendecors.com\/fr\/wp-json\/wp\/v2\/product"}],"about":[{"href":"https:\/\/nexgendecors.com\/fr\/wp-json\/wp\/v2\/types\/product"}],"replies":[{"embeddable":true,"href":"https:\/\/nexgendecors.com\/fr\/wp-json\/wp\/v2\/comments?post=81474"}],"version-history":[{"count":0,"href":"https:\/\/nexgendecors.com\/fr\/wp-json\/wp\/v2\/product\/81474\/revisions"}],"wp:featuredmedia":[{"embeddable":true,"href":"https:\/\/nexgendecors.com\/fr\/wp-json\/wp\/v2\/media\/140258"}],"wp:attachment":[{"href":"https:\/\/nexgendecors.com\/fr\/wp-json\/wp\/v2\/media?parent=81474"}],"wp:term":[{"taxonomy":"product_brand","embeddable":true,"href":"https:\/\/nexgendecors.com\/fr\/wp-json\/wp\/v2\/product_brand?post=81474"},{"taxonomy":"product_cat","embeddable":true,"href":"https:\/\/nexgendecors.com\/fr\/wp-json\/wp\/v2\/product_cat?post=81474"},{"taxonomy":"product_tag","embeddable":true,"href":"https:\/\/nexgendecors.com\/fr\/wp-json\/wp\/v2\/product_tag?post=81474"}],"curies":[{"name":"wp","href":"https:\/\/api.w.org\/{rel}","templated":true}]}}