{"id":81493,"date":"2025-01-26T03:42:53","date_gmt":"2025-01-26T03:42:53","guid":{"rendered":"https:\/\/nexgendecors.com\/product\/second-hand-designer-stainless-steel-single-sofa-chair-living-room-modern-simple-leisure-chair-clothing-store-bauhaus-single-chair\/"},"modified":"2025-04-06T09:37:55","modified_gmt":"2025-04-06T09:37:55","slug":"second-hand-designer-stainless-steel-single-sofa-chair-living-room-modern-simple-leisure-chair-clothing-store-bauhaus-single-chair","status":"publish","type":"product","link":"https:\/\/nexgendecors.com\/fr\/product\/second-hand-designer-stainless-steel-single-sofa-chair-living-room-modern-simple-leisure-chair-clothing-store-bauhaus-single-chair\/","title":{"rendered":"Fauteuil simple Bauhaus en acier inoxydable \u2013 Modern Leisure"},"content":{"rendered":"<ul>\n<li>\n<strong>marque<\/strong>:autre\/autre<\/li>\n<li>\n<strong>mod\u00e8le<\/strong>:zx3555577<\/li>\n<li>\n<strong>Mat\u00e9riel<\/strong>:M\u00e9tal<\/li>\n<li>\n<strong>Mat\u00e9riau m\u00e9tallique<\/strong>:Acier inoxydable<\/li>\n<li>\n<strong>mod\u00e8le<\/strong>:Art<\/li>\n<li>\n<strong>style<\/strong>:Europe du Nord<\/li>\n<li>\n<strong>\u00e9l\u00e9ments populaires<\/strong>:M\u00e9tal<\/li>\n<li>\n<strong>trier par couleur<\/strong>:Yellow (metal stainless steel), black (metal stainless steel), white (metal stainless steel), support color and size customization<\/li>\n<li>\n<strong>Remplissage<\/strong>:\u00c9ponge en mousse hautement \u00e9lastique<\/li>\n<li>\n<strong>Est-ce personnalisable ?<\/strong>:Oui<\/li>\n<li>\n<strong>Appropri\u00e9<\/strong>:Adultes<\/li>\n<li>\n<strong>Est-ce rempla\u00e7able ?<\/strong>:Oui<\/li>\n<li>\n<strong>Assembler<\/strong>:Non<\/li>\n<li>\n<strong>Un taxi est-il disponible pour le transport ?<\/strong>:Non<\/li>\n<li>\n<strong>Positionnement de style<\/strong>:Style artistique<\/li>\n<\/ul>\n<p><img><\/p>","protected":false},"excerpt":{"rendered":"<p>Marque : autre\/autre Mod\u00e8le : zx3555577 Mat\u00e9riau : m\u00e9tal Mat\u00e9riau m\u00e9tallique : acier inoxydable Motif : art Style : Europe du Nord \u00c9l\u00e9ments populaires : m\u00e9tal Trier par couleur : jaune (acier inoxydable m\u00e9tallique), noir (acier inoxydable m\u00e9tallique)<\/p>","protected":false},"featured_media":140269,"comment_status":"open","ping_status":"closed","template":"","meta":[],"product_brand":[],"product_cat":[30855,30852,30862,30971,30860,30850],"product_tag":[],"class_list":{"0":"post-81493","1":"product","2":"type-product","3":"status-publish","4":"has-post-thumbnail","6":"product_cat-wholesale-chairs","7":"product_cat-dining-set","8":"product_cat-wholesales-hotels","9":"product_cat-hp","10":"product_cat-wholesale-restaurant","11":"product_cat-wholesale-furniture","13":"first","14":"instock","15":"sale","16":"taxable","17":"shipping-taxable","18":"purchasable","19":"product-type-variable"},"_links":{"self":[{"href":"https:\/\/nexgendecors.com\/fr\/wp-json\/wp\/v2\/product\/81493","targetHints":{"allow":["GET"]}}],"collection":[{"href":"https:\/\/nexgendecors.com\/fr\/wp-json\/wp\/v2\/product"}],"about":[{"href":"https:\/\/nexgendecors.com\/fr\/wp-json\/wp\/v2\/types\/product"}],"replies":[{"embeddable":true,"href":"https:\/\/nexgendecors.com\/fr\/wp-json\/wp\/v2\/comments?post=81493"}],"version-history":[{"count":0,"href":"https:\/\/nexgendecors.com\/fr\/wp-json\/wp\/v2\/product\/81493\/revisions"}],"wp:featuredmedia":[{"embeddable":true,"href":"https:\/\/nexgendecors.com\/fr\/wp-json\/wp\/v2\/media\/140269"}],"wp:attachment":[{"href":"https:\/\/nexgendecors.com\/fr\/wp-json\/wp\/v2\/media?parent=81493"}],"wp:term":[{"taxonomy":"product_brand","embeddable":true,"href":"https:\/\/nexgendecors.com\/fr\/wp-json\/wp\/v2\/product_brand?post=81493"},{"taxonomy":"product_cat","embeddable":true,"href":"https:\/\/nexgendecors.com\/fr\/wp-json\/wp\/v2\/product_cat?post=81493"},{"taxonomy":"product_tag","embeddable":true,"href":"https:\/\/nexgendecors.com\/fr\/wp-json\/wp\/v2\/product_tag?post=81493"}],"curies":[{"name":"wp","href":"https:\/\/api.w.org\/{rel}","templated":true}]}}