{"id":81600,"date":"2025-01-26T03:43:16","date_gmt":"2025-01-26T03:43:16","guid":{"rendered":"https:\/\/nexgendecors.com\/product\/sideboard-pure-solid-wood-modern-simple-storage-tea-cabinet-nordic-living-room-integrated-wall-storage-porch-cabinet-storage-2\/"},"modified":"2025-04-06T09:38:06","modified_gmt":"2025-04-06T09:38:06","slug":"sideboard-pure-solid-wood-modern-simple-storage-tea-cabinet-nordic-living-room-integrated-wall-storage-porch-cabinet-storage-2","status":"publish","type":"product","link":"https:\/\/nexgendecors.com\/fr\/product\/sideboard-pure-solid-wood-modern-simple-storage-tea-cabinet-nordic-living-room-integrated-wall-storage-porch-cabinet-storage-2\/","title":{"rendered":"Meuble \u00e0 th\u00e9 nordique en bois massif \u2013 Solution de rangement moderne"},"content":{"rendered":"<ul>\n<li>\n<strong>marque<\/strong>:autre\/autre<\/li>\n<li>\n<strong>mod\u00e8le<\/strong>:065<\/li>\n<li>\n<strong>Mat\u00e9riel<\/strong>:Bois<\/li>\n<li>\n<strong>Mat\u00e9riau en bois<\/strong>:maple<\/li>\n<li>\n<strong>style<\/strong>:Moderne et simple<\/li>\n<li>\n<strong>trier par couleur<\/strong>:Pure natural 100% pure solid wood imported maple (walnut color + black), pure natural 100% pure solid wood imported maple (walnut color + white), pure natural 100% pure solid wood imported maple (log color + white), pure natural 100% pure solid wood imported maple (warm white), pure natural 100% pure solid wood imported maple (milky white)<\/li>\n<li>\n<strong>Mat\u00e9riau de finition<\/strong>:Bois<\/li>\n<li>\n<strong>haut<\/strong>:En dessous de 900 MM<\/li>\n<li>\n<strong>Est-ce personnalisable ?<\/strong>:Oui<\/li>\n<li>\n<strong>Nombre de portes<\/strong>:Double porte<\/li>\n<li>\n<strong>Fonctionnalit\u00e9s suppl\u00e9mentaires<\/strong>:Stockage<\/li>\n<li>\n<strong>Nombre de tiroirs<\/strong>:3<\/li>\n<li>\n<strong>Structure du meuble<\/strong>:Structure de cadre en bo\u00eete<\/li>\n<li>\n<strong>Origine<\/strong>:Shanghai<\/li>\n<li>\n<strong>Assembler<\/strong>:Non<\/li>\n<li>\n<strong>volume du colis<\/strong>:0.8<\/li>\n<li>\n<strong>taille<\/strong>:120x40x80cm,150x40x80cm,180x40x80cm<\/li>\n<li>\n<strong><\/strong>:<\/li>\n<\/ul>\n<p><img><\/p>","protected":false},"excerpt":{"rendered":"<p>Marque : autre\/autre Mod\u00e8le : 065 Mat\u00e9riau : bois Mat\u00e9riau du bois : \u00e9rable Style : moderne et simple Trier par couleur : \u00e9rable massif pur naturel 100% import\u00e9 (couleur noyer)<\/p>","protected":false},"featured_media":140441,"comment_status":"open","ping_status":"closed","template":"","meta":[],"product_brand":[],"product_cat":[30862,30971,30850,30851],"product_tag":[],"class_list":{"0":"post-81600","1":"product","2":"type-product","3":"status-publish","4":"has-post-thumbnail","6":"product_cat-wholesales-hotels","7":"product_cat-hp","8":"product_cat-wholesale-furniture","9":"product_cat-wholesale-cabinets","11":"first","12":"instock","13":"taxable","14":"shipping-taxable","15":"purchasable","16":"product-type-variable"},"_links":{"self":[{"href":"https:\/\/nexgendecors.com\/fr\/wp-json\/wp\/v2\/product\/81600","targetHints":{"allow":["GET"]}}],"collection":[{"href":"https:\/\/nexgendecors.com\/fr\/wp-json\/wp\/v2\/product"}],"about":[{"href":"https:\/\/nexgendecors.com\/fr\/wp-json\/wp\/v2\/types\/product"}],"replies":[{"embeddable":true,"href":"https:\/\/nexgendecors.com\/fr\/wp-json\/wp\/v2\/comments?post=81600"}],"version-history":[{"count":0,"href":"https:\/\/nexgendecors.com\/fr\/wp-json\/wp\/v2\/product\/81600\/revisions"}],"wp:featuredmedia":[{"embeddable":true,"href":"https:\/\/nexgendecors.com\/fr\/wp-json\/wp\/v2\/media\/140441"}],"wp:attachment":[{"href":"https:\/\/nexgendecors.com\/fr\/wp-json\/wp\/v2\/media?parent=81600"}],"wp:term":[{"taxonomy":"product_brand","embeddable":true,"href":"https:\/\/nexgendecors.com\/fr\/wp-json\/wp\/v2\/product_brand?post=81600"},{"taxonomy":"product_cat","embeddable":true,"href":"https:\/\/nexgendecors.com\/fr\/wp-json\/wp\/v2\/product_cat?post=81600"},{"taxonomy":"product_tag","embeddable":true,"href":"https:\/\/nexgendecors.com\/fr\/wp-json\/wp\/v2\/product_tag?post=81600"}],"curies":[{"name":"wp","href":"https:\/\/api.w.org\/{rel}","templated":true}]}}