{"id":81699,"date":"2025-01-26T03:43:30","date_gmt":"2025-01-26T03:43:30","guid":{"rendered":"https:\/\/nexgendecors.com\/product\/simple-cream-style-side-table-light-luxury-sofa-bedroom-bedside-bedside-table-mini-round-table-klein-blue-coffee-table-2\/"},"modified":"2025-04-06T09:38:21","modified_gmt":"2025-04-06T09:38:21","slug":"simple-cream-style-side-table-light-luxury-sofa-bedroom-bedside-bedside-table-mini-round-table-klein-blue-coffee-table-2","status":"publish","type":"product","link":"https:\/\/nexgendecors.com\/fr\/product\/simple-cream-style-side-table-light-luxury-sofa-bedroom-bedside-bedside-table-mini-round-table-klein-blue-coffee-table-2\/","title":{"rendered":"Mini table de chevet ronde de luxe bleu Klein"},"content":{"rendered":"<ul>\n<li>\n<strong>marque<\/strong>:Super Emblem<\/li>\n<li>\n<strong>mod\u00e8le<\/strong>:obj01<\/li>\n<li>\n<strong>\u00e9l\u00e9ments populaires<\/strong>:Master Design Metal<\/li>\n<li>\n<strong>Y a-t-il un espace de stockage ?<\/strong>:Non<\/li>\n<li>\n<strong>style<\/strong>:Simple et moderne<\/li>\n<li>\n<strong>Que ce soit avec un rouleau<\/strong>:Non<\/li>\n<li>\n<strong>Assembler<\/strong>:Oui<\/li>\n<li>\n<strong>Poids brut<\/strong>:5 kg<\/li>\n<li>\n<strong>Nombre de tiroirs<\/strong>:aucun<\/li>\n<li>\n<strong>La pr\u00e9vente est-elle disponible ?<\/strong>:Non<\/li>\n<li>\n<strong>Mat\u00e9riau de finition<\/strong>:autre<\/li>\n<li>\n<strong>Technologie structurelle<\/strong>:Travail des m\u00e9taux<\/li>\n<li>\n<strong>Technologie des structures m\u00e9talliques<\/strong>:Coupe<\/li>\n<li>\n<strong>Technologie de finition<\/strong>:autre<\/li>\n<li>\n<strong>volume du colis<\/strong>:42*43*8<\/li>\n<li>\n<strong>Mat\u00e9riau m\u00e9tallique<\/strong>:acier<\/li>\n<li>\n<strong>Est-ce personnalisable ?<\/strong>:Non<\/li>\n<li>\n<strong>Districts et comt\u00e9s<\/strong>:Linhai City<\/li>\n<li>\n<strong>Mat\u00e9riel<\/strong>:M\u00e9tal<\/li>\n<li>\n<strong>Instructions d&#039;installation d\u00e9taill\u00e9es<\/strong>:Fournir des outils d&#039;installation simples<\/li>\n<li>\n<strong>Positionnement de style<\/strong>:\u00c9conomique<\/li>\n<li>\n<strong>trier par couleur<\/strong>:\u03a640 high 50 Klein blue \u03a640 high 50 Cream style \u03a640 high 50 Second-hand green \u03a640 high 50 Periwinkle blue \u03a640 high 50 Morandi green \u03a640 high 50 Tiffany blue \u03a640 high 50 Orange \u03a640 high 50 White (elegant white) \u03a640 high 50 Black (elegant black) \u03a640 high 50 Red \u03a640 high 50 Gold \u03a638\/high 52cm solid wood desktop \u03a638\/high 57cm solid wood desktop \u03a638\/high 63cm solid wood desktop \u03a640 high 62 (color notes) \u03a640 high 72 (color notes) \u03a648 high 56 (color notes) \u03a648 high 62 (color notes) \u03a648 high 72 (color notes) \u03a660 high 72 (color notes) \u03a670 high 72 (color notes) Multiple sizes available!!!!<\/li>\n<\/ul>\n<p><img><\/p>","protected":false},"excerpt":{"rendered":"<p>Marque : Super Emblem Mod\u00e8le : obj01 \u00c9l\u00e9ments populaires : Master Design Metal Y a-t-il un espace de rangement ? : non Style : simple et moderne Avec rouleau : non Assemblage : oui Poids brut : 5 kg<\/p>","protected":false},"featured_media":140541,"comment_status":"open","ping_status":"closed","template":"","meta":[],"product_brand":[],"product_cat":[30862,30971,30860,30854],"product_tag":[],"class_list":{"0":"post-81699","1":"product","2":"type-product","3":"status-publish","4":"has-post-thumbnail","6":"product_cat-wholesales-hotels","7":"product_cat-hp","8":"product_cat-wholesale-restaurant","9":"product_cat-wholesale-side-table","11":"first","12":"instock","13":"taxable","14":"shipping-taxable","15":"purchasable","16":"product-type-variable"},"_links":{"self":[{"href":"https:\/\/nexgendecors.com\/fr\/wp-json\/wp\/v2\/product\/81699","targetHints":{"allow":["GET"]}}],"collection":[{"href":"https:\/\/nexgendecors.com\/fr\/wp-json\/wp\/v2\/product"}],"about":[{"href":"https:\/\/nexgendecors.com\/fr\/wp-json\/wp\/v2\/types\/product"}],"replies":[{"embeddable":true,"href":"https:\/\/nexgendecors.com\/fr\/wp-json\/wp\/v2\/comments?post=81699"}],"version-history":[{"count":0,"href":"https:\/\/nexgendecors.com\/fr\/wp-json\/wp\/v2\/product\/81699\/revisions"}],"wp:featuredmedia":[{"embeddable":true,"href":"https:\/\/nexgendecors.com\/fr\/wp-json\/wp\/v2\/media\/140541"}],"wp:attachment":[{"href":"https:\/\/nexgendecors.com\/fr\/wp-json\/wp\/v2\/media?parent=81699"}],"wp:term":[{"taxonomy":"product_brand","embeddable":true,"href":"https:\/\/nexgendecors.com\/fr\/wp-json\/wp\/v2\/product_brand?post=81699"},{"taxonomy":"product_cat","embeddable":true,"href":"https:\/\/nexgendecors.com\/fr\/wp-json\/wp\/v2\/product_cat?post=81699"},{"taxonomy":"product_tag","embeddable":true,"href":"https:\/\/nexgendecors.com\/fr\/wp-json\/wp\/v2\/product_tag?post=81699"}],"curies":[{"name":"wp","href":"https:\/\/api.w.org\/{rel}","templated":true}]}}