{"id":81808,"date":"2025-01-26T03:43:45","date_gmt":"2025-01-26T03:43:45","guid":{"rendered":"https:\/\/nexgendecors.com\/product\/simple-modern-black-integrated-wash-basin-bathroom-vanity-bathroom-cabinet-combination-wash-basin-bathroom-basin-hanging-2\/"},"modified":"2025-04-06T09:38:42","modified_gmt":"2025-04-06T09:38:42","slug":"simple-modern-black-integrated-wash-basin-bathroom-vanity-bathroom-cabinet-combination-wash-basin-bathroom-basin-hanging-2","status":"publish","type":"product","link":"https:\/\/nexgendecors.com\/fr\/product\/simple-modern-black-integrated-wash-basin-bathroom-vanity-bathroom-cabinet-combination-wash-basin-bathroom-basin-hanging-2\/","title":{"rendered":"Modern Black Integrated Wash Basin Vanity Cabinet"},"content":{"rendered":"<ul>\n<li>\n<strong>marque<\/strong>:La D\u00e9claration de Lumi\u00e8re<\/li>\n<li>\n<strong>mod\u00e8le<\/strong>:4563<\/li>\n<li>\n<strong>Fonction<\/strong>:Rangement, lavage, \u00e9tanch\u00e9it\u00e9, \u00e9clairage, anti-bu\u00e9e<\/li>\n<li>\n<strong>Mat\u00e9riau de l&#039;armoire<\/strong>:Bois massif multicouche<\/li>\n<li>\n<strong>style<\/strong>:Simple et moderne<\/li>\n<li>\n<strong>trier par couleur<\/strong>:60CM with smart backlight square mirror\u2605Support customized size and color60CM with ordinary open grid mirror cabinet\u2605Support customized size and color) 60CM with smart open grid mirror cabinet\u2605Support customized size and color60CM with smart fully enclosed mirror cabinet\u2605Support customized size and color70CM with smart backlight square mirror\u2605Support customized size and color70CM with ordinary open grid mirror cabinet\u2605Support customized size and color70CM with smart open grid mirror cabinet\u2605Support customized size and color70CM with smart fully enclosed mirror cabinet\u2605Support customized size and color70CM with smart glass door mirror cabinet\u2605Support customized size and color80CM with smart backlight square mirror\u2605Support customized size and color80CM with ordinary open grid mirror cabinet\u2605Support customized size and color80CM with smart open grid mirror cabinet\u2605Support customized size and color80CM with smart fully enclosed mirror cabinet\u2605Support customized size and color80CM with smart glass door mirror cabinet\u2605Support customized size and color90CM with smart backlight square mirror\u2605Support customized size and color90CM with ordinary open grid mirror cabinet\u2605Support customized size and color748) 90CM with smart open grid mirror cabinet\u2605support customized size and color90CM with smart fully enclosed mirror cabinet\u2605support customized size and color90CM with smart glass door mirror cabinet\u2605support customized size and color100CM with smart backlight square mirror\u2605support customized size and color) 100CM with ordinary open grid mirror cabinet\u2605support customized size and color100CM with smart open grid mirror cabinet\u2605support customized size and color100CM with smart fully enclosed mirror cabinet\u2605support customized size and color100CM with smart glass door mirror cabinet\u2605support customized size and color2098) 120CM with smart backlight square mirror\u2605Support customized size and color120CM with ordinary open grid mirror cabinet\u2605Support customized size and color120CM with smart open grid mirror cabinet\u2605Support customized size and color120CM with smart fully sealed mirror cabinet\u2605Support customized size and color120CM with smart glass door mirror cabinet\u2605Support customized size and color140CM with smart backlight square mirror\u2605Support customized size and color140CM with ordinary open grid mirror cabinet\u2605Support customized size and color140CM with smart open grid mirror cabinet\u2605Support customized size and color140CM with smart fully sealed mirror cabinet\u2605Support customized size and color140CM with smart glass door mirror cabinet\u2605Support customized size and color<\/li>\n<li>\n<strong>Service en ville<\/strong>:Livraison porte-\u00e0-porte logistique intra-urbaine<\/li>\n<li>\n<strong>Technologie de surface<\/strong>:Sans peinture<\/li>\n<li>\n<strong>Est-ce que cela comprend un \u00e9clairage de miroir ?<\/strong>:Oui<\/li>\n<li>\n<strong>Type de comptoir<\/strong>:Artificial stone countertops<\/li>\n<\/ul>\n<p><img><\/p>","protected":false},"excerpt":{"rendered":"<p>brand:The Light Declaration model:4563 Function:Storage, washing, waterproof, lighting, anti-fogging Cabinet Material:Solid wood multi-layer style:Simple and modern sort by color:60CM with<\/p>","protected":false},"featured_media":140630,"comment_status":"open","ping_status":"closed","template":"","meta":[],"product_brand":[],"product_cat":[30971,30880],"product_tag":[],"class_list":{"0":"post-81808","1":"product","2":"type-product","3":"status-publish","4":"has-post-thumbnail","6":"product_cat-hp","7":"product_cat-wholesales-bathroom-sink","9":"first","10":"instock","11":"taxable","12":"shipping-taxable","13":"purchasable","14":"product-type-variable"},"_links":{"self":[{"href":"https:\/\/nexgendecors.com\/fr\/wp-json\/wp\/v2\/product\/81808","targetHints":{"allow":["GET"]}}],"collection":[{"href":"https:\/\/nexgendecors.com\/fr\/wp-json\/wp\/v2\/product"}],"about":[{"href":"https:\/\/nexgendecors.com\/fr\/wp-json\/wp\/v2\/types\/product"}],"replies":[{"embeddable":true,"href":"https:\/\/nexgendecors.com\/fr\/wp-json\/wp\/v2\/comments?post=81808"}],"version-history":[{"count":0,"href":"https:\/\/nexgendecors.com\/fr\/wp-json\/wp\/v2\/product\/81808\/revisions"}],"wp:featuredmedia":[{"embeddable":true,"href":"https:\/\/nexgendecors.com\/fr\/wp-json\/wp\/v2\/media\/140630"}],"wp:attachment":[{"href":"https:\/\/nexgendecors.com\/fr\/wp-json\/wp\/v2\/media?parent=81808"}],"wp:term":[{"taxonomy":"product_brand","embeddable":true,"href":"https:\/\/nexgendecors.com\/fr\/wp-json\/wp\/v2\/product_brand?post=81808"},{"taxonomy":"product_cat","embeddable":true,"href":"https:\/\/nexgendecors.com\/fr\/wp-json\/wp\/v2\/product_cat?post=81808"},{"taxonomy":"product_tag","embeddable":true,"href":"https:\/\/nexgendecors.com\/fr\/wp-json\/wp\/v2\/product_tag?post=81808"}],"curies":[{"name":"wp","href":"https:\/\/api.w.org\/{rel}","templated":true}]}}