{"id":81815,"date":"2025-01-26T03:43:48","date_gmt":"2025-01-26T03:43:48","guid":{"rendered":"https:\/\/nexgendecors.com\/product\/simple-modern-computer-chair-home-ergonomic-chair-swivel-chair-mesh-gaming-chair-office-chair-conference-chair\/"},"modified":"2025-03-11T07:40:51","modified_gmt":"2025-03-11T07:40:51","slug":"chaise-dordinateur-simple-et-moderne-chaise-ergonomique-pour-la-maison-chaise-pivotante-chaise-de-jeu-en-maille-chaise-de-bureau-chaise-de-conference","status":"publish","type":"product","link":"https:\/\/nexgendecors.com\/fr\/product\/chaise-dordinateur-simple-et-moderne-chaise-ergonomique-pour-la-maison-chaise-pivotante-chaise-de-jeu-en-maille-chaise-de-bureau-chaise-de-conference\/","title":{"rendered":"Chaise de bureau et de jeu pivotante ergonomique en maille"},"content":{"rendered":"<ul>\n<li>\n<strong>marque<\/strong>:Guodeng<\/li>\n<li>\n<strong>mod\u00e8le<\/strong>:YZ-612<\/li>\n<li>\n<strong>Mat\u00e9riel<\/strong>:autre<\/li>\n<li>\n<strong>trier par couleur<\/strong>:Dossier bas arqu\u00e9 noir Dos moyen arqu\u00e9 noir Dos haut arqu\u00e9 noir Poulie noire Dos bas Poulie noire Dos moyen Poulie noire Dos haut arqu\u00e9 blanc Dos bas arqu\u00e9 blanc Dos moyen arqu\u00e9 blanc Dos haut arqu\u00e9 blanc Poulie blanche Dos bas Poulie blanche Dos moyen Poulie blanche Dos haut Les chaises commencent \u00e0 partir de 4<\/li>\n<li>\n<strong>Mat\u00e9riau en tissu<\/strong>:Cuir artificiel<\/li>\n<li>\n<strong>Est-ce pliable ?<\/strong>:Non<\/li>\n<li>\n<strong>Peut-il \u00eatre \u00e9lev\u00e9 ou abaiss\u00e9 ?<\/strong>:Oui<\/li>\n<li>\n<strong>Est-ce rotatif ?<\/strong>:Oui<\/li>\n<li>\n<strong>Puis-je m&#039;allonger ?<\/strong>:Non<\/li>\n<li>\n<strong>Est-ce empilable ?<\/strong>:Oui<\/li>\n<li>\n<strong>Mat\u00e9riau de pied cinq \u00e9toiles<\/strong>:Pieds en acier<\/li>\n<li>\n<strong>Type de main courante<\/strong>:Accoudoir fixe<\/li>\n<\/ul>\n<p><img><\/p>","protected":false},"excerpt":{"rendered":"<p>brand:Guodeng model:YZ-612 Material:other sort by color:Black arched low back Black arched mid back Black arched high back Black pulley low<\/p>","protected":false},"featured_media":140650,"comment_status":"open","ping_status":"closed","template":"","meta":[],"product_brand":[],"product_cat":[30971,30859],"product_tag":[],"class_list":{"0":"post-81815","1":"product","2":"type-product","3":"status-publish","4":"has-post-thumbnail","6":"product_cat-hp","7":"product_cat-wholesale-office","9":"first","10":"instock","11":"sale","12":"taxable","13":"shipping-taxable","14":"purchasable","15":"product-type-variable"},"_links":{"self":[{"href":"https:\/\/nexgendecors.com\/fr\/wp-json\/wp\/v2\/product\/81815","targetHints":{"allow":["GET"]}}],"collection":[{"href":"https:\/\/nexgendecors.com\/fr\/wp-json\/wp\/v2\/product"}],"about":[{"href":"https:\/\/nexgendecors.com\/fr\/wp-json\/wp\/v2\/types\/product"}],"replies":[{"embeddable":true,"href":"https:\/\/nexgendecors.com\/fr\/wp-json\/wp\/v2\/comments?post=81815"}],"version-history":[{"count":0,"href":"https:\/\/nexgendecors.com\/fr\/wp-json\/wp\/v2\/product\/81815\/revisions"}],"wp:featuredmedia":[{"embeddable":true,"href":"https:\/\/nexgendecors.com\/fr\/wp-json\/wp\/v2\/media\/140650"}],"wp:attachment":[{"href":"https:\/\/nexgendecors.com\/fr\/wp-json\/wp\/v2\/media?parent=81815"}],"wp:term":[{"taxonomy":"product_brand","embeddable":true,"href":"https:\/\/nexgendecors.com\/fr\/wp-json\/wp\/v2\/product_brand?post=81815"},{"taxonomy":"product_cat","embeddable":true,"href":"https:\/\/nexgendecors.com\/fr\/wp-json\/wp\/v2\/product_cat?post=81815"},{"taxonomy":"product_tag","embeddable":true,"href":"https:\/\/nexgendecors.com\/fr\/wp-json\/wp\/v2\/product_tag?post=81815"}],"curies":[{"name":"wp","href":"https:\/\/api.w.org\/{rel}","templated":true}]}}