{"id":82071,"date":"2025-01-26T03:44:35","date_gmt":"2025-01-26T03:44:35","guid":{"rendered":"https:\/\/nexgendecors.com\/product\/small-balcony-undercounter-basin-with-washboard-terrazzo-ceramic-laundry-basin-small-size-embedded-deepening-laundry-pool-2\/"},"modified":"2025-04-06T09:39:06","modified_gmt":"2025-04-06T09:39:06","slug":"small-balcony-undercounter-basin-with-washboard-terrazzo-ceramic-laundry-basin-small-size-embedded-deepening-laundry-pool-2","status":"publish","type":"product","link":"https:\/\/nexgendecors.com\/fr\/product\/small-balcony-undercounter-basin-with-washboard-terrazzo-ceramic-laundry-basin-small-size-embedded-deepening-laundry-pool-2\/","title":{"rendered":"Terrazzo Ceramic Undercounter Laundry Basin &#8211; Compact Style"},"content":{"rendered":"<ul>\n<li>\n<strong>marque<\/strong>:MDTNOFR<\/li>\n<li>\n<strong>mod\u00e8le<\/strong>:T-099988<\/li>\n<li>\n<strong>Mat\u00e9riel<\/strong>:c\u00e9ramique<\/li>\n<li>\n<strong>capacit\u00e9<\/strong>:9L<\/li>\n<li>\n<strong>Origine<\/strong>:Chine continentale<\/li>\n<li>\n<strong>province<\/strong>:Province du Guangdong<\/li>\n<li>\n<strong>ville<\/strong>:Ville de Chaozhou<\/li>\n<li>\n<strong>taille<\/strong>:40CM 60CM 16 pouces 18 pouces 20 pouces<\/li>\n<li>\n<strong>trier par couleur<\/strong>:N\u00b0 1 vasque style nordique, N\u00b0 1 vasque style luxe l\u00e9ger, N\u00b0 2 vasque style nordique, N\u00b0 2 vasque style luxe l\u00e9ger, N\u00b0 3 vasque style nordique, N\u00b0 3 vasque style luxe l\u00e9ger, N\u00b0 4 vasque style nordique, N\u00b0 4 vasque style luxe l\u00e9ger, N\u00b0 5 vasque style nordique, N\u00b0 5 vasque style luxe l\u00e9ger, N\u00b0 6 vasque style nordique, N\u00b0 6 vasque style luxe l\u00e9ger, N\u00b0 7 vasque style nordique, N\u00b0 7 vasque style luxe l\u00e9ger, N\u00b0 8 vasque style nordique, N\u00b0 8 vasque style luxe l\u00e9ger, N\u00b0 9 vasque style nordique, N\u00b0 9 vasque style luxe l\u00e9ger, robinet classique noir, robinet classique blanc, robinet extractible noir, robinet extractible blanc, robinet extractible haut blanc, robinet extractible haut gris pistolet<\/li>\n<li>\n<strong>Service en ville<\/strong>:Livraison porte-\u00e0-porte logistique intra-urbaine<\/li>\n<\/ul>\n<p><img><\/p>","protected":false},"excerpt":{"rendered":"<p>Marque : MDTNOFR Mod\u00e8le : T-099988 Mat\u00e9riau : c\u00e9ramique Capacit\u00e9 : 9 L Origine : Chine continentale Province : Province du Guangdong Ville : Ville de Chaozhou Taille : 40 cm 60 cm 16 pouces 18 pouces 20 pouces Trier par<\/p>","protected":false},"featured_media":140979,"comment_status":"open","ping_status":"closed","template":"","meta":[],"product_brand":[],"product_cat":[30971,30880],"product_tag":[],"class_list":{"0":"post-82071","1":"product","2":"type-product","3":"status-publish","4":"has-post-thumbnail","6":"product_cat-hp","7":"product_cat-wholesales-bathroom-sink","9":"first","10":"instock","11":"taxable","12":"shipping-taxable","13":"purchasable","14":"product-type-variable"},"_links":{"self":[{"href":"https:\/\/nexgendecors.com\/fr\/wp-json\/wp\/v2\/product\/82071","targetHints":{"allow":["GET"]}}],"collection":[{"href":"https:\/\/nexgendecors.com\/fr\/wp-json\/wp\/v2\/product"}],"about":[{"href":"https:\/\/nexgendecors.com\/fr\/wp-json\/wp\/v2\/types\/product"}],"replies":[{"embeddable":true,"href":"https:\/\/nexgendecors.com\/fr\/wp-json\/wp\/v2\/comments?post=82071"}],"version-history":[{"count":0,"href":"https:\/\/nexgendecors.com\/fr\/wp-json\/wp\/v2\/product\/82071\/revisions"}],"wp:featuredmedia":[{"embeddable":true,"href":"https:\/\/nexgendecors.com\/fr\/wp-json\/wp\/v2\/media\/140979"}],"wp:attachment":[{"href":"https:\/\/nexgendecors.com\/fr\/wp-json\/wp\/v2\/media?parent=82071"}],"wp:term":[{"taxonomy":"product_brand","embeddable":true,"href":"https:\/\/nexgendecors.com\/fr\/wp-json\/wp\/v2\/product_brand?post=82071"},{"taxonomy":"product_cat","embeddable":true,"href":"https:\/\/nexgendecors.com\/fr\/wp-json\/wp\/v2\/product_cat?post=82071"},{"taxonomy":"product_tag","embeddable":true,"href":"https:\/\/nexgendecors.com\/fr\/wp-json\/wp\/v2\/product_tag?post=82071"}],"curies":[{"name":"wp","href":"https:\/\/api.w.org\/{rel}","templated":true}]}}