{"id":82336,"date":"2025-01-26T03:45:00","date_gmt":"2025-01-26T03:45:00","guid":{"rendered":"https:\/\/nexgendecors.com\/product\/snail-single-sofa-chair-modern-simple-leather-tiger-chair-creative-leisure-recliner-designer-chair-imola-chair\/"},"modified":"2025-04-06T09:39:14","modified_gmt":"2025-04-06T09:39:14","slug":"snail-single-sofa-chair-modern-simple-leather-tiger-chair-creative-leisure-recliner-designer-chair-imola-chair","status":"publish","type":"product","link":"https:\/\/nexgendecors.com\/fr\/product\/snail-single-sofa-chair-modern-simple-leather-tiger-chair-creative-leisure-recliner-designer-chair-imola-chair\/","title":{"rendered":"Fauteuil escargot en cuir moderne Imola \u2013 Fauteuil inclinable cr\u00e9atif"},"content":{"rendered":"<ul>\n<li>\n<strong>marque<\/strong>:autre\/autre<\/li>\n<li>\n<strong>mod\u00e8le<\/strong>:009922<\/li>\n<li>\n<strong>style<\/strong>:Style de luxe l\u00e9ger<\/li>\n<li>\n<strong>Est-ce personnalisable ?<\/strong>:Oui<\/li>\n<li>\n<strong>Assembler<\/strong>:Non<\/li>\n<li>\n<strong>Mat\u00e9riel<\/strong>:Microfiber Leather<\/li>\n<li>\n<strong>Appropri\u00e9<\/strong>:Adultes<\/li>\n<li>\n<strong>mod\u00e8le<\/strong>:Couleur unie<\/li>\n<li>\n<strong>Positionnement de style<\/strong>:Qualit\u00e9 Luxe<\/li>\n<li>\n<strong>trier par couleur<\/strong>:Single chair brown five-star foot (customizable color), first layer cowhide brown five-star foot (customizable color), suit brown five-star foot (customizable color), suit brown first layer cowhide (customizable color), gray cotton and linen fixed foot (customizable color), gray cotton and linen suit fixed foot (customizable color), single chair microfiber leather black (fixed foot), black suit microfiber leather (fixed foot), black leather single chair (fixed foot), black leather suit fixed foot (fixed foot), color customization consultation customer service<\/li>\n<\/ul>\n<p><img><\/p>","protected":false},"excerpt":{"rendered":"<p>Marque : autre\/autre Mod\u00e8le : 009922 Style : Style de luxe l\u00e9ger Est-il personnalisable ? : oui Assembler : non Mat\u00e9riau : Cuir microfibre Convient : Adultes Motif : Couleur unie Style de positionnement : Luxe de qualit\u00e9 Trier par couleur : Unique<\/p>","protected":false},"featured_media":141160,"comment_status":"open","ping_status":"closed","template":"","meta":[],"product_brand":[],"product_cat":[30902,30855,30862,30971,30850],"product_tag":[],"class_list":{"0":"post-82336","1":"product","2":"type-product","3":"status-publish","4":"has-post-thumbnail","6":"product_cat-bs-chairs","7":"product_cat-wholesale-chairs","8":"product_cat-wholesales-hotels","9":"product_cat-hp","10":"product_cat-wholesale-furniture","12":"first","13":"instock","14":"sale","15":"taxable","16":"shipping-taxable","17":"purchasable","18":"product-type-variable"},"_links":{"self":[{"href":"https:\/\/nexgendecors.com\/fr\/wp-json\/wp\/v2\/product\/82336","targetHints":{"allow":["GET"]}}],"collection":[{"href":"https:\/\/nexgendecors.com\/fr\/wp-json\/wp\/v2\/product"}],"about":[{"href":"https:\/\/nexgendecors.com\/fr\/wp-json\/wp\/v2\/types\/product"}],"replies":[{"embeddable":true,"href":"https:\/\/nexgendecors.com\/fr\/wp-json\/wp\/v2\/comments?post=82336"}],"version-history":[{"count":0,"href":"https:\/\/nexgendecors.com\/fr\/wp-json\/wp\/v2\/product\/82336\/revisions"}],"wp:featuredmedia":[{"embeddable":true,"href":"https:\/\/nexgendecors.com\/fr\/wp-json\/wp\/v2\/media\/141160"}],"wp:attachment":[{"href":"https:\/\/nexgendecors.com\/fr\/wp-json\/wp\/v2\/media?parent=82336"}],"wp:term":[{"taxonomy":"product_brand","embeddable":true,"href":"https:\/\/nexgendecors.com\/fr\/wp-json\/wp\/v2\/product_brand?post=82336"},{"taxonomy":"product_cat","embeddable":true,"href":"https:\/\/nexgendecors.com\/fr\/wp-json\/wp\/v2\/product_cat?post=82336"},{"taxonomy":"product_tag","embeddable":true,"href":"https:\/\/nexgendecors.com\/fr\/wp-json\/wp\/v2\/product_tag?post=82336"}],"curies":[{"name":"wp","href":"https:\/\/api.w.org\/{rel}","templated":true}]}}