{"id":82407,"date":"2025-01-26T03:45:16","date_gmt":"2025-01-26T03:45:16","guid":{"rendered":"https:\/\/nexgendecors.com\/product\/solid-wood-bar-table-milk-tea-shop-iron-art-coffee-shop-long-table-bar-clear-bar-industrial-style-high-table-and-chair-combination\/"},"modified":"2025-04-06T09:39:31","modified_gmt":"2025-04-06T09:39:31","slug":"solid-wood-bar-table-milk-tea-shop-iron-art-coffee-shop-long-table-bar-clear-bar-industrial-style-high-table-and-chair-combination","status":"publish","type":"product","link":"https:\/\/nexgendecors.com\/fr\/product\/solid-wood-bar-table-milk-tea-shop-iron-art-coffee-shop-long-table-bar-clear-bar-industrial-style-high-table-and-chair-combination\/","title":{"rendered":"Ensemble table et chaises de bar en bois massif de style industriel"},"content":{"rendered":"<ul>\n<li>\n<strong>marque<\/strong>:Ircustom<\/li>\n<li>\n<strong>mod\u00e8le<\/strong>:BT-506<\/li>\n<li>\n<strong>Mat\u00e9riel<\/strong>:Bois<\/li>\n<li>\n<strong>Mat\u00e9riau en bois<\/strong>:Pin<\/li>\n<li>\n<strong>mod\u00e8le<\/strong>:Art<\/li>\n<li>\n<strong>style<\/strong>:R\u00e9tro<\/li>\n<li>\n<strong>Installation<\/strong>:Assembl\u00e9e<\/li>\n<li>\n<strong>\u00e9l\u00e9ments populaires<\/strong>:Distressed, Master Design, Stitching, Metal<\/li>\n<li>\n<strong>trier par couleur<\/strong>:120*45*105cm board thickness 5cm, 140*45*105cm board thickness 5cm, 160*45*105cm board thickness 5cm, 180*45*105cm board thickness 5cm, 200*45*105cm board thickness 5cm, 230*45*105cm board thickness 5cm, 140 length table and chair combination contains 2 chairs, 160 length table and chair combination contains 3 chairs, 180 length table and chair combination contains 3 chairs, 2 00 length table and chair combination contains 4 chairs, 230 length table and chair combination contains 5 chairs, silver 180 length table and chair combination contains 3 chairs, dark blue 180 length table and chair combination contains 3 chairs, red 180 length table and chair combination contains 3 chairs, orange 180 length table and chair combination contains 3 chairs, white 180 length table and chair combination contains 3 chairs, high stool (without backrest), high chair, high chair * 2, high chair * 4, high chair * 6, color, size, LOGO can be modified<\/li>\n<li>\n<strong>Poids brut<\/strong>:1<\/li>\n<li>\n<strong>Mat\u00e9riau de finition<\/strong>:Bois<\/li>\n<li>\n<strong>Wood finish material<\/strong>:Pin<\/li>\n<li>\n<strong>Technologie structurelle<\/strong>:Travail des m\u00e9taux<\/li>\n<li>\n<strong>Technologie des structures m\u00e9talliques<\/strong>:soudage<\/li>\n<li>\n<strong>Technologie de finition<\/strong>:Processus de peinture<\/li>\n<li>\n<strong>Processus de finition de la peinture<\/strong>:Spray paint<\/li>\n<li>\n<strong>Est-ce personnalisable ?<\/strong>:Oui<\/li>\n<li>\n<strong>Fonctionnalit\u00e9s suppl\u00e9mentaires<\/strong>:Multifonction<\/li>\n<li>\n<strong>Structure du meuble<\/strong>:Structure de soutien<\/li>\n<li>\n<strong>Livraison\/installation disponible<\/strong>:Autres, P\u00e9kin, Chongqing, Shanghai, Tianjin, Shenzhen, Chengdu, Shenyang, Dalian, Harbin, Nanjing, Wuxi, Changzhou, Suzhou, Hangzhou, Ningbo, Wenzhou, Jinhua, Taizhou, Fuzhou, Xiamen, Nanchang, Qingdao, Zhengzhou, Wuhan, Changsha, Guangzhou, Foshan, Dongguan, Nanning, Guiyang, Xi&#039;an<\/li>\n<li>\n<strong>Origine<\/strong>:Province du Fujian<\/li>\n<li>\n<strong>ville<\/strong>:Ville de Quanzhou<\/li>\n<li>\n<strong>Districts et comt\u00e9s<\/strong>:Comt\u00e9 d&#039;Anxi<\/li>\n<li>\n<strong>volume du colis<\/strong>:1<\/li>\n<li>\n<strong>Un taxi est-il disponible pour le transport ?<\/strong>:Oui<\/li>\n<li>\n<strong>Positionnement de style<\/strong>:\u00c9conomique<\/li>\n<li>\n<strong>Instructions d&#039;installation d\u00e9taill\u00e9es<\/strong>:Fournir des outils d&#039;installation simples<\/li>\n<li>\n<strong><\/strong>:<\/li>\n<\/ul>\n<p><img><\/p>","protected":false},"excerpt":{"rendered":"<p>Marque : Ircustom Mod\u00e8le : BT-506 Mat\u00e9riau : Bois Mat\u00e9riau du bois : Pin Motif : Art Style : R\u00e9tro Installation : Assemblage \u00c9l\u00e9ments populaires : Vieilli, Master Design, Couture, M\u00e9tal Trier par couleur : 120*45*105cm \u00e9paisseur de la planche 5cm,<\/p>","protected":false},"featured_media":141262,"comment_status":"open","ping_status":"closed","template":"","meta":[],"product_brand":[],"product_cat":[30897,30971,30860],"product_tag":[],"class_list":{"0":"post-82407","1":"product","2":"type-product","3":"status-publish","4":"has-post-thumbnail","6":"product_cat-bs-restaurant","7":"product_cat-hp","8":"product_cat-wholesale-restaurant","10":"first","11":"instock","12":"sale","13":"taxable","14":"shipping-taxable","15":"purchasable","16":"product-type-variable"},"_links":{"self":[{"href":"https:\/\/nexgendecors.com\/fr\/wp-json\/wp\/v2\/product\/82407","targetHints":{"allow":["GET"]}}],"collection":[{"href":"https:\/\/nexgendecors.com\/fr\/wp-json\/wp\/v2\/product"}],"about":[{"href":"https:\/\/nexgendecors.com\/fr\/wp-json\/wp\/v2\/types\/product"}],"replies":[{"embeddable":true,"href":"https:\/\/nexgendecors.com\/fr\/wp-json\/wp\/v2\/comments?post=82407"}],"version-history":[{"count":0,"href":"https:\/\/nexgendecors.com\/fr\/wp-json\/wp\/v2\/product\/82407\/revisions"}],"wp:featuredmedia":[{"embeddable":true,"href":"https:\/\/nexgendecors.com\/fr\/wp-json\/wp\/v2\/media\/141262"}],"wp:attachment":[{"href":"https:\/\/nexgendecors.com\/fr\/wp-json\/wp\/v2\/media?parent=82407"}],"wp:term":[{"taxonomy":"product_brand","embeddable":true,"href":"https:\/\/nexgendecors.com\/fr\/wp-json\/wp\/v2\/product_brand?post=82407"},{"taxonomy":"product_cat","embeddable":true,"href":"https:\/\/nexgendecors.com\/fr\/wp-json\/wp\/v2\/product_cat?post=82407"},{"taxonomy":"product_tag","embeddable":true,"href":"https:\/\/nexgendecors.com\/fr\/wp-json\/wp\/v2\/product_tag?post=82407"}],"curies":[{"name":"wp","href":"https:\/\/api.w.org\/{rel}","templated":true}]}}