{"id":82562,"date":"2025-01-26T03:45:34","date_gmt":"2025-01-26T03:45:34","guid":{"rendered":"https:\/\/nexgendecors.com\/product\/solid-wood-large-long-table-oval-conference-table-simple-office-desk-workbench-light-luxury-creative-designer-negotiation-table\/"},"modified":"2025-04-06T09:39:55","modified_gmt":"2025-04-06T09:39:55","slug":"solid-wood-large-long-table-oval-conference-table-simple-office-desk-workbench-light-luxury-creative-designer-negotiation-table","status":"publish","type":"product","link":"https:\/\/nexgendecors.com\/fr\/product\/solid-wood-large-long-table-oval-conference-table-simple-office-desk-workbench-light-luxury-creative-designer-negotiation-table\/","title":{"rendered":"Light Luxury Oval Solid Wood Conference Table"},"content":{"rendered":"<ul>\n<li>\n<strong>Fonction<\/strong>:Free combination, detachable, movable, other<\/li>\n<li>\n<strong>Mat\u00e9riel<\/strong>:Bois massif<\/li>\n<li>\n<strong>forme<\/strong>:rectangle<\/li>\n<li>\n<strong>Origine<\/strong>:Province du Fujian<\/li>\n<li>\n<strong>Nombre de personnes applicable<\/strong>:6-10 personnes<\/li>\n<li>\n<strong>trier par couleur<\/strong>:160\u00d770\u00d775,180\u00d780\u00d775,200\u00d780\u00d775,220\u00d790\u00d775,240\u00d790\u00d775,260\u00d7100\u00d775,280\u00d7100\u00d775,300\u00d7100\u00d775,320\u00d7110\u00d775,350\u00d7120\u00d775,380\u00d7120\u00d775, picture stool, support color and size customization<\/li>\n<li>\n<strong>Est-ce personnalisable ?<\/strong>:Oui<\/li>\n<li>\n<strong>Assembler<\/strong>:Oui<\/li>\n<li>\n<strong>Un taxi est-il disponible pour le transport ?<\/strong>:Non<\/li>\n<li>\n<strong>Instructions d&#039;installation d\u00e9taill\u00e9es<\/strong>:Fournir des outils d&#039;installation simples<\/li>\n<li>\n<strong>longueur<\/strong>:220cm<\/li>\n<li>\n<strong><\/strong>:<\/li>\n<\/ul>\n<p><img><\/p>","protected":false},"excerpt":{"rendered":"<p>Function:Free combination, detachable, movable, other Material:Solid Wood shape:rectangle Origin:Fujian Province Applicable number of people:6-10 people sort by color:160\u00d770\u00d775,180\u00d780\u00d775,200\u00d780\u00d775,220\u00d790\u00d775,240\u00d790\u00d775,260\u00d7100\u00d775,280\u00d7100\u00d775,300\u00d7100\u00d775,320\u00d7110\u00d775,350\u00d7120\u00d775,380\u00d7120\u00d775, picture stool,<\/p>","protected":false},"featured_media":141388,"comment_status":"open","ping_status":"closed","template":"","meta":[],"product_brand":[],"product_cat":[30852,30971,30861],"product_tag":[],"class_list":{"0":"post-82562","1":"product","2":"type-product","3":"status-publish","4":"has-post-thumbnail","6":"product_cat-dining-set","7":"product_cat-hp","8":"product_cat-wholesale-tables","10":"first","11":"instock","12":"taxable","13":"shipping-taxable","14":"purchasable","15":"product-type-variable"},"_links":{"self":[{"href":"https:\/\/nexgendecors.com\/fr\/wp-json\/wp\/v2\/product\/82562","targetHints":{"allow":["GET"]}}],"collection":[{"href":"https:\/\/nexgendecors.com\/fr\/wp-json\/wp\/v2\/product"}],"about":[{"href":"https:\/\/nexgendecors.com\/fr\/wp-json\/wp\/v2\/types\/product"}],"replies":[{"embeddable":true,"href":"https:\/\/nexgendecors.com\/fr\/wp-json\/wp\/v2\/comments?post=82562"}],"version-history":[{"count":0,"href":"https:\/\/nexgendecors.com\/fr\/wp-json\/wp\/v2\/product\/82562\/revisions"}],"wp:featuredmedia":[{"embeddable":true,"href":"https:\/\/nexgendecors.com\/fr\/wp-json\/wp\/v2\/media\/141388"}],"wp:attachment":[{"href":"https:\/\/nexgendecors.com\/fr\/wp-json\/wp\/v2\/media?parent=82562"}],"wp:term":[{"taxonomy":"product_brand","embeddable":true,"href":"https:\/\/nexgendecors.com\/fr\/wp-json\/wp\/v2\/product_brand?post=82562"},{"taxonomy":"product_cat","embeddable":true,"href":"https:\/\/nexgendecors.com\/fr\/wp-json\/wp\/v2\/product_cat?post=82562"},{"taxonomy":"product_tag","embeddable":true,"href":"https:\/\/nexgendecors.com\/fr\/wp-json\/wp\/v2\/product_tag?post=82562"}],"curies":[{"name":"wp","href":"https:\/\/api.w.org\/{rel}","templated":true}]}}