{"id":82584,"date":"2025-01-26T03:45:39","date_gmt":"2025-01-26T03:45:39","guid":{"rendered":"https:\/\/nexgendecors.com\/product\/solid-wood-mosaic-background-wall-decoration-material-living-room-wall-six-square-tv-background-wall-teak-sandalwood\/"},"modified":"2025-04-15T11:18:08","modified_gmt":"2025-04-15T11:18:08","slug":"solid-wood-mosaic-background-wall-decoration-material-living-room-wall-six-square-tv-background-wall-teak-sandalwood","status":"publish","type":"product","link":"https:\/\/nexgendecors.com\/fr\/product\/solid-wood-mosaic-background-wall-decoration-material-living-room-wall-six-square-tv-background-wall-teak-sandalwood\/","title":{"rendered":"D\u00e9coration murale en mosa\u00efque de bois massif pour le salon et l'espace TV"},"content":{"rendered":"<li title=\"gros coin\"><font style=\"vertical-align: inherit;\"><font style=\"vertical-align: inherit;\">Marque : Daqie<\/font><\/font><\/li>\n<li title=\"DQ-SL120\"><font style=\"vertical-align: inherit;\"><font style=\"vertical-align: inherit;\">Model: DQ-SL120<\/font><\/font><\/li>\n<li title=\"autre\"><font style=\"vertical-align: inherit;\"><font style=\"vertical-align: inherit;\">Mati\u00e8re : autre\/autre<\/font><\/font><\/li>\n<li title=\"the mediterranean\"><font style=\"vertical-align: inherit;\"><font style=\"vertical-align: inherit;\">style: mediterranean<\/font><\/font><\/li>\n<li title=\"Chine continentale\"><font style=\"vertical-align: inherit;\"><font style=\"vertical-align: inherit;\">Origine : Chine continentale<\/font><\/font><\/li>\n<li title=\"mur int\u00e9rieur\"><font style=\"vertical-align: inherit;\"><font style=\"vertical-align: inherit;\">Espace applicable : mur int\u00e9rieur<\/font><\/font><\/li>\n<li title=\"Large square type A (240 yuan\/\u33a1) Large square type B (240 yuan\/\u33a1) Small square (240 yuan\/\u33a1) Rectangle (240 yuan\/\u33a1)\"><font style=\"vertical-align: inherit;\"><font style=\"vertical-align: inherit;\">Color classification: Big square A (240 yuan\/\u33a1), big square B (240 yuan\/\u33a1), small square (240 yuan\/\u33a1), rectangle (240 yuan\/\u33a1)<\/font><\/font><\/li>\n<li title=\"Les acheteurs de la m\u00eame ville viennent r\u00e9cup\u00e9rer les marchandises\"><font style=\"vertical-align: inherit;\"><font style=\"vertical-align: inherit;\">Service dans la m\u00eame ville : les acheteurs de la m\u00eame ville viennent r\u00e9cup\u00e9rer les marchandises<\/font><\/font><\/li>\n<li title=\"300\"><font style=\"vertical-align: inherit;\"><font style=\"vertical-align: inherit;\">Longueur de chaque pi\u00e8ce (mm) : 300<\/font><\/font><\/li>\n<li title=\"300\"><font style=\"vertical-align: inherit;\"><font style=\"vertical-align: inherit;\">Largeur de chaque pi\u00e8ce (mm) : 300<\/font><\/font><\/li>\n<li title=\"0,09\u33a1\"><font style=\"vertical-align: inherit;\"><font style=\"vertical-align: inherit;\">Unit\u00e9 de prix : 0,09\u33a1<\/font><\/font><\/li>\n<li title=\"0,5% ou plus\"><font style=\"vertical-align: inherit;\"><font style=\"vertical-align: inherit;\">Absorption d&#039;eau : plus de 0,5%<\/font><\/font><\/li>\n<li title=\"ne pas envoyer\"><font style=\"vertical-align: inherit;\"><font style=\"vertical-align: inherit;\">Faut-il envoyer des \u00e9chantillons\u00a0: non<\/font><\/font><\/li>","protected":false},"excerpt":{"rendered":"<p>Marque : Daqie Mod\u00e8le : DQ-SL120 Mat\u00e9riau : autre\/autre Style : m\u00e9diterran\u00e9en Origine : Chine continentale Chine continentale Espace concern\u00e9 : mur int\u00e9rieur Classification des couleurs : Grand carr\u00e9 A<\/p>","protected":false},"featured_media":141403,"comment_status":"open","ping_status":"closed","template":"","meta":[],"product_brand":[],"product_cat":[30971,30986,30878],"product_tag":[12259,12260],"class_list":{"0":"post-82584","1":"product","2":"type-product","3":"status-publish","4":"has-post-thumbnail","6":"product_cat-hp","7":"product_cat-tiles-wall-bricks","8":"product_cat-wall-panel","9":"product_tag-_wf_cus","10":"product_tag-_wf_exc","12":"first","13":"instock","14":"sale","15":"taxable","16":"shipping-taxable","17":"purchasable","18":"product-type-variable"},"_links":{"self":[{"href":"https:\/\/nexgendecors.com\/fr\/wp-json\/wp\/v2\/product\/82584","targetHints":{"allow":["GET"]}}],"collection":[{"href":"https:\/\/nexgendecors.com\/fr\/wp-json\/wp\/v2\/product"}],"about":[{"href":"https:\/\/nexgendecors.com\/fr\/wp-json\/wp\/v2\/types\/product"}],"replies":[{"embeddable":true,"href":"https:\/\/nexgendecors.com\/fr\/wp-json\/wp\/v2\/comments?post=82584"}],"version-history":[{"count":0,"href":"https:\/\/nexgendecors.com\/fr\/wp-json\/wp\/v2\/product\/82584\/revisions"}],"wp:featuredmedia":[{"embeddable":true,"href":"https:\/\/nexgendecors.com\/fr\/wp-json\/wp\/v2\/media\/141403"}],"wp:attachment":[{"href":"https:\/\/nexgendecors.com\/fr\/wp-json\/wp\/v2\/media?parent=82584"}],"wp:term":[{"taxonomy":"product_brand","embeddable":true,"href":"https:\/\/nexgendecors.com\/fr\/wp-json\/wp\/v2\/product_brand?post=82584"},{"taxonomy":"product_cat","embeddable":true,"href":"https:\/\/nexgendecors.com\/fr\/wp-json\/wp\/v2\/product_cat?post=82584"},{"taxonomy":"product_tag","embeddable":true,"href":"https:\/\/nexgendecors.com\/fr\/wp-json\/wp\/v2\/product_tag?post=82584"}],"curies":[{"name":"wp","href":"https:\/\/api.w.org\/{rel}","templated":true}]}}