{"id":82589,"date":"2025-01-26T03:45:40","date_gmt":"2025-01-26T03:45:40","guid":{"rendered":"https:\/\/nexgendecors.com\/product\/solid-wood-mosaic-tv-background-wall-porch-log-decoration-living-room-bedroom-european-style-3d-background-ship-wood-mosaic\/"},"modified":"2025-04-15T11:18:08","modified_gmt":"2025-04-15T11:18:08","slug":"mosaique-de-bois-massif-pour-mur-de-fond-de-television-porche-decoration-en-rondins-salon-chambre-a-coucher-style-europeen-arriere-plan-3d-mosaique-de-bois-de-navire","status":"publish","type":"product","link":"https:\/\/nexgendecors.com\/fr\/product\/mosaique-de-bois-massif-pour-mur-de-fond-de-television-porche-decoration-en-rondins-salon-chambre-a-coucher-style-europeen-arriere-plan-3d-mosaique-de-bois-de-navire\/","title":{"rendered":"D\u00e9cor mural en mosa\u00efque de bois massif 3D de style europ\u00e9en"},"content":{"rendered":"<li title=\"autre\"><font style=\"vertical-align: inherit;\"><font style=\"vertical-align: inherit;\">Marque : autre\/autre<\/font><\/font><\/li>\n<li title=\"H-01\"><font style=\"vertical-align: inherit;\"><font style=\"vertical-align: inherit;\">Mod\u00e8le : H-01<\/font><\/font><\/li>\n<li title=\"autre\"><font style=\"vertical-align: inherit;\"><font style=\"vertical-align: inherit;\">Mati\u00e8re : autre\/autre<\/font><\/font><\/li>\n<li title=\"Simple et moderne\"><font style=\"vertical-align: inherit;\"><font style=\"vertical-align: inherit;\">Style : simple et moderne<\/font><\/font><\/li>\n<li title=\"Chine continentale\"><font style=\"vertical-align: inherit;\"><font style=\"vertical-align: inherit;\">Origine : Chine continentale<\/font><\/font><\/li>\n<li title=\"mur int\u00e9rieur\"><font style=\"vertical-align: inherit;\"><font style=\"vertical-align: inherit;\">Espace applicable : mur int\u00e9rieur<\/font><\/font><\/li>\n<li title=\"Surface patin\u00e9e M208-3 Pin finlandais petites particules Pin finlandais plat grandes particules Surface naturelle sans peinture M208-1 Surface peinte M208-2\"><font style=\"vertical-align: inherit;\"><font style=\"vertical-align: inherit;\">Classification des couleurs : Surface alt\u00e9r\u00e9e M208-3 Pin finlandais petites particules Pin finlandais plat grandes particules surface naturelle sans peinture M208-1 surface peinte M208-2<\/font><\/font><\/li>\n<li title=\"300\"><font style=\"vertical-align: inherit;\"><font style=\"vertical-align: inherit;\">Longueur de chaque pi\u00e8ce (mm) : 300<\/font><\/font><\/li>\n<li title=\"300\"><font style=\"vertical-align: inherit;\"><font style=\"vertical-align: inherit;\">Largeur de chaque pi\u00e8ce (mm) : 300<\/font><\/font><\/li>\n<li title=\"240\u33a1\"><font style=\"vertical-align: inherit;\"><font style=\"vertical-align: inherit;\">Unit\u00e9 de prix : 240\u33a1<\/font><\/font><\/li>\n<li title=\"0,5% ou plus\"><font style=\"vertical-align: inherit;\"><font style=\"vertical-align: inherit;\">Absorption d&#039;eau : plus de 0,5%<\/font><\/font><\/li>\n<li title=\"La d\u00e9coupe des \u00e9chantillons et le transport sont \u00e0 votre charge\"><font style=\"vertical-align: inherit;\"><font style=\"vertical-align: inherit;\">Envoi d&#039;\u00e9chantillons : la d\u00e9coupe des \u00e9chantillons et le transport sont \u00e0 votre charge<\/font><\/font><\/li>","protected":false},"excerpt":{"rendered":"<p>Marque : autre\/autre Mod\u00e8le : H-01 Mat\u00e9riau : autre\/autre Style : simple et moderne Origine : Chine continentale Chine continentale Espace d'application : mur int\u00e9rieur Classification des couleurs : Us\u00e9 par les intemp\u00e9ries<\/p>","protected":false},"featured_media":141412,"comment_status":"open","ping_status":"closed","template":"","meta":[],"product_brand":[],"product_cat":[30971,30986,30878],"product_tag":[12259,12260],"class_list":{"0":"post-82589","1":"product","2":"type-product","3":"status-publish","4":"has-post-thumbnail","6":"product_cat-hp","7":"product_cat-tiles-wall-bricks","8":"product_cat-wall-panel","9":"product_tag-_wf_cus","10":"product_tag-_wf_exc","12":"first","13":"instock","14":"sale","15":"taxable","16":"shipping-taxable","17":"purchasable","18":"product-type-variable"},"_links":{"self":[{"href":"https:\/\/nexgendecors.com\/fr\/wp-json\/wp\/v2\/product\/82589","targetHints":{"allow":["GET"]}}],"collection":[{"href":"https:\/\/nexgendecors.com\/fr\/wp-json\/wp\/v2\/product"}],"about":[{"href":"https:\/\/nexgendecors.com\/fr\/wp-json\/wp\/v2\/types\/product"}],"replies":[{"embeddable":true,"href":"https:\/\/nexgendecors.com\/fr\/wp-json\/wp\/v2\/comments?post=82589"}],"version-history":[{"count":0,"href":"https:\/\/nexgendecors.com\/fr\/wp-json\/wp\/v2\/product\/82589\/revisions"}],"wp:featuredmedia":[{"embeddable":true,"href":"https:\/\/nexgendecors.com\/fr\/wp-json\/wp\/v2\/media\/141412"}],"wp:attachment":[{"href":"https:\/\/nexgendecors.com\/fr\/wp-json\/wp\/v2\/media?parent=82589"}],"wp:term":[{"taxonomy":"product_brand","embeddable":true,"href":"https:\/\/nexgendecors.com\/fr\/wp-json\/wp\/v2\/product_brand?post=82589"},{"taxonomy":"product_cat","embeddable":true,"href":"https:\/\/nexgendecors.com\/fr\/wp-json\/wp\/v2\/product_cat?post=82589"},{"taxonomy":"product_tag","embeddable":true,"href":"https:\/\/nexgendecors.com\/fr\/wp-json\/wp\/v2\/product_tag?post=82589"}],"curies":[{"name":"wp","href":"https:\/\/api.w.org\/{rel}","templated":true}]}}