{"id":82747,"date":"2025-01-26T03:46:05","date_gmt":"2025-01-26T03:46:05","guid":{"rendered":"https:\/\/nexgendecors.com\/product\/stackable-training-chair-with-table-board-conference-chair-with-writing-board-office-backrest-reporter-tutoring-student-chair\/"},"modified":"2025-04-06T09:40:32","modified_gmt":"2025-04-06T09:40:32","slug":"stackable-training-chair-with-table-board-conference-chair-with-writing-board-office-backrest-reporter-tutoring-student-chair","status":"publish","type":"product","link":"https:\/\/nexgendecors.com\/fr\/product\/stackable-training-chair-with-table-board-conference-chair-with-writing-board-office-backrest-reporter-tutoring-student-chair\/","title":{"rendered":"Stackable Conference Chair with Writing Board &#038; Backrest"},"content":{"rendered":"<ul>\n<li>\n<strong>marque<\/strong>:Heureusement,<\/li>\n<li>\n<strong>mod\u00e8le<\/strong>:008<\/li>\n<li>\n<strong>Mat\u00e9riel<\/strong>:M\u00e9tal<\/li>\n<li>\n<strong>style<\/strong>:Moderne et simple<\/li>\n<li>\n<strong>Origine<\/strong>:Chine continentale<\/li>\n<li>\n<strong>province<\/strong>:Province du Zhejiang<\/li>\n<li>\n<strong>ville<\/strong>:Huzhou<\/li>\n<li>\n<strong>trier par couleur<\/strong>:Painted model with table board all black (2 photos starting), painted model with table board sitting green back black (2 photos starting), painted model with table board sitting orange back black (2 photos starting), painted model with table board sitting blue back black (2 photos starting), painted model with table board sitting red back black (2 photos starting), painted model with table board sitting black back gray and white (2 photos starting), painted model with table board sitting green back gray and white (2 photos starting), painted model with table board sitting orange back gray and white (2 photos starting), painted model with table board sitting blue back gray and white (2 photos starting), painted model with table board sitting red back gray and white (2 photos starting Starting at 2 pieces), Painted model with table top all green (starting at 2 pieces), Painted model with table top all blue (starting at 2 pieces), Painted model without table top black back (sit color note) (starting at 2 pieces), Painted model without table top gray back (sit color note) (starting at 2 pieces), Electroplated model with table top black back (sit color note) (starting at 2 pieces), Electroplated model with table top gray back (sit color note) (starting at 2 pieces), Electroplated model without table top black back (sit color note) (starting at 2 pieces), Electroplated model without table top gray back (sit color note) (starting at 2 pieces)<\/li>\n<li>\n<strong>Mat\u00e9riau en tissu<\/strong>:filet<\/li>\n<li>\n<strong>Hauteur du dossier<\/strong>:82cm<\/li>\n<li>\n<strong>Est-ce pliable ?<\/strong>:Non<\/li>\n<li>\n<strong>Normes environnementales<\/strong>:Autre<\/li>\n<li>\n<strong>Est-ce personnalisable ?<\/strong>:Oui<\/li>\n<li>\n<strong>Que ce soit avec un rouleau<\/strong>:Non<\/li>\n<li>\n<strong>Peut-il \u00eatre \u00e9lev\u00e9 ou abaiss\u00e9 ?<\/strong>:Non<\/li>\n<li>\n<strong>Faut-il apporter un tableau d&#039;\u00e9criture ?<\/strong>:Oui<\/li>\n<li>\n<strong>Y a-t-il des mains courantes ?<\/strong>:Non<\/li>\n<li>\n<strong>Est-ce empilable ?<\/strong>:Oui<\/li>\n<li>\n<strong>Type de main courante<\/strong>:No armrests<\/li>\n<li>\n<strong><\/strong>:<\/li>\n<\/ul>\n<p><img><\/p>","protected":false},"excerpt":{"rendered":"<p>brand:Fortunately, model:008 Material:Metal style:Modern and simple Origin:Chinese mainland province:Zhejiang Province city:Huzhou sort by color:Painted model with table board all black<\/p>","protected":false},"featured_media":141604,"comment_status":"open","ping_status":"closed","template":"","meta":[],"product_brand":[],"product_cat":[30971,30866],"product_tag":[],"class_list":{"0":"post-82747","1":"product","2":"type-product","3":"status-publish","4":"has-post-thumbnail","6":"product_cat-hp","7":"product_cat-wholesales-university-high-schools","9":"first","10":"instock","11":"taxable","12":"shipping-taxable","13":"purchasable","14":"product-type-variable"},"_links":{"self":[{"href":"https:\/\/nexgendecors.com\/fr\/wp-json\/wp\/v2\/product\/82747","targetHints":{"allow":["GET"]}}],"collection":[{"href":"https:\/\/nexgendecors.com\/fr\/wp-json\/wp\/v2\/product"}],"about":[{"href":"https:\/\/nexgendecors.com\/fr\/wp-json\/wp\/v2\/types\/product"}],"replies":[{"embeddable":true,"href":"https:\/\/nexgendecors.com\/fr\/wp-json\/wp\/v2\/comments?post=82747"}],"version-history":[{"count":0,"href":"https:\/\/nexgendecors.com\/fr\/wp-json\/wp\/v2\/product\/82747\/revisions"}],"wp:featuredmedia":[{"embeddable":true,"href":"https:\/\/nexgendecors.com\/fr\/wp-json\/wp\/v2\/media\/141604"}],"wp:attachment":[{"href":"https:\/\/nexgendecors.com\/fr\/wp-json\/wp\/v2\/media?parent=82747"}],"wp:term":[{"taxonomy":"product_brand","embeddable":true,"href":"https:\/\/nexgendecors.com\/fr\/wp-json\/wp\/v2\/product_brand?post=82747"},{"taxonomy":"product_cat","embeddable":true,"href":"https:\/\/nexgendecors.com\/fr\/wp-json\/wp\/v2\/product_cat?post=82747"},{"taxonomy":"product_tag","embeddable":true,"href":"https:\/\/nexgendecors.com\/fr\/wp-json\/wp\/v2\/product_tag?post=82747"}],"curies":[{"name":"wp","href":"https:\/\/api.w.org\/{rel}","templated":true}]}}