{"id":82884,"date":"2025-01-26T03:46:23","date_gmt":"2025-01-26T03:46:23","guid":{"rendered":"https:\/\/nexgendecors.com\/product\/staff-desk-employee-seat-light-luxury-high-end-office-desk-financial-desk-four-person-computer-desk-and-chair-combination\/"},"modified":"2025-04-06T09:40:53","modified_gmt":"2025-04-06T09:40:53","slug":"staff-desk-employee-seat-light-luxury-high-end-office-desk-financial-desk-four-person-computer-desk-and-chair-combination","status":"publish","type":"product","link":"https:\/\/nexgendecors.com\/fr\/product\/staff-desk-employee-seat-light-luxury-high-end-office-desk-financial-desk-four-person-computer-desk-and-chair-combination\/","title":{"rendered":"Ensemble bureau et chaise haut de gamme pour bureau \u00e0 4 personnes"},"content":{"rendered":"<ul>\n<li>\n<strong>marque<\/strong>:Wo Lin<\/li>\n<li>\n<strong>mod\u00e8le<\/strong>:SH-Z1212<\/li>\n<li>\n<strong>Mat\u00e9riel<\/strong>:Fiberboard<\/li>\n<li>\n<strong>style<\/strong>:Style de luxe l\u00e9ger<\/li>\n<li>\n<strong>trier par couleur<\/strong>:1.2m single seat 1.4m single seat 1.2m 2 seats 1.4m 2 seats 2.4m 4 seats 2.8m 4 seats 3.6m 6 seats 4.2m 6 seats 1.2m single seat chair * 1 1.4m single seat chair * 1 1.2m 2 seats + chair * 2 1.4m 2 seats + chair * 2 2.4m 4 seats + chair * 4 2.8m 4 seats + chair * 4 3.6m 6 seats + chair * 6 4.2m 6 seats + chair * 6 2.4m 4 seats [two side cabinets] 2.8m 4 seats [two side cabinets] 2.4m 4 seats [two side cabinets] + chair * 4 2.8m 4 seats [two side cabinets] + chair * 4 2.4m 4 seats [center cabinet] 2.8m 4 seats [center cabinet] 2.4m 4-seater [center cabinet] + chairs * 4 2.8m 4-seater [center cabinet] + chairs * 4<\/li>\n<li>\n<strong>Y a-t-il un \u00e9cran ?<\/strong>:Oui<\/li>\n<li>\n<strong>Fonctionnalit\u00e9s suppl\u00e9mentaires<\/strong>:With drawer and wire box<\/li>\n<li>\n<strong>Assembler<\/strong>:Oui<\/li>\n<li>\n<strong>La pr\u00e9vente est-elle disponible ?<\/strong>:Oui<\/li>\n<li>\n<strong>Un taxi est-il disponible pour le transport ?<\/strong>:Non<\/li>\n<li>\n<strong>longueur<\/strong>:120cm<\/li>\n<\/ul>\n<p><img><\/p>","protected":false},"excerpt":{"rendered":"<p>Marque : Wo Lin Mod\u00e8le : SH-Z1212 Mat\u00e9riau : Panneau de fibres Style : Style de luxe l\u00e9ger Trier par couleur : 1,2 m si\u00e8ge simple 1,4 m si\u00e8ge simple 1,2 m 2 si\u00e8ges 1,4 m 2<\/p>","protected":false},"featured_media":141792,"comment_status":"open","ping_status":"closed","template":"","meta":[],"product_brand":[],"product_cat":[30901,30971,30859],"product_tag":[],"class_list":{"0":"post-82884","1":"product","2":"type-product","3":"status-publish","4":"has-post-thumbnail","6":"product_cat-bs-office","7":"product_cat-hp","8":"product_cat-wholesale-office","10":"first","11":"instock","12":"sale","13":"taxable","14":"shipping-taxable","15":"purchasable","16":"product-type-variable"},"_links":{"self":[{"href":"https:\/\/nexgendecors.com\/fr\/wp-json\/wp\/v2\/product\/82884","targetHints":{"allow":["GET"]}}],"collection":[{"href":"https:\/\/nexgendecors.com\/fr\/wp-json\/wp\/v2\/product"}],"about":[{"href":"https:\/\/nexgendecors.com\/fr\/wp-json\/wp\/v2\/types\/product"}],"replies":[{"embeddable":true,"href":"https:\/\/nexgendecors.com\/fr\/wp-json\/wp\/v2\/comments?post=82884"}],"version-history":[{"count":0,"href":"https:\/\/nexgendecors.com\/fr\/wp-json\/wp\/v2\/product\/82884\/revisions"}],"wp:featuredmedia":[{"embeddable":true,"href":"https:\/\/nexgendecors.com\/fr\/wp-json\/wp\/v2\/media\/141792"}],"wp:attachment":[{"href":"https:\/\/nexgendecors.com\/fr\/wp-json\/wp\/v2\/media?parent=82884"}],"wp:term":[{"taxonomy":"product_brand","embeddable":true,"href":"https:\/\/nexgendecors.com\/fr\/wp-json\/wp\/v2\/product_brand?post=82884"},{"taxonomy":"product_cat","embeddable":true,"href":"https:\/\/nexgendecors.com\/fr\/wp-json\/wp\/v2\/product_cat?post=82884"},{"taxonomy":"product_tag","embeddable":true,"href":"https:\/\/nexgendecors.com\/fr\/wp-json\/wp\/v2\/product_tag?post=82884"}],"curies":[{"name":"wp","href":"https:\/\/api.w.org\/{rel}","templated":true}]}}