{"id":82957,"date":"2025-01-26T03:46:30","date_gmt":"2025-01-26T03:46:30","guid":{"rendered":"https:\/\/nexgendecors.com\/product\/staff-desk-simple-modern-double-4-six-person-6-four-screen-workstation-employee-office-desk-and-chair-combination-table\/"},"modified":"2025-04-06T09:41:00","modified_gmt":"2025-04-06T09:41:00","slug":"staff-desk-simple-modern-double-4-six-person-6-four-screen-workstation-employee-office-desk-and-chair-combination-table","status":"publish","type":"product","link":"https:\/\/nexgendecors.com\/fr\/product\/staff-desk-simple-modern-double-4-six-person-6-four-screen-workstation-employee-office-desk-and-chair-combination-table\/","title":{"rendered":"Poste de travail double moderne pour un bureau \u00e0 6 personnes"},"content":{"rendered":"<ul>\n<li>\n<strong>marque<\/strong>:Petit artisan<\/li>\n<li>\n<strong>mod\u00e8le<\/strong>:801-A<\/li>\n<li>\n<strong>style<\/strong>:Simple et moderne<\/li>\n<li>\n<strong>Assembler<\/strong>:Oui<\/li>\n<li>\n<strong>La pr\u00e9vente est-elle disponible ?<\/strong>:Oui<\/li>\n<li>\n<strong>Fonctionnalit\u00e9s suppl\u00e9mentaires<\/strong>:With drawer and wire box<\/li>\n<li>\n<strong>Types de planches artificielles<\/strong>:Panneau de particules\/panneau de m\u00e9lamine<\/li>\n<li>\n<strong>Est-ce personnalisable ?<\/strong>:Oui<\/li>\n<li>\n<strong>longueur<\/strong>:120cm<\/li>\n<li>\n<strong>forme<\/strong>:One-line<\/li>\n<li>\n<strong>Mat\u00e9riel<\/strong>:Panneaux \u00e0 base de bois<\/li>\n<li>\n<strong>Instructions d&#039;installation d\u00e9taill\u00e9es<\/strong>:Fournir des instructions d&#039;installation<\/li>\n<li>\n<strong>Un taxi est-il disponible pour le transport ?<\/strong>:Non<\/li>\n<li>\n<strong>Y a-t-il un \u00e9cran ?<\/strong>:Oui<\/li>\n<li>\n<strong>Normes environnementales<\/strong>:E1<\/li>\n<li>\n<strong>trier par couleur<\/strong>:Make an appointment for the offline exhibition hall in Hangzhou: 15157159604 U8 staff chair (nylon feet) U8A staff chair (steel feet) T03 staff chair (nylon feet) T03G high back staff chair (nylon feet) [3rd generation &#8211; red tea orange] double seat (1200*1200*750) [3rd generation &#8211; red tea orange] four seats (2400*1200*750) [3rd generation &#8211; red tea orange] six seats (3600*1200*750) [3rd generation &#8211; red tea orange] eight seats (4800*1200*750) [4th generation &#8211; red tea orange] double seat (1200*1200*750) [4th generation &#8211; red tea orange] four seats (2400*1200*750) [4th generation &#8211; red tea orange] six seats (3600*1200*750) [4th generation &#8211; red tea orange] eight seats (4800*1200*750) [3rd generation &#8211; mysterious gray] two seats (1200*1200*750) [3rd generation &#8211; mysterious gray] four seats (2400*1200*750) [3rd generation &#8211; mysterious gray] six seats (3600*1200*750) [3rd generation &#8211; mysterious gray] eight seats (4800*1200*750)<\/li>\n<li>\n<strong><\/strong>:<\/li>\n<\/ul>\n<p><img><\/p>","protected":false},"excerpt":{"rendered":"<p>marque:Little Craftsman mod\u00e8le:801-A style:Simple et moderne Assembler:oui Est-ce que la pr\u00e9vente est disponible?:oui Caract\u00e9ristiques suppl\u00e9mentaires:Avec tiroir et bo\u00eete \u00e0 fils Types de panneaux artificiels:Panneau de particules\/M\u00e9lamine<\/p>","protected":false},"featured_media":141848,"comment_status":"open","ping_status":"closed","template":"","meta":[],"product_brand":[],"product_cat":[30901,30971,30859],"product_tag":[],"class_list":{"0":"post-82957","1":"product","2":"type-product","3":"status-publish","4":"has-post-thumbnail","6":"product_cat-bs-office","7":"product_cat-hp","8":"product_cat-wholesale-office","10":"first","11":"instock","12":"sale","13":"taxable","14":"shipping-taxable","15":"purchasable","16":"product-type-variable"},"_links":{"self":[{"href":"https:\/\/nexgendecors.com\/fr\/wp-json\/wp\/v2\/product\/82957","targetHints":{"allow":["GET"]}}],"collection":[{"href":"https:\/\/nexgendecors.com\/fr\/wp-json\/wp\/v2\/product"}],"about":[{"href":"https:\/\/nexgendecors.com\/fr\/wp-json\/wp\/v2\/types\/product"}],"replies":[{"embeddable":true,"href":"https:\/\/nexgendecors.com\/fr\/wp-json\/wp\/v2\/comments?post=82957"}],"version-history":[{"count":0,"href":"https:\/\/nexgendecors.com\/fr\/wp-json\/wp\/v2\/product\/82957\/revisions"}],"wp:featuredmedia":[{"embeddable":true,"href":"https:\/\/nexgendecors.com\/fr\/wp-json\/wp\/v2\/media\/141848"}],"wp:attachment":[{"href":"https:\/\/nexgendecors.com\/fr\/wp-json\/wp\/v2\/media?parent=82957"}],"wp:term":[{"taxonomy":"product_brand","embeddable":true,"href":"https:\/\/nexgendecors.com\/fr\/wp-json\/wp\/v2\/product_brand?post=82957"},{"taxonomy":"product_cat","embeddable":true,"href":"https:\/\/nexgendecors.com\/fr\/wp-json\/wp\/v2\/product_cat?post=82957"},{"taxonomy":"product_tag","embeddable":true,"href":"https:\/\/nexgendecors.com\/fr\/wp-json\/wp\/v2\/product_tag?post=82957"}],"curies":[{"name":"wp","href":"https:\/\/api.w.org\/{rel}","templated":true}]}}