{"id":83028,"date":"2025-01-26T03:46:39","date_gmt":"2025-01-26T03:46:39","guid":{"rendered":"https:\/\/nexgendecors.com\/product\/staff-office-desk-and-chair-combination-furniture-simple-modern-4-6-multi-person-computer-partition-workstation-screen-staff-desk-1\/"},"modified":"2025-04-06T09:41:11","modified_gmt":"2025-04-06T09:41:11","slug":"bureau-du-personnel-combinaison-de-bureau-et-de-chaise-mobilier-simple-et-moderne-cloison-de-separation-pour-ordinateur-multi-personnes-pour-4-ou-6-personnes-ecran-de-poste-de-travail-bureau-du-p","status":"publish","type":"product","link":"https:\/\/nexgendecors.com\/fr\/product\/bureau-du-personnel-combinaison-de-bureau-et-de-chaise-mobilier-simple-et-moderne-cloison-de-separation-pour-ordinateur-multi-personnes-pour-4-ou-6-personnes-ecran-de-poste-de-travail-bureau-du-p\/","title":{"rendered":"Poste de travail multi-personnes moderne avec cloisons"},"content":{"rendered":"<ul>\n<li>\n<strong>marque<\/strong>:Chanson de la saison de la po\u00e9sie<\/li>\n<li>\n<strong>mod\u00e8le<\/strong>:SJMG-BGZ-024<\/li>\n<li>\n<strong>style<\/strong>:Simple et moderne<\/li>\n<li>\n<strong>Assembler<\/strong>:Oui<\/li>\n<li>\n<strong>La pr\u00e9vente est-elle disponible ?<\/strong>:Oui<\/li>\n<li>\n<strong>Fonctionnalit\u00e9s suppl\u00e9mentaires<\/strong>:Tiroir amovible avec bo\u00eete \u00e0 fils<\/li>\n<li>\n<strong>Types de planches artificielles<\/strong>:Panneau de particules\/panneau de m\u00e9lamine<\/li>\n<li>\n<strong>Est-ce personnalisable ?<\/strong>:Oui<\/li>\n<li>\n<strong>longueur<\/strong>:120cm<\/li>\n<li>\n<strong>forme<\/strong>:Type TType EType FType IType crois\u00e9Type tigeType L<\/li>\n<li>\n<strong>Mat\u00e9riel<\/strong>:Panneaux \u00e0 base de bois<\/li>\n<li>\n<strong>Instructions d&#039;installation d\u00e9taill\u00e9es<\/strong>:Vid\u00e9o d&#039;instructions d&#039;installation fournie<\/li>\n<li>\n<strong>Un taxi est-il disponible pour le transport ?<\/strong>:Non<\/li>\n<li>\n<strong>Faut-il avoir un \u00e9cran ?<\/strong>:Non<\/li>\n<li>\n<strong>trier par couleur<\/strong>:Si\u00e8ge simple [teck + blanc chaud] Si\u00e8ge simple + meuble mobile [teck + blanc chaud] Si\u00e8ge simple + chaise [teck + blanc chaud] Si\u00e8ge simple + meuble chaise [teck + blanc chaud] Deux places en forme simple [teck + blanc chaud] Deux places en forme simple + meuble mobile Deux places en forme simple + chaise [teck + blanc chaud] Deux places en forme simple + meuble chaise [teck + blanc chaud] Deux places en forme simple [teck + blanc chaud] Deux places en forme simple + meuble mobile [teck + blanc chaud] Deux places en forme simple + meuble chaise [teck + blanc chaud] Deux places en forme simple + meuble chaise [teck + blanc chaud] Quatre places en forme de prince [teck + blanc chaud] Quatre places en forme de prince + meuble mobile [teck + blanc chaud] Quatre places en forme de prince + chaise [teck + blanc chaud] Quatre places en forme de prince + meuble chaise [teck + blanc chaud] Six places en forme de roi [teck + [blanc chaud] Canap\u00e9 six places en forme de roi + armoire mobile [teck + blanc chaud] Canap\u00e9 six places en forme de roi + chaise [teck + blanc chaud] Canap\u00e9 six places en forme de roi + chaise d&#039;armoire [teck + blanc chaud]<\/li>\n<\/ul>\n<p><img><\/p>","protected":false},"excerpt":{"rendered":"<p>brand:Poetry Season Song model:SJMG-BGZ-024 style:Simple and modern Assemble:yes Is pre-sale available?:yes Additional features:Removable drawer with wire box Types of artificial<\/p>","protected":false},"featured_media":141906,"comment_status":"open","ping_status":"closed","template":"","meta":[],"product_brand":[],"product_cat":[30971,30859],"product_tag":[],"class_list":{"0":"post-83028","1":"product","2":"type-product","3":"status-publish","4":"has-post-thumbnail","6":"product_cat-hp","7":"product_cat-wholesale-office","9":"first","10":"instock","11":"sale","12":"taxable","13":"shipping-taxable","14":"purchasable","15":"product-type-variable"},"_links":{"self":[{"href":"https:\/\/nexgendecors.com\/fr\/wp-json\/wp\/v2\/product\/83028","targetHints":{"allow":["GET"]}}],"collection":[{"href":"https:\/\/nexgendecors.com\/fr\/wp-json\/wp\/v2\/product"}],"about":[{"href":"https:\/\/nexgendecors.com\/fr\/wp-json\/wp\/v2\/types\/product"}],"replies":[{"embeddable":true,"href":"https:\/\/nexgendecors.com\/fr\/wp-json\/wp\/v2\/comments?post=83028"}],"version-history":[{"count":0,"href":"https:\/\/nexgendecors.com\/fr\/wp-json\/wp\/v2\/product\/83028\/revisions"}],"wp:featuredmedia":[{"embeddable":true,"href":"https:\/\/nexgendecors.com\/fr\/wp-json\/wp\/v2\/media\/141906"}],"wp:attachment":[{"href":"https:\/\/nexgendecors.com\/fr\/wp-json\/wp\/v2\/media?parent=83028"}],"wp:term":[{"taxonomy":"product_brand","embeddable":true,"href":"https:\/\/nexgendecors.com\/fr\/wp-json\/wp\/v2\/product_brand?post=83028"},{"taxonomy":"product_cat","embeddable":true,"href":"https:\/\/nexgendecors.com\/fr\/wp-json\/wp\/v2\/product_cat?post=83028"},{"taxonomy":"product_tag","embeddable":true,"href":"https:\/\/nexgendecors.com\/fr\/wp-json\/wp\/v2\/product_tag?post=83028"}],"curies":[{"name":"wp","href":"https:\/\/api.w.org\/{rel}","templated":true}]}}