{"id":83049,"date":"2025-01-26T03:46:41","date_gmt":"2025-01-26T03:46:41","guid":{"rendered":"https:\/\/nexgendecors.com\/product\/staff-office-desk-and-chair-combination-simple-modern-white-2-4-6-person-screen-workstation-employee-card-computer-desk\/"},"modified":"2025-04-06T09:41:14","modified_gmt":"2025-04-06T09:41:14","slug":"combinaison-bureau-et-chaise-de-bureau-simple-et-moderne-blanc-pour-2-4-ou-6-personnes-poste-de-travail-avec-ecran-carte-demploye-bureau-dordinateur","status":"publish","type":"product","link":"https:\/\/nexgendecors.com\/fr\/product\/combinaison-bureau-et-chaise-de-bureau-simple-et-moderne-blanc-pour-2-4-ou-6-personnes-poste-de-travail-avec-ecran-carte-demploye-bureau-dordinateur\/","title":{"rendered":"Bureau et chaise de bureau blancs modernes pour 2 \u00e0 6 personnes"},"content":{"rendered":"<ul>\n<li>\n<strong>marque<\/strong>:Petit artisan<\/li>\n<li>\n<strong>mod\u00e8le<\/strong>:BKZYZ-001<\/li>\n<li>\n<strong>style<\/strong>:Simple et moderne<\/li>\n<li>\n<strong>Assembler<\/strong>:Oui<\/li>\n<li>\n<strong>La pr\u00e9vente est-elle disponible ?<\/strong>:Oui<\/li>\n<li>\n<strong>Fonctionnalit\u00e9s suppl\u00e9mentaires<\/strong>:D\u00e9montage<\/li>\n<li>\n<strong>Types de planches artificielles<\/strong>:Panneau de particules\/panneau de m\u00e9lamine<\/li>\n<li>\n<strong>Est-ce personnalisable ?<\/strong>:Oui<\/li>\n<li>\n<strong>longueur<\/strong>:120cm<\/li>\n<li>\n<strong>Mat\u00e9riel<\/strong>:Panneaux \u00e0 base de bois<\/li>\n<li>\n<strong>Instructions d&#039;installation d\u00e9taill\u00e9es<\/strong>:Vid\u00e9o d&#039;instructions d&#039;installation fournie<\/li>\n<li>\n<strong>Un taxi est-il disponible pour le transport ?<\/strong>:Non<\/li>\n<li>\n<strong>Y a-t-il un \u00e9cran ?<\/strong>:Oui<\/li>\n<li>\n<strong>trier par couleur<\/strong>:Prenez rendez-vous pour le hall d&#039;exposition hors ligne \u00e0 Hangzhou : 15157159604 Chaise de personnel U8 [pieds en nylon] Chaise de personnel U8A [pieds en acier] [3e g\u00e9n\u00e9ration sans \u00e9lectricit\u00e9] si\u00e8ge double 1,2 m [3e g\u00e9n\u00e9ration sans \u00e9lectricit\u00e9] si\u00e8ge double 1,4 m [3e g\u00e9n\u00e9ration sans \u00e9lectricit\u00e9] quatre si\u00e8ges 2,4 m [3e g\u00e9n\u00e9ration sans \u00e9lectricit\u00e9] quatre si\u00e8ges 2,8 m [3e g\u00e9n\u00e9ration sans \u00e9lectricit\u00e9] six si\u00e8ges 3,6 m [3e g\u00e9n\u00e9ration sans \u00e9lectricit\u00e9] six si\u00e8ges 4,2 m [3e g\u00e9n\u00e9ration sans \u00e9lectricit\u00e9] huit si\u00e8ges 4,8 m [3e g\u00e9n\u00e9ration sans \u00e9lectricit\u00e9] huit si\u00e8ges 5,6 m<\/li>\n<li>\n<strong><\/strong>:<\/li>\n<\/ul>\n<p><img><\/p>","protected":false},"excerpt":{"rendered":"<p>brand:Little Craftsman model:BKZYZ-001 style:Simple and modern Assemble:yes Is pre-sale available?:yes Additional features:Disassembly Types of artificial boards:Particleboard\/Melamine board Is it customizable?:yes<\/p>","protected":false},"featured_media":141911,"comment_status":"open","ping_status":"closed","template":"","meta":[],"product_brand":[],"product_cat":[30971,30859],"product_tag":[],"class_list":{"0":"post-83049","1":"product","2":"type-product","3":"status-publish","4":"has-post-thumbnail","6":"product_cat-hp","7":"product_cat-wholesale-office","9":"first","10":"instock","11":"sale","12":"taxable","13":"shipping-taxable","14":"purchasable","15":"product-type-variable"},"_links":{"self":[{"href":"https:\/\/nexgendecors.com\/fr\/wp-json\/wp\/v2\/product\/83049","targetHints":{"allow":["GET"]}}],"collection":[{"href":"https:\/\/nexgendecors.com\/fr\/wp-json\/wp\/v2\/product"}],"about":[{"href":"https:\/\/nexgendecors.com\/fr\/wp-json\/wp\/v2\/types\/product"}],"replies":[{"embeddable":true,"href":"https:\/\/nexgendecors.com\/fr\/wp-json\/wp\/v2\/comments?post=83049"}],"version-history":[{"count":0,"href":"https:\/\/nexgendecors.com\/fr\/wp-json\/wp\/v2\/product\/83049\/revisions"}],"wp:featuredmedia":[{"embeddable":true,"href":"https:\/\/nexgendecors.com\/fr\/wp-json\/wp\/v2\/media\/141911"}],"wp:attachment":[{"href":"https:\/\/nexgendecors.com\/fr\/wp-json\/wp\/v2\/media?parent=83049"}],"wp:term":[{"taxonomy":"product_brand","embeddable":true,"href":"https:\/\/nexgendecors.com\/fr\/wp-json\/wp\/v2\/product_brand?post=83049"},{"taxonomy":"product_cat","embeddable":true,"href":"https:\/\/nexgendecors.com\/fr\/wp-json\/wp\/v2\/product_cat?post=83049"},{"taxonomy":"product_tag","embeddable":true,"href":"https:\/\/nexgendecors.com\/fr\/wp-json\/wp\/v2\/product_tag?post=83049"}],"curies":[{"name":"wp","href":"https:\/\/api.w.org\/{rel}","templated":true}]}}