{"id":83062,"date":"2025-01-26T03:46:43","date_gmt":"2025-01-26T03:46:43","guid":{"rendered":"https:\/\/nexgendecors.com\/product\/stainless-steel-park-chair-outdoor-long-chair-antiseptic-wood-square-culture-custom-iron-bench-public-chair-long-chair-2\/"},"modified":"2025-04-06T09:41:18","modified_gmt":"2025-04-06T09:41:18","slug":"chaise-de-parc-en-acier-inoxydable-chaise-longue-dexterieur-bois-antiseptique-carre-culture-banc-en-fer-personnalise-chaise-publique-chaise-longue-2","status":"publish","type":"product","link":"https:\/\/nexgendecors.com\/fr\/product\/chaise-de-parc-en-acier-inoxydable-chaise-longue-dexterieur-bois-antiseptique-carre-culture-banc-en-fer-personnalise-chaise-publique-chaise-longue-2\/","title":{"rendered":"Banc de parc ext\u00e9rieur en acier inoxydable sur mesure avec accents en bois"},"content":{"rendered":"<ul>\n<li>\n<strong>Poids brut<\/strong>:60 kg<\/li>\n<li>\n<strong>marque<\/strong>:autre\/autre<\/li>\n<li>\n<strong>mod\u00e8le<\/strong>:Chaise en \u00e9cailles de poisson<\/li>\n<li>\n<strong>style<\/strong>:Simple et moderne<\/li>\n<li>\n<strong>ville<\/strong>:Wuhan<\/li>\n<li>\n<strong>Districts et comt\u00e9s<\/strong>:District de Dongxihu<\/li>\n<li>\n<strong>Fonctionnalit\u00e9s suppl\u00e9mentaires<\/strong>:il peut bouger<\/li>\n<li>\n<strong>volume du colis<\/strong>:200*42*75<\/li>\n<li>\n<strong>Est-ce personnalisable ?<\/strong>:Oui<\/li>\n<li>\n<strong>Mat\u00e9riau du si\u00e8ge<\/strong>:Bois massif<\/li>\n<li>\n<strong>Structure du meuble<\/strong>:Cadre<\/li>\n<li>\n<strong>Origine<\/strong>:Province du Hubei<\/li>\n<li>\n<strong>Un taxi est-il disponible pour le transport ?<\/strong>:Non<\/li>\n<li>\n<strong>trier par couleur<\/strong>:Dossier 180*42*75 plaque d&#039;acier galvanis\u00e9 + bois anticorrosion [produit fini en stock], avec dossier 180*42*75 plaque d&#039;acier galvanis\u00e9 + bois anticorrosion [produit fini en stock], dossier en acier inoxydable ondul\u00e9 180*42*75 201 acier inoxydable + bois plastique [produit fini en stock], dossier urbain en acier inoxydable 180*42*75 201 acier inoxydable + bois plastique [produit fini en stock], sans dossier 180*40*42 plaque d&#039;acier galvanis\u00e9 + bois anticorrosion [produit fini en stock], sans dossier 180*40*42 plaque d&#039;acier galvanis\u00e9 + bois anticorrosion [plus s\u00e9rigraphie], sans dossier 180*40*42 acier inoxydable + bois anticorrosion [produit fini en stock], prise en charge de la personnalisation du motif creux [contacter le service client], impression du texte du dossier + impression du texte recto verso [prix suppl\u00e9mentaire 180]<\/li>\n<\/ul>\n<p><img><\/p>","protected":false},"excerpt":{"rendered":"<p>Poids brut : 60 kg marque : autre\/autre mod\u00e8le : chaise \u00e9cailles de poisson style : simple et moderne ville : Wuhan districts et comt\u00e9s : district de Dongxihu caract\u00e9ristiques suppl\u00e9mentaires : il peut se d\u00e9placer volume du colis : 200*42*75<\/p>","protected":false},"featured_media":141927,"comment_status":"open","ping_status":"closed","template":"","meta":[],"product_brand":[],"product_cat":[30971,30853],"product_tag":[],"class_list":{"0":"post-83062","1":"product","2":"type-product","3":"status-publish","4":"has-post-thumbnail","6":"product_cat-hp","7":"product_cat-new-wholesale-public-projects","9":"first","10":"instock","11":"taxable","12":"shipping-taxable","13":"purchasable","14":"product-type-variable"},"_links":{"self":[{"href":"https:\/\/nexgendecors.com\/fr\/wp-json\/wp\/v2\/product\/83062","targetHints":{"allow":["GET"]}}],"collection":[{"href":"https:\/\/nexgendecors.com\/fr\/wp-json\/wp\/v2\/product"}],"about":[{"href":"https:\/\/nexgendecors.com\/fr\/wp-json\/wp\/v2\/types\/product"}],"replies":[{"embeddable":true,"href":"https:\/\/nexgendecors.com\/fr\/wp-json\/wp\/v2\/comments?post=83062"}],"version-history":[{"count":0,"href":"https:\/\/nexgendecors.com\/fr\/wp-json\/wp\/v2\/product\/83062\/revisions"}],"wp:featuredmedia":[{"embeddable":true,"href":"https:\/\/nexgendecors.com\/fr\/wp-json\/wp\/v2\/media\/141927"}],"wp:attachment":[{"href":"https:\/\/nexgendecors.com\/fr\/wp-json\/wp\/v2\/media?parent=83062"}],"wp:term":[{"taxonomy":"product_brand","embeddable":true,"href":"https:\/\/nexgendecors.com\/fr\/wp-json\/wp\/v2\/product_brand?post=83062"},{"taxonomy":"product_cat","embeddable":true,"href":"https:\/\/nexgendecors.com\/fr\/wp-json\/wp\/v2\/product_cat?post=83062"},{"taxonomy":"product_tag","embeddable":true,"href":"https:\/\/nexgendecors.com\/fr\/wp-json\/wp\/v2\/product_tag?post=83062"}],"curies":[{"name":"wp","href":"https:\/\/api.w.org\/{rel}","templated":true}]}}