{"id":83073,"date":"2025-01-26T03:46:47","date_gmt":"2025-01-26T03:46:47","guid":{"rendered":"https:\/\/nexgendecors.com\/product\/stair-chandelier-duplex-building-villa-nordic-minimalist-long-rotating-loft-apartment-living-room-large-chandelier\/"},"modified":"2025-04-06T09:41:20","modified_gmt":"2025-04-06T09:41:20","slug":"lustre-descalier-duplex-immeuble-villa-nordique-minimaliste-long-rotatif-loft-appartement-salon-grand-lustre","status":"publish","type":"product","link":"https:\/\/nexgendecors.com\/fr\/product\/lustre-descalier-duplex-immeuble-villa-nordique-minimaliste-long-rotatif-loft-appartement-salon-grand-lustre\/","title":{"rendered":"Lustre rotatif long et minimaliste de style nordique pour villa duplex"},"content":{"rendered":"<ul>\n<li>\n<strong>marque<\/strong>:Huituo<\/li>\n<li>\n<strong>mod\u00e8le<\/strong>:8606 8<\/li>\n<li>\n<strong>pouvoir<\/strong>:100W (inclus) \u2013 300W (exclusif)<\/li>\n<li>\n<strong>style<\/strong>:Simple et moderne<\/li>\n<li>\n<strong>Espace applicable<\/strong>:LOFT\/Duplex Maison Duplex\/Escalier<\/li>\n<li>\n<strong>trier par couleur<\/strong>:12 t\u00eates type B 36 t\u00eates 18 t\u00eates type A 27 t\u00eates 15 t\u00eates type C 5 t\u00eates 18 t\u00eates type B 18 t\u00eates type D 12 t\u00eates type A 45 t\u00eates 6 t\u00eates type B 7 t\u00eates 15 t\u00eates type B 3 t\u00eates type B 25 t\u00eates 18 t\u00eates type C 22 t\u00eates 9 t\u00eates type B 10 t\u00eates type B 15 t\u00eates type A 3 t\u00eates type A 9 t\u00eates type A t\u00eate simple 90 cm 2 t\u00eates bande simple<\/li>\n<li>\n<strong>La lampe a-t-elle une source lumineuse ?<\/strong>:Oui<\/li>\n<li>\n<strong>Service en ville<\/strong>:Les acheteurs de la m\u00eame ville r\u00e9cup\u00e8rent les marchandises \u00e0 domicile<\/li>\n<li>\n<strong>Tension<\/strong>:111V~240V (inclus)<\/li>\n<li>\n<strong>Mat\u00e9riau principal du corps de la lampe<\/strong>:aluminium<\/li>\n<li>\n<strong>Mat\u00e9riau principal de l&#039;abat-jour<\/strong>:Verre<\/li>\n<li>\n<strong>type de source lumineuse<\/strong>:Lumi\u00e8res LED<\/li>\n<li>\n<strong>Nombre de sources lumineuses<\/strong>:Plus de 20<\/li>\n<li>\n<strong>Technologie<\/strong>:Gla\u00e7age \u00e0 la peinture en a\u00e9rosol<\/li>\n<li>\n<strong>Zone d&#039;irradiation<\/strong>:15\u33a1-30\u33a1<\/li>\n<li>\n<strong>Type de contr\u00f4le<\/strong>:autre<\/li>\n<li>\n<strong>Mat\u00e9riau auxiliaire pour abat-jour<\/strong>:Verre<\/li>\n<li>\n<strong>P\u00e9riode de garantie<\/strong>:3 ans<\/li>\n<li>\n<strong>Mat\u00e9riau auxiliaire du corps de la lampe<\/strong>:fer<\/li>\n<li>\n<strong>Type intelligent<\/strong>:Pas de support pour smart<\/li>\n<li>\n<strong>Que ce soit un contr\u00f4le intelligent<\/strong>:Non<\/li>\n<li>\n<strong>Forme de la lampe<\/strong>:Autres lustres de forme sp\u00e9ciale<\/li>\n<li>\n<strong>Nombre d&#039;accessoires<\/strong>:1<\/li>\n<li>\n<strong>Nombre de t\u00eates de lampe<\/strong>:25<\/li>\n<li>\n<strong>Type de lustre<\/strong>:Lustre en fer forg\u00e9<\/li>\n<li>\n<strong>Num\u00e9ro de certificat 3C<\/strong>:2015171001000063<\/li>\n<\/ul>\n<p><img><\/p>","protected":false},"excerpt":{"rendered":"<p>brand:Huituo model:8606 8 power:100W (inclusive) &#8211; 300W (exclusive) style:Simple and modern Applicable space:LOFT\/Duplex Duplex House\/Stairs sort by color:12 heads B<\/p>","protected":false},"featured_media":141970,"comment_status":"open","ping_status":"closed","template":"","meta":[],"product_brand":[],"product_cat":[30971,30864],"product_tag":[],"class_list":{"0":"post-83073","1":"product","2":"type-product","3":"status-publish","4":"has-post-thumbnail","6":"product_cat-hp","7":"product_cat-new-wholesales-lights","9":"first","10":"instock","11":"taxable","12":"shipping-taxable","13":"purchasable","14":"product-type-variable"},"_links":{"self":[{"href":"https:\/\/nexgendecors.com\/fr\/wp-json\/wp\/v2\/product\/83073","targetHints":{"allow":["GET"]}}],"collection":[{"href":"https:\/\/nexgendecors.com\/fr\/wp-json\/wp\/v2\/product"}],"about":[{"href":"https:\/\/nexgendecors.com\/fr\/wp-json\/wp\/v2\/types\/product"}],"replies":[{"embeddable":true,"href":"https:\/\/nexgendecors.com\/fr\/wp-json\/wp\/v2\/comments?post=83073"}],"version-history":[{"count":0,"href":"https:\/\/nexgendecors.com\/fr\/wp-json\/wp\/v2\/product\/83073\/revisions"}],"wp:featuredmedia":[{"embeddable":true,"href":"https:\/\/nexgendecors.com\/fr\/wp-json\/wp\/v2\/media\/141970"}],"wp:attachment":[{"href":"https:\/\/nexgendecors.com\/fr\/wp-json\/wp\/v2\/media?parent=83073"}],"wp:term":[{"taxonomy":"product_brand","embeddable":true,"href":"https:\/\/nexgendecors.com\/fr\/wp-json\/wp\/v2\/product_brand?post=83073"},{"taxonomy":"product_cat","embeddable":true,"href":"https:\/\/nexgendecors.com\/fr\/wp-json\/wp\/v2\/product_cat?post=83073"},{"taxonomy":"product_tag","embeddable":true,"href":"https:\/\/nexgendecors.com\/fr\/wp-json\/wp\/v2\/product_tag?post=83073"}],"curies":[{"name":"wp","href":"https:\/\/api.w.org\/{rel}","templated":true}]}}