{"id":83125,"date":"2025-01-26T03:46:52","date_gmt":"2025-01-26T03:46:52","guid":{"rendered":"https:\/\/nexgendecors.com\/product\/stair-chandelier-simple-creative-new-chinese-style-duplex-villa-hollow-living-room-empty-spiral-staircase-long-chandelier\/"},"modified":"2025-04-06T09:41:26","modified_gmt":"2025-04-06T09:41:26","slug":"stair-chandelier-simple-creative-new-chinese-style-duplex-villa-hollow-living-room-empty-spiral-staircase-long-chandelier","status":"publish","type":"product","link":"https:\/\/nexgendecors.com\/fr\/product\/stair-chandelier-simple-creative-new-chinese-style-duplex-villa-hollow-living-room-empty-spiral-staircase-long-chandelier\/","title":{"rendered":"Elegant Hollow Spiral Stair Chandelier for Duplex Villas"},"content":{"rendered":"<ul>\n<li>\n<strong>marque<\/strong>:Lumi\u00e8re des \u00e9toiles<\/li>\n<li>\n<strong>mod\u00e8le<\/strong>:Y9090<\/li>\n<li>\n<strong>pouvoir<\/strong>:6 W (inclus) \u2013 10 W (inclus)<\/li>\n<li>\n<strong>style<\/strong>:Simple et moderne<\/li>\n<li>\n<strong>Temp\u00e9rature de couleur de la source lumineuse Valeur K<\/strong>:4000K<\/li>\n<li>\n<strong>Espace applicable<\/strong>:LOFT\/Duplex Maison Duplex\/Escalier<\/li>\n<li>\n<strong>trier par couleur<\/strong>:Gold 6-head round plate [30CM] 2-meter line warm light gold 6-head round plate [30CM] 2-meter line three-color light gold 10-head round plate [40CM] 2-meter line warm light gold 10-head round plate [40CM] 2-meter line three-color light gold 12-head round plate [40CM] 2-meter line warm light gold 12-head round plate [40CM] 2-meter line three-color gold 15-head round plate [50CM] 2-meter line warm light gold 15-head round plate [50CM] 2-meter line three-color gold 18-head round plate [50CM] 3-meter line warm light gold 18-head round plate [50CM] 3-meter line three-color gold 24-head round disc [60CM] 3-meter line warm light gold 24-head round disc [60CM] 3-meter line three-color gold 36-head round disc [60CM] 4-meter line warm light gold 36-head round disc [60CM] 4-meter line three-color light gold 48-head round disc [80CM] 4-meter line warm light gold 48-head round disc [80CM] 4-meter line three-color gold 68-head round disc [100CM] 5-meter line warm light gold 68-head round disc [100CM] 5-meter line three-color gold 6-head long disc [100CM] 2-meter warm light gold 6-head long disc [100CM] 2-meter three-color light<\/li>\n<li>\n<strong>La lampe a-t-elle une source lumineuse ?<\/strong>:Oui<\/li>\n<li>\n<strong>Service en ville<\/strong>:Livraison porte-\u00e0-porte logistique intra-urbaine<\/li>\n<li>\n<strong>Tension<\/strong>:100V-240V<\/li>\n<li>\n<strong>Mat\u00e9riau principal du corps de la lampe<\/strong>:fer<\/li>\n<li>\n<strong>Mat\u00e9riau principal de l&#039;abat-jour<\/strong>:Verre<\/li>\n<li>\n<strong>type de source lumineuse<\/strong>:Lampes \u00e0 incandescence, lampes \u00e0 \u00e9conomie d&#039;\u00e9nergie, lampes LED<\/li>\n<li>\n<strong>Nombre de sources lumineuses<\/strong>:6<\/li>\n<li>\n<strong>Technologie<\/strong>:Gla\u00e7age \u00e0 la peinture en a\u00e9rosol<\/li>\n<li>\n<strong>Zone d&#039;irradiation<\/strong>:15\u33a1-30\u33a1<\/li>\n<li>\n<strong>Type de contr\u00f4le<\/strong>:autre<\/li>\n<li>\n<strong>Temp\u00e9rature de couleur<\/strong>:Lumi\u00e8re tricolore<\/li>\n<li>\n<strong>Mat\u00e9riau auxiliaire pour abat-jour<\/strong>:Verre<\/li>\n<li>\n<strong>P\u00e9riode de garantie<\/strong>:3 ans<\/li>\n<li>\n<strong>Mat\u00e9riau auxiliaire du corps de la lampe<\/strong>:fer<\/li>\n<li>\n<strong>Type intelligent<\/strong>:Pas de support pour smart<\/li>\n<li>\n<strong>Que ce soit un contr\u00f4le intelligent<\/strong>:Non<\/li>\n<li>\n<strong>Forme de la lampe<\/strong>:Lustre en forme de ligne de p\u00eache<\/li>\n<li>\n<strong>Nombre d&#039;accessoires<\/strong>:1<\/li>\n<li>\n<strong>Nombre de t\u00eates de lampe<\/strong>:6<\/li>\n<li>\n<strong>Type de lustre<\/strong>:Lustre en verre<\/li>\n<li>\n<strong>Num\u00e9ro de certificat 3C<\/strong>:2024011001607990<\/li>\n<\/ul>\n<p><img><\/p>","protected":false},"excerpt":{"rendered":"<p>brand:Star Light model:Y9090 power:6W (inclusive) &#8211; 10W (inclusive) style:Simple and modern Light source color temperature K value:4000K Applicable space:LOFT\/Duplex Duplex<\/p>","protected":false},"featured_media":142022,"comment_status":"open","ping_status":"closed","template":"","meta":[],"product_brand":[],"product_cat":[30971,30864],"product_tag":[],"class_list":{"0":"post-83125","1":"product","2":"type-product","3":"status-publish","4":"has-post-thumbnail","6":"product_cat-hp","7":"product_cat-new-wholesales-lights","9":"first","10":"instock","11":"taxable","12":"shipping-taxable","13":"purchasable","14":"product-type-variable"},"_links":{"self":[{"href":"https:\/\/nexgendecors.com\/fr\/wp-json\/wp\/v2\/product\/83125","targetHints":{"allow":["GET"]}}],"collection":[{"href":"https:\/\/nexgendecors.com\/fr\/wp-json\/wp\/v2\/product"}],"about":[{"href":"https:\/\/nexgendecors.com\/fr\/wp-json\/wp\/v2\/types\/product"}],"replies":[{"embeddable":true,"href":"https:\/\/nexgendecors.com\/fr\/wp-json\/wp\/v2\/comments?post=83125"}],"version-history":[{"count":0,"href":"https:\/\/nexgendecors.com\/fr\/wp-json\/wp\/v2\/product\/83125\/revisions"}],"wp:featuredmedia":[{"embeddable":true,"href":"https:\/\/nexgendecors.com\/fr\/wp-json\/wp\/v2\/media\/142022"}],"wp:attachment":[{"href":"https:\/\/nexgendecors.com\/fr\/wp-json\/wp\/v2\/media?parent=83125"}],"wp:term":[{"taxonomy":"product_brand","embeddable":true,"href":"https:\/\/nexgendecors.com\/fr\/wp-json\/wp\/v2\/product_brand?post=83125"},{"taxonomy":"product_cat","embeddable":true,"href":"https:\/\/nexgendecors.com\/fr\/wp-json\/wp\/v2\/product_cat?post=83125"},{"taxonomy":"product_tag","embeddable":true,"href":"https:\/\/nexgendecors.com\/fr\/wp-json\/wp\/v2\/product_tag?post=83125"}],"curies":[{"name":"wp","href":"https:\/\/api.w.org\/{rel}","templated":true}]}}