{"id":83147,"date":"2025-01-26T03:46:54","date_gmt":"2025-01-26T03:46:54","guid":{"rendered":"https:\/\/nexgendecors.com\/product\/staircase-long-chandelier-duplex-villa-loft-apartment-mushroom-lamp-light-luxury-designer-creative-personality-art-lamp\/"},"modified":"2025-04-06T09:41:29","modified_gmt":"2025-04-06T09:41:29","slug":"staircase-long-chandelier-duplex-villa-loft-apartment-mushroom-lamp-light-luxury-designer-creative-personality-art-lamp","status":"publish","type":"product","link":"https:\/\/nexgendecors.com\/fr\/product\/staircase-long-chandelier-duplex-villa-loft-apartment-mushroom-lamp-light-luxury-designer-creative-personality-art-lamp\/","title":{"rendered":"Luxury Designer Mushroom Lamp for Duplex Villa Loft"},"content":{"rendered":"<ul>\n<li>\n<strong>marque<\/strong>:Huituo<\/li>\n<li>\n<strong>mod\u00e8le<\/strong>:MG023-5X 7<\/li>\n<li>\n<strong>pouvoir<\/strong>:100W (inclus) \u2013 300W (exclusif)<\/li>\n<li>\n<strong>style<\/strong>:Simple et moderne<\/li>\n<li>\n<strong>Temp\u00e9rature de couleur de la source lumineuse Valeur K<\/strong>:4000K<\/li>\n<li>\n<strong>Espace applicable<\/strong>:LOFT\/Duplex Maison Duplex\/Escalier<\/li>\n<li>\n<strong>trier par couleur<\/strong>:3 heads + 6 heads of 30cm disc + 9 heads of 40cm disc + 12 heads of 40cm disc + 15 heads of 40cm disc + 18 heads of 50cm disc + 25 heads of 50cm disc + 30 heads of 60cm disc + 36 heads of 60cm disc + 42 heads of 70cm disc + 80cm disc<\/li>\n<li>\n<strong>La lampe a-t-elle une source lumineuse ?<\/strong>:Oui<\/li>\n<li>\n<strong>Service en ville<\/strong>:Les acheteurs de la m\u00eame ville r\u00e9cup\u00e8rent les marchandises \u00e0 domicile<\/li>\n<li>\n<strong>Tension<\/strong>:111V~240V (inclus)<\/li>\n<li>\n<strong>Mat\u00e9riau principal du corps de la lampe<\/strong>:aluminium<\/li>\n<li>\n<strong>Mat\u00e9riau principal de l&#039;abat-jour<\/strong>:Abat-jour en PMMA \u00e0 haute transmission lumineuse<\/li>\n<li>\n<strong>type de source lumineuse<\/strong>:Lumi\u00e8res LED<\/li>\n<li>\n<strong>Nombre de sources lumineuses<\/strong>:Plus de 20<\/li>\n<li>\n<strong>Technologie<\/strong>:Gla\u00e7age \u00e0 la peinture en a\u00e9rosol<\/li>\n<li>\n<strong>Zone d&#039;irradiation<\/strong>:15\u33a1-30\u33a1<\/li>\n<li>\n<strong>Type de contr\u00f4le<\/strong>:autre<\/li>\n<li>\n<strong>Mat\u00e9riau auxiliaire pour abat-jour<\/strong>:Abat-jour en PMMA \u00e0 haute transmission lumineuse<\/li>\n<li>\n<strong>P\u00e9riode de garantie<\/strong>:3 ans<\/li>\n<li>\n<strong>Mat\u00e9riau auxiliaire du corps de la lampe<\/strong>:aluminium<\/li>\n<li>\n<strong>Type intelligent<\/strong>:Pas de support pour smart<\/li>\n<li>\n<strong>Que ce soit un contr\u00f4le intelligent<\/strong>:Non<\/li>\n<li>\n<strong>Forme de la lampe<\/strong>:Lustre en forme de ligne de p\u00eache<\/li>\n<li>\n<strong>Nombre d&#039;accessoires<\/strong>:1<\/li>\n<li>\n<strong>Nombre de t\u00eates de lampe<\/strong>:42<\/li>\n<li>\n<strong>Type de lustre<\/strong>:Lustre en alliage de zinc<\/li>\n<li>\n<strong>Num\u00e9ro de certificat 3C<\/strong>:2015171001000063<\/li>\n<li>\n<strong><\/strong>:<\/li>\n<\/ul>\n<p><img><\/p>","protected":false},"excerpt":{"rendered":"<p>brand:Huituo model:MG023-5X 7 power:100W (inclusive) &#8211; 300W (exclusive) style:Simple and modern Light source color temperature K value:4000K Applicable space:LOFT\/Duplex Duplex<\/p>","protected":false},"featured_media":142025,"comment_status":"open","ping_status":"closed","template":"","meta":[],"product_brand":[],"product_cat":[30971,30864],"product_tag":[],"class_list":{"0":"post-83147","1":"product","2":"type-product","3":"status-publish","4":"has-post-thumbnail","6":"product_cat-hp","7":"product_cat-new-wholesales-lights","9":"first","10":"instock","11":"taxable","12":"shipping-taxable","13":"purchasable","14":"product-type-variable"},"_links":{"self":[{"href":"https:\/\/nexgendecors.com\/fr\/wp-json\/wp\/v2\/product\/83147","targetHints":{"allow":["GET"]}}],"collection":[{"href":"https:\/\/nexgendecors.com\/fr\/wp-json\/wp\/v2\/product"}],"about":[{"href":"https:\/\/nexgendecors.com\/fr\/wp-json\/wp\/v2\/types\/product"}],"replies":[{"embeddable":true,"href":"https:\/\/nexgendecors.com\/fr\/wp-json\/wp\/v2\/comments?post=83147"}],"version-history":[{"count":0,"href":"https:\/\/nexgendecors.com\/fr\/wp-json\/wp\/v2\/product\/83147\/revisions"}],"wp:featuredmedia":[{"embeddable":true,"href":"https:\/\/nexgendecors.com\/fr\/wp-json\/wp\/v2\/media\/142025"}],"wp:attachment":[{"href":"https:\/\/nexgendecors.com\/fr\/wp-json\/wp\/v2\/media?parent=83147"}],"wp:term":[{"taxonomy":"product_brand","embeddable":true,"href":"https:\/\/nexgendecors.com\/fr\/wp-json\/wp\/v2\/product_brand?post=83147"},{"taxonomy":"product_cat","embeddable":true,"href":"https:\/\/nexgendecors.com\/fr\/wp-json\/wp\/v2\/product_cat?post=83147"},{"taxonomy":"product_tag","embeddable":true,"href":"https:\/\/nexgendecors.com\/fr\/wp-json\/wp\/v2\/product_tag?post=83147"}],"curies":[{"name":"wp","href":"https:\/\/api.w.org\/{rel}","templated":true}]}}