{"id":83347,"date":"2025-01-26T03:47:26","date_gmt":"2025-01-26T03:47:26","guid":{"rendered":"https:\/\/nexgendecors.com\/product\/stone-mosaic-background-wall-white-fish-bone-spell-herringbone-marble-porch-bathroom-kitchen-floor-tiles-non-slip\/"},"modified":"2025-04-15T11:18:08","modified_gmt":"2025-04-15T11:18:08","slug":"stone-mosaic-background-wall-white-fish-bone-spell-herringbone-marble-porch-bathroom-kitchen-floor-tiles-non-slip","status":"publish","type":"product","link":"https:\/\/nexgendecors.com\/fr\/product\/stone-mosaic-background-wall-white-fish-bone-spell-herringbone-marble-porch-bathroom-kitchen-floor-tiles-non-slip\/","title":{"rendered":"Carreaux de mosa\u00efque en marbre \u00e0 chevrons \u2013 Design antid\u00e9rapant"},"content":{"rendered":"<li title=\"Shi Yuanming\"><font style=\"vertical-align: inherit;\"><font style=\"vertical-align: inherit;\">Marque : Shi Yuanming<\/font><\/font><\/li>\n<li title=\"XW-P337\"><font style=\"vertical-align: inherit;\"><font style=\"vertical-align: inherit;\">Model: XW-P337<\/font><\/font><\/li>\n<li title=\"marbre\"><font style=\"vertical-align: inherit;\"><font style=\"vertical-align: inherit;\">Mat\u00e9riau : Marbre<\/font><\/font><\/li>\n<li title=\"Simple et moderne\"><font style=\"vertical-align: inherit;\"><font style=\"vertical-align: inherit;\">Style : simple et moderne<\/font><\/font><\/li>\n<li title=\"Chine continentale\"><font style=\"vertical-align: inherit;\"><font style=\"vertical-align: inherit;\">Origine : Chine continentale<\/font><\/font><\/li>\n<li title=\"mur int\u00e9rieur\"><font style=\"vertical-align: inherit;\"><font style=\"vertical-align: inherit;\">Espace applicable : mur int\u00e9rieur<\/font><\/font><\/li>\n<li title=\"Carrara White-Small Herringbone Gray Wood Grain-Small Herringbone Old Beige-Small Herringbone Carrara White-Large Herringbone Indian Green-Large Herringbone Please use neutral white glue for installation Page shipping costs are not actual shipping costs\"><font style=\"vertical-align: inherit;\"><font style=\"vertical-align: inherit;\">Color classification: Carrara white &#8211; small size herringbone gray wood grain &#8211; small size herringbone old beige &#8211; small size herringbone Carrara white &#8211; large size herringbone Indian green &#8211; large size herringbone installation please use Sexual white glue page shipping cost is not actual shipping cost<\/font><\/font><\/li>\n<li title=\"Logistique porte-\u00e0-porte dans la m\u00eame ville\"><font style=\"vertical-align: inherit;\"><font style=\"vertical-align: inherit;\">Service dans la m\u00eame ville : logistique porte-\u00e0-porte dans la m\u00eame ville<\/font><\/font><\/li>\n<li title=\"Salle de bain, chambre \u00e0 coucher, salon, cuisine, balcon, v\u00e9randa, mur d&#039;arri\u00e8re-plan de toute la maison\"><font style=\"vertical-align: inherit;\"><font style=\"vertical-align: inherit;\">Classification de l&#039;espace de d\u00e9coration : salle de bain chambre salon cuisine balcon v\u00e9randa toute la maison mur de fond<\/font><\/font><\/li>\n<li title=\"0.0909\u33a1\"><font style=\"vertical-align: inherit;\"><font style=\"vertical-align: inherit;\">Pricing unit: 0.0909\u33a1<\/font><\/font><\/li>\n<li title=\"0,5% ou plus\"><font style=\"vertical-align: inherit;\"><font style=\"vertical-align: inherit;\">Absorption d&#039;eau : plus de 0,5%<\/font><\/font><\/li>\n<li title=\"La d\u00e9coupe de l&#039;\u00e9chantillon est gratuite et le transport est \u00e0 vos frais\"><font style=\"vertical-align: inherit;\"><font style=\"vertical-align: inherit;\">Envoi d&#039;\u00e9chantillons : la d\u00e9coupe des \u00e9chantillons est gratuite, le transport est \u00e0 vos frais<\/font><\/font><\/li>","protected":false},"excerpt":{"rendered":"<p>Marque : Shi Yuanming Mod\u00e8le : XW-P337 Mat\u00e9riau : Marbre Style : simple et moderne Origine : Chine continentale Espace applicable : mur int\u00e9rieur Classification des couleurs :<\/p>","protected":false},"featured_media":142243,"comment_status":"open","ping_status":"closed","template":"","meta":[],"product_brand":[],"product_cat":[30971,30986,30878],"product_tag":[12259,12260],"class_list":{"0":"post-83347","1":"product","2":"type-product","3":"status-publish","4":"has-post-thumbnail","6":"product_cat-hp","7":"product_cat-tiles-wall-bricks","8":"product_cat-wall-panel","9":"product_tag-_wf_cus","10":"product_tag-_wf_exc","12":"first","13":"instock","14":"sale","15":"taxable","16":"shipping-taxable","17":"purchasable","18":"product-type-variable"},"_links":{"self":[{"href":"https:\/\/nexgendecors.com\/fr\/wp-json\/wp\/v2\/product\/83347","targetHints":{"allow":["GET"]}}],"collection":[{"href":"https:\/\/nexgendecors.com\/fr\/wp-json\/wp\/v2\/product"}],"about":[{"href":"https:\/\/nexgendecors.com\/fr\/wp-json\/wp\/v2\/types\/product"}],"replies":[{"embeddable":true,"href":"https:\/\/nexgendecors.com\/fr\/wp-json\/wp\/v2\/comments?post=83347"}],"version-history":[{"count":0,"href":"https:\/\/nexgendecors.com\/fr\/wp-json\/wp\/v2\/product\/83347\/revisions"}],"wp:featuredmedia":[{"embeddable":true,"href":"https:\/\/nexgendecors.com\/fr\/wp-json\/wp\/v2\/media\/142243"}],"wp:attachment":[{"href":"https:\/\/nexgendecors.com\/fr\/wp-json\/wp\/v2\/media?parent=83347"}],"wp:term":[{"taxonomy":"product_brand","embeddable":true,"href":"https:\/\/nexgendecors.com\/fr\/wp-json\/wp\/v2\/product_brand?post=83347"},{"taxonomy":"product_cat","embeddable":true,"href":"https:\/\/nexgendecors.com\/fr\/wp-json\/wp\/v2\/product_cat?post=83347"},{"taxonomy":"product_tag","embeddable":true,"href":"https:\/\/nexgendecors.com\/fr\/wp-json\/wp\/v2\/product_tag?post=83347"}],"curies":[{"name":"wp","href":"https:\/\/api.w.org\/{rel}","templated":true}]}}