{"id":83444,"date":"2025-01-26T03:47:42","date_gmt":"2025-01-26T03:47:42","guid":{"rendered":"https:\/\/nexgendecors.com\/product\/simple-reception-and-negotiation-table-and-chair-combination-sales-office-reception-leisure-table-milk-tea-shop-rest-area-balcony-small-round-table\/"},"modified":"2025-04-06T09:41:59","modified_gmt":"2025-04-06T09:41:59","slug":"simple-reception-and-negotiation-table-and-chair-combination-sales-office-reception-leisure-table-milk-tea-shop-rest-area-balcony-small-round-table","status":"publish","type":"product","link":"https:\/\/nexgendecors.com\/fr\/product\/simple-reception-and-negotiation-table-and-chair-combination-sales-office-reception-leisure-table-milk-tea-shop-rest-area-balcony-small-round-table\/","title":{"rendered":"Ensemble table ronde et chaises chic pour espaces de r\u00e9ception"},"content":{"rendered":"<ul>\n<li>\n<strong>marque<\/strong>:Zhongmin Yunshang<\/li>\n<li>\n<strong>mod\u00e8le<\/strong>:ZMYS0173<\/li>\n<li>\n<strong>Fonction<\/strong>:Free combination<\/li>\n<li>\n<strong>Mat\u00e9riel<\/strong>:M\u00e9tal<\/li>\n<li>\n<strong>forme<\/strong>:Rond<\/li>\n<li>\n<strong>Origine<\/strong>:Province du Fujian<\/li>\n<li>\n<strong>Nombre de personnes applicable<\/strong>:Moins de 5 personnes<\/li>\n<li>\n<strong>trier par couleur<\/strong>:Round table diameter 60 4 Japanese chairs + 1 round table (girly pink) Japanese Zen chair (color notes) 4 Japanese chairs + 1 round table (emerald) 2 Japanese chairs + 1 round table (sky blue) 4 Japanese chairs + 1 round table (sky blue) 3 Japanese chairs + 1 round table (sky blue) Color selection 3 Japanese chairs + 1 round table (elegant gray) 4 Japanese chairs + 1 round table (pearl white) 2 Japanese chairs + 1 round table (girly pink) Peacock chair (color notes) Red lip chair (color notes) 3 Japanese chairs + 1 round table (emerald) 3 Japanese chairs + 1 round table (girly pink) 4 Japanese chairs + 1 round table (elegant gray) 2 Japanese chairs + 1 round table (emerald) 3 Japanese chairs + 1 round table (pearl white) 2 Japanese chairs + 1 round table (elegant gray) 2 Japanese chairs + 1 round table (Pearl White)<\/li>\n<li>\n<strong>Normes environnementales<\/strong>:green design<\/li>\n<li>\n<strong>Est-ce personnalisable ?<\/strong>:Oui<\/li>\n<li>\n<strong>Assembler<\/strong>:Oui<\/li>\n<li>\n<strong>Un taxi est-il disponible pour le transport ?<\/strong>:Non<\/li>\n<li>\n<strong>Instructions d&#039;installation d\u00e9taill\u00e9es<\/strong>:Fournir des instructions d&#039;installation<\/li>\n<li>\n<strong>Taille du paquet<\/strong>:0x0x0mm<\/li>\n<li>\n<strong>longueur<\/strong>:0 cm<\/li>\n<li>\n<strong>Poids du colis<\/strong>:0kg<\/li>\n<\/ul>\n<p><img><\/p>","protected":false},"excerpt":{"rendered":"<p>Marque : Zhongmin Yunshang Mod\u00e8le : ZMYS0173 Fonction : Combinaison libre Mat\u00e9riau : M\u00e9tal Forme : Ronde Origine : Province du Fujian Nombre de personnes applicable : Moins de 5 personnes Trier par couleur : Table ronde<\/p>","protected":false},"featured_media":142340,"comment_status":"open","ping_status":"closed","template":"","meta":[],"product_brand":[],"product_cat":[30862,30971,30860,30865],"product_tag":[],"class_list":{"0":"post-83444","1":"product","2":"type-product","3":"status-publish","4":"has-post-thumbnail","6":"product_cat-wholesales-hotels","7":"product_cat-hp","8":"product_cat-wholesale-restaurant","9":"product_cat-wholesales-salons-shops","11":"first","12":"instock","13":"sale","14":"taxable","15":"shipping-taxable","16":"purchasable","17":"product-type-variable"},"_links":{"self":[{"href":"https:\/\/nexgendecors.com\/fr\/wp-json\/wp\/v2\/product\/83444","targetHints":{"allow":["GET"]}}],"collection":[{"href":"https:\/\/nexgendecors.com\/fr\/wp-json\/wp\/v2\/product"}],"about":[{"href":"https:\/\/nexgendecors.com\/fr\/wp-json\/wp\/v2\/types\/product"}],"replies":[{"embeddable":true,"href":"https:\/\/nexgendecors.com\/fr\/wp-json\/wp\/v2\/comments?post=83444"}],"version-history":[{"count":0,"href":"https:\/\/nexgendecors.com\/fr\/wp-json\/wp\/v2\/product\/83444\/revisions"}],"wp:featuredmedia":[{"embeddable":true,"href":"https:\/\/nexgendecors.com\/fr\/wp-json\/wp\/v2\/media\/142340"}],"wp:attachment":[{"href":"https:\/\/nexgendecors.com\/fr\/wp-json\/wp\/v2\/media?parent=83444"}],"wp:term":[{"taxonomy":"product_brand","embeddable":true,"href":"https:\/\/nexgendecors.com\/fr\/wp-json\/wp\/v2\/product_brand?post=83444"},{"taxonomy":"product_cat","embeddable":true,"href":"https:\/\/nexgendecors.com\/fr\/wp-json\/wp\/v2\/product_cat?post=83444"},{"taxonomy":"product_tag","embeddable":true,"href":"https:\/\/nexgendecors.com\/fr\/wp-json\/wp\/v2\/product_tag?post=83444"}],"curies":[{"name":"wp","href":"https:\/\/api.w.org\/{rel}","templated":true}]}}