{"id":83565,"date":"2025-01-26T03:47:55","date_gmt":"2025-01-26T03:47:55","guid":{"rendered":"https:\/\/nexgendecors.com\/product\/suntime-outdoor-moon-leisure-chair-portable-comfort-for-camping1706363432341\/"},"modified":"2025-04-06T09:42:05","modified_gmt":"2025-04-06T09:42:05","slug":"chaise-de-loisirs-portable-et-confortable-pour-camping-suntime-outdoor-moon1706363432341","status":"publish","type":"product","link":"https:\/\/nexgendecors.com\/fr\/product\/chaise-de-loisirs-portable-et-confortable-pour-camping-suntime-outdoor-moon1706363432341\/","title":{"rendered":"Chaise de lune portable Suntime\u00a0: un confort \u00e9l\u00e9gant pour le camping"},"content":{"rendered":"<p>\ud83c\udf19 Chaise de loisirs d&#039;ext\u00e9rieur Suntime Moon \ud83e\ude91<\/p>\n<p>Salut, amis aventuriers ! Pr\u00e9parez-vous \u00e0 passer au niveau sup\u00e9rieur en camping avec la chaise de loisirs Suntime Outdoor Moon ! Ce compagnon de voyage portable et confortable vous offrira des escapades en plein air lumineuses et confortables. Que vous vous d\u00e9tendiez sous le ciel \u00e9toil\u00e9 ou que vous vous amusiez \u00e0 un festival de musique, cette chaise est l\u00e0 pour vous. Litt\u00e9ralement ! \ud83d\ude0e\ud83c\udf1f<\/p>\n<p>Caract\u00e9ristiques et avantages : <\/p>\n<p>\ud83d\udd25 Parfaite portabilit\u00e9\u00a0: Plus besoin de trimballer une chaise lourde\u00a0! Cette chaise soucoupe lunaire est ultra-portable, facile \u00e0 transporter et \u00e0 installer o\u00f9 que vous alliez. Un jeu d&#039;enfant\u00a0!<\/p>\n<p>\ud83d\udcaa D\u00e9tente maximale\u00a0: Ne vous laissez pas tromper par son design \u00e9l\u00e9gant\u00a0! Ce petit bijou peut supporter jusqu&#039;\u00e0 113\u00a0kg de pure d\u00e9tente. Alors, \u00e9tirez-vous, d\u00e9tendez-vous et impr\u00e9gnez-vous de bonnes vibrations sans souci.<\/p>\n<p>\ud83c\udf08 Soutien dorsal solide : Nous savons que vous avez bon go\u00fbt, c&#039;est pourquoi nous avons dot\u00e9 cette chaise d&#039;un dossier solide qui non seulement ajoute une touche de style, mais offre \u00e9galement un soutien optimal \u00e0 votre colonne vert\u00e9brale. Dites adieu aux maux de dos !<\/p>\n<p>\ud83d\udca5 Amusez-vous avec le pliage\u00a0: Une fois l&#039;aventure termin\u00e9e, il est temps de faire ses bagages et de repartir. Pas de soucis, les amis\u00a0! Cette chaise est tr\u00e8s facile \u00e0 plier et est livr\u00e9e avec un sac de transport pratique. Il suffit de la plier, de la glisser et c&#039;est parti.<\/p>\n<p>\ud83c\udf1f Robuste et durable : Personne n&#039;a le temps pour des chaises fragiles. C&#039;est pourquoi nous avons recouvert ce mod\u00e8le d&#039;une finition en poudre, le rendant ainsi r\u00e9sistant \u00e0 l&#039;usure. Con\u00e7u pour durer, il vous permettra de profiter pleinement de vos activit\u00e9s en plein air pendant des ann\u00e9es.<\/p>\n<p>Caract\u00e9ristiques:<\/p>\n<table>\n<thead>\n<tr>\n<th>\ud83c\udf08 Couleur<\/th>\n<th>Gris<\/th>\n<\/tr>\n<\/thead>\n<tbody>\n<tr>\n<td>\ud83d\udccf Dimensions du produit<\/td>\n<td>22\u2033P x 22\u2033L x 35,4\u2033H<\/td>\n<\/tr>\n<tr>\n<td>\ud83e\ude91 Style du dos<\/td>\n<td>Dos solide<\/td>\n<\/tr>\n<tr>\n<td>\ud83c\udf0c Fonctionnalit\u00e9 sp\u00e9ciale<\/td>\n<td>Portable<\/td>\n<\/tr>\n<tr>\n<td>\ud83d\udcaa Recommandation de poids maximum<\/td>\n<td>250 livres<\/td>\n<\/tr>\n<\/tbody>\n<\/table>\n<p>Youpi ! Pourquoi acheter \u00e7a ? \ud83c\udf89<\/p>\n<p>\u00c9coutez bien ! La chaise de loisirs Suntime Outdoor Moon n&#039;est pas une chaise ordinaire. Elle incarne le style, le confort et la praticit\u00e9. Avec son design portable, son dossier robuste et son pliage facile, cette chaise est la solution id\u00e9ale pour faire de chaque aventure en plein air un moment inoubliable. Fini les maux de dos et les si\u00e8ges inconfortables ! Passez \u00e0 la d\u00e9tente absolue et savourez le confort ultime de la chaise de loisirs Suntime Moon. Alors, prenez-en une d\u00e8s maintenant et profitez pleinement ! \ud83d\ude4c\u2728<\/p>\n<div>Marque : OUTDOOR LIVING SUNTIME<\/div>\n<div>Couleur : Gris<\/div>\n<div>Dimensions du produit\u00a0: 22 po P x 22 po L x 35,4 po H<\/div>\n<div>Style de dos : Dos uni<\/div>\n<div>Fonctionnalit\u00e9 sp\u00e9ciale\u00a0:\u00a0Portable<\/div>\n<div>Nombre d&#039;unit\u00e9s\u00a0:\u00a01,0 unit\u00e9<\/div>\n<div>Utilisations recommand\u00e9es pour le produit\u00a0: camping, randonn\u00e9e, vie, plein air<\/div>\n<div>Poids maximal recommand\u00e9\u00a0: 250 livres<\/div>\n<div>Motif : Soucoupe lunaire<\/div>\n<div>Type de finition : Rev\u00eatement en poudre<\/div>\n<div>Type de chambre\u00a0: Tente, Ext\u00e9rieur<\/div>\n<div>Tranche d&#039;\u00e2ge (description)\u00a0: Adulte<\/div>\n<div>Composants inclus\u00a0: sac de transport<\/div>\n<div>Forme : Soucoupe lunaire<\/div>\n<div>Nom du mod\u00e8le\u00a0: Charles<\/div>\n<div>Recommandation de surface\u00a0: sol dur<\/div>\n<div>Utilisation int\u00e9rieure\/ext\u00e9rieure\u00a0: ext\u00e9rieur<\/div>\n<div>Facteur de forme : pliable<\/div>\n<div>Dimensions du colis (L x l x H) : 93,8 x 22,6 x 22,4 cm<\/div>\n<div>Poids du colis : 6,18 kilogrammes<\/div>\n<div>Dimensions de l&#039;article (L x l x H) : 22 x 22 x 35,4 pouces<\/div>\n<div>Marque\u00a0: OUTDOOR LIVING SUNTIME<\/div>\n<div>Description de la garantie : Tous les produits achet\u00e9s b\u00e9n\u00e9ficient d&#039;une garantie standard d&#039;un an.<\/div>\n<div>Nombre d&#039;articles\u00a0:\u00a01<\/div>\n<div>Fabricant : OUTDOOR LIVING SUNTIME<\/div>\n<div>ASIN\u00a0: B08CN6HGSX<\/div>\n<div>Avis clients\u00a0: 4,5 4,5 sur 5 \u00e9toiles 1\u00a0411 \u00e9valuations 4,5 sur 5 \u00e9toiles<\/div>\n<div>Classement des meilleures ventes\u00a0: #167\u00a0997 dans la cat\u00e9gorie Sports et plein air (voir le top 100 dans la cat\u00e9gorie Sports et plein air) #590 dans la cat\u00e9gorie Chaises de camping<\/div>\n<div>Date de premi\u00e8re disponibilit\u00e9\u00a0: 20 juillet 2020<\/div>\n<div>  <\/div>\n<div>  <\/div>\n<p>\u00c0 propos de nous\u00a0: OUTDOOR LIVING SUNTIME est une entreprise sp\u00e9cialis\u00e9e dans les produits d&#039;ext\u00e9rieur et de terrasse. Nous nous consacrons \u00e0 l&#039;industrie du plein air depuis 10\u00a0ans. Nous sommes principalement sp\u00e9cialis\u00e9s dans les tonnelles de jardin, les auvents et les chaises de camping. Nous nous concentrons sur la recherche, la conception et la vente de produits d&#039;ext\u00e9rieur, toujours engag\u00e9s \u00e0 promouvoir un style de vie en plein air. Notre conception professionnelle, notre excellente qualit\u00e9 et notre concept de marque pointu ont pour objectif de s\u00e9duire les amateurs de plein air. OUTDOOR LIVING SUNTIME est une entreprise sp\u00e9cialis\u00e9e dans les produits d&#039;ext\u00e9rieur et de terrasse. Nous nous consacrons \u00e0 l&#039;industrie du plein air depuis 10\u00a0ans. Nous sommes principalement sp\u00e9cialis\u00e9s dans les tonnelles de jardin, les auvents et les chaises de camping. Nous disposons de nos propres \u00e9quipes de R&amp;D et de production. Nous nous concentrons sur la recherche, la conception et la vente de produits d&#039;ext\u00e9rieur, toujours engag\u00e9s \u00e0 promouvoir un style de vie en plein air. Notre conception professionnelle, notre excellente qualit\u00e9 et notre concept de marque pointu ont pour objectif de s\u00e9duire les amateurs de plein air. Les instructions de montage et de s\u00e9curit\u00e9 sont incluses dans l&#039;emballage. Veuillez v\u00e9rifier attentivement l&#039;emballage pour vous assurer que tout est bien retir\u00e9. L&#039;assise est en tissu cationique 600D respirant et \u00e9vacuant l&#039;humidit\u00e9. Enti\u00e8rement rembourr\u00e9e pour un confort optimal. Structure en acier robuste et stable. Base antid\u00e9rapante et r\u00e9sistante \u00e0 l&#039;usure. Supporte jusqu&#039;\u00e0 113 kg. Le cadre et le coussin d&#039;assise sont d\u00e9montables. Montage facile en 1 minute. D\u00e9montable pour un rangement peu encombrant. La chaise est livr\u00e9e avec un sac de transport avec bandouli\u00e8re pour un transport et un rangement faciles. Pratique pour le camping.<\/p>","protected":false},"excerpt":{"rendered":"<p>\ud83c\udf19 Chaise de loisirs Suntime Outdoor Moon \ud83e\ude91 H\u00e9, amis aventuriers ! Pr\u00e9parez-vous \u00e0 am\u00e9liorer votre exp\u00e9rience de camping avec la<\/p>","protected":false},"featured_media":142459,"comment_status":"open","ping_status":"closed","template":"","meta":[],"product_brand":[],"product_cat":[30818,30971],"product_tag":[5971],"class_list":{"0":"post-83565","1":"product","2":"type-product","3":"status-publish","4":"has-post-thumbnail","6":"product_cat-camping-furniture","7":"product_cat-hp","8":"product_tag-usa","10":"first","11":"instock","12":"sale","13":"taxable","14":"shipping-taxable","15":"purchasable","16":"product-type-variable"},"_links":{"self":[{"href":"https:\/\/nexgendecors.com\/fr\/wp-json\/wp\/v2\/product\/83565","targetHints":{"allow":["GET"]}}],"collection":[{"href":"https:\/\/nexgendecors.com\/fr\/wp-json\/wp\/v2\/product"}],"about":[{"href":"https:\/\/nexgendecors.com\/fr\/wp-json\/wp\/v2\/types\/product"}],"replies":[{"embeddable":true,"href":"https:\/\/nexgendecors.com\/fr\/wp-json\/wp\/v2\/comments?post=83565"}],"version-history":[{"count":0,"href":"https:\/\/nexgendecors.com\/fr\/wp-json\/wp\/v2\/product\/83565\/revisions"}],"wp:featuredmedia":[{"embeddable":true,"href":"https:\/\/nexgendecors.com\/fr\/wp-json\/wp\/v2\/media\/142459"}],"wp:attachment":[{"href":"https:\/\/nexgendecors.com\/fr\/wp-json\/wp\/v2\/media?parent=83565"}],"wp:term":[{"taxonomy":"product_brand","embeddable":true,"href":"https:\/\/nexgendecors.com\/fr\/wp-json\/wp\/v2\/product_brand?post=83565"},{"taxonomy":"product_cat","embeddable":true,"href":"https:\/\/nexgendecors.com\/fr\/wp-json\/wp\/v2\/product_cat?post=83565"},{"taxonomy":"product_tag","embeddable":true,"href":"https:\/\/nexgendecors.com\/fr\/wp-json\/wp\/v2\/product_tag?post=83565"}],"curies":[{"name":"wp","href":"https:\/\/api.w.org\/{rel}","templated":true}]}}