{"id":83578,"date":"2025-01-26T03:47:59","date_gmt":"2025-01-26T03:47:59","guid":{"rendered":"https:\/\/nexgendecors.com\/product\/swan-chair-office-chair-home-modern-simple-personalized-creative-office-chair-hotel-bedroom-computer-chair-swivel-chair\/"},"modified":"2025-04-06T09:42:12","modified_gmt":"2025-04-06T09:42:12","slug":"swan-chair-office-chair-home-modern-simple-personalized-creative-office-chair-hotel-bedroom-computer-chair-swivel-chair","status":"publish","type":"product","link":"https:\/\/nexgendecors.com\/fr\/product\/swan-chair-office-chair-home-modern-simple-personalized-creative-office-chair-hotel-bedroom-computer-chair-swivel-chair\/","title":{"rendered":"Swan Chair: Modern Swivel Office &#038; Bedroom Chair"},"content":{"rendered":"<ul>\n<li>\n<strong>marque<\/strong>:Riz Bl\u00e9<\/li>\n<li>\n<strong>mod\u00e8le<\/strong>:701<\/li>\n<li>\n<strong>Mat\u00e9riel<\/strong>:Panneaux \u00e0 base de bois<\/li>\n<li>\n<strong>Types de planches artificielles<\/strong>:autre<\/li>\n<li>\n<strong>Origine<\/strong>:Chine continentale<\/li>\n<li>\n<strong>province<\/strong>:Province du Guangdong<\/li>\n<li>\n<strong>trier par couleur<\/strong>:Piano white + beige Xipi rolling feetPiano white + beige Xipi fixed feetPiano white + beige microfiber leather rolling feetPiano white + beige microfiber leather fixed feetPiano white + beige (cowhide seat) rolling feetPiano white + beige (cowhide seat) fixed feetPiano white + khaki Xipi rolling feetPiano white + khaki Xipi fixed feetPiano white + khaki microfiber leather rolling feetPiano white + khaki microfiber leather fixed feetPiano white + khaki (cowhide seat) rolling feetPiano white + khaki (cowhide seat) fixed feetPiano white + black Xipi rolling feetPiano white + black Xipi fixed feetPiano white + black microfiber leather rolling feetPiano white + black microfiber leather fixed feetPiano white + black (cowhide seat) rolling feetPiano white + black (cowhide seat) fixed feetPiano white + orange Xipi rolling feetPiano white + orange Xipi fixed feetTable 60cmTable 80cm<\/li>\n<li>\n<strong>Mat\u00e9riau en tissu<\/strong>:Cuir artificiel<\/li>\n<li>\n<strong>Est-ce pliable ?<\/strong>:Non<\/li>\n<li>\n<strong>Peut-il \u00eatre \u00e9lev\u00e9 ou abaiss\u00e9 ?<\/strong>:Oui<\/li>\n<li>\n<strong>Est-ce rotatif ?<\/strong>:Oui<\/li>\n<li>\n<strong>Puis-je m&#039;allonger ?<\/strong>:Non<\/li>\n<li>\n<strong>Est-ce empilable ?<\/strong>:Non<\/li>\n<li>\n<strong>Mat\u00e9riau de pied cinq \u00e9toiles<\/strong>:Pieds en alliage d&#039;aluminium<\/li>\n<li>\n<strong>Type de main courante<\/strong>:Accoudoir fixe<\/li>\n<\/ul>\n<p><img><\/p>","protected":false},"excerpt":{"rendered":"<p>brand:Rice Wheat model:701 Material:Wood-based panels Types of artificial boards:other Origin:Chinese mainland province:Guangdong Province sort by color:Piano white + beige Xipi<\/p>","protected":false},"featured_media":142496,"comment_status":"open","ping_status":"closed","template":"","meta":[],"product_brand":[],"product_cat":[30971,30859],"product_tag":[],"class_list":{"0":"post-83578","1":"product","2":"type-product","3":"status-publish","4":"has-post-thumbnail","6":"product_cat-hp","7":"product_cat-wholesale-office","9":"first","10":"instock","11":"sale","12":"taxable","13":"shipping-taxable","14":"purchasable","15":"product-type-variable"},"_links":{"self":[{"href":"https:\/\/nexgendecors.com\/fr\/wp-json\/wp\/v2\/product\/83578","targetHints":{"allow":["GET"]}}],"collection":[{"href":"https:\/\/nexgendecors.com\/fr\/wp-json\/wp\/v2\/product"}],"about":[{"href":"https:\/\/nexgendecors.com\/fr\/wp-json\/wp\/v2\/types\/product"}],"replies":[{"embeddable":true,"href":"https:\/\/nexgendecors.com\/fr\/wp-json\/wp\/v2\/comments?post=83578"}],"version-history":[{"count":0,"href":"https:\/\/nexgendecors.com\/fr\/wp-json\/wp\/v2\/product\/83578\/revisions"}],"wp:featuredmedia":[{"embeddable":true,"href":"https:\/\/nexgendecors.com\/fr\/wp-json\/wp\/v2\/media\/142496"}],"wp:attachment":[{"href":"https:\/\/nexgendecors.com\/fr\/wp-json\/wp\/v2\/media?parent=83578"}],"wp:term":[{"taxonomy":"product_brand","embeddable":true,"href":"https:\/\/nexgendecors.com\/fr\/wp-json\/wp\/v2\/product_brand?post=83578"},{"taxonomy":"product_cat","embeddable":true,"href":"https:\/\/nexgendecors.com\/fr\/wp-json\/wp\/v2\/product_cat?post=83578"},{"taxonomy":"product_tag","embeddable":true,"href":"https:\/\/nexgendecors.com\/fr\/wp-json\/wp\/v2\/product_tag?post=83578"}],"curies":[{"name":"wp","href":"https:\/\/api.w.org\/{rel}","templated":true}]}}