{"id":84323,"date":"2025-01-26T03:49:58","date_gmt":"2025-01-26T03:49:58","guid":{"rendered":"https:\/\/nexgendecors.com\/product\/training-chair-with-table-board-conference-room-folding-chair-office-chair-training-table-and-chair-integrated-white-conference-chair-with-writing-board\/"},"modified":"2025-04-06T09:43:07","modified_gmt":"2025-04-06T09:43:07","slug":"training-chair-with-table-board-conference-room-folding-chair-office-chair-training-table-and-chair-integrated-white-conference-chair-with-writing-board","status":"publish","type":"product","link":"https:\/\/nexgendecors.com\/fr\/product\/training-chair-with-table-board-conference-room-folding-chair-office-chair-training-table-and-chair-integrated-white-conference-chair-with-writing-board\/","title":{"rendered":"Integrated Conference Chair with Writing Board"},"content":{"rendered":"<ul>\n<li>\n<strong>marque<\/strong>:autre<\/li>\n<li>\n<strong>mod\u00e8le<\/strong>:101-white frame<\/li>\n<li>\n<strong>Mat\u00e9riel<\/strong>:acier<\/li>\n<li>\n<strong>style<\/strong>:Moderne et simple<\/li>\n<li>\n<strong>Origine<\/strong>:Chine continentale<\/li>\n<li>\n<strong>province<\/strong>:Province du Zhejiang<\/li>\n<li>\n<strong>ville<\/strong>:Huzhou<\/li>\n<li>\n<strong>trier par couleur<\/strong>:Leisure gray cushion gray backrest &#8211; white frame, leisure gray cushion white backrest &#8211; white frame, vitality orange cushion white backrest &#8211; white frame, clear green cushion white backrest &#8211; white frame, white cushion white backrest &#8211; white frame, sky blue cushion white backrest &#8211; white frame, atmospheric black cushion black backrest &#8211; white frame, leisure gray cushion gray backrest with regular table board &#8211; white frame, leisure gray cushion white backrest with regular table board &#8211; white frame, vitality orange cushion white backrest with regular table board &#8211; white frame, clear green cushion white backrest with regular table board &#8211; white frame, white cushion white backrest with regular table board &#8211; white frame, sky blue cushion white backrest with regular table board &#8211; white frame, atmospheric black cushion black backrest with regular table board &#8211; white frame, extra large table board backrest cushion message note<\/li>\n<li>\n<strong>Mat\u00e9riau en tissu<\/strong>:filet<\/li>\n<li>\n<strong>Hauteur du dossier<\/strong>:35<\/li>\n<li>\n<strong>Est-ce pliable ?<\/strong>:Oui<\/li>\n<li>\n<strong>Normes environnementales<\/strong>:Autre<\/li>\n<li>\n<strong>Est-ce personnalisable ?<\/strong>:Non<\/li>\n<li>\n<strong>Que ce soit avec un rouleau<\/strong>:Non<\/li>\n<li>\n<strong>Peut-il \u00eatre \u00e9lev\u00e9 ou abaiss\u00e9 ?<\/strong>:Non<\/li>\n<li>\n<strong>Faut-il apporter un tableau d&#039;\u00e9criture ?<\/strong>:Oui<\/li>\n<li>\n<strong>Y a-t-il des mains courantes ?<\/strong>:Oui<\/li>\n<li>\n<strong>Les accoudoirs sont-ils r\u00e9glables ?<\/strong>:Non r\u00e9glable<\/li>\n<li>\n<strong>Est-ce empilable ?<\/strong>:Non<\/li>\n<li>\n<strong>Type de main courante<\/strong>:Accoudoir fixe<\/li>\n<\/ul>\n<p><img><\/p>","protected":false},"excerpt":{"rendered":"<p>brand:other model:101-white frame Material:steel style:Modern and simple Origin:Chinese mainland province:Zhejiang Province city:Huzhou sort by color:Leisure gray cushion gray backrest &#8211;<\/p>","protected":false},"featured_media":143476,"comment_status":"open","ping_status":"closed","template":"","meta":[],"product_brand":[],"product_cat":[30971,30866],"product_tag":[],"class_list":{"0":"post-84323","1":"product","2":"type-product","3":"status-publish","4":"has-post-thumbnail","6":"product_cat-hp","7":"product_cat-wholesales-university-high-schools","9":"first","10":"instock","11":"taxable","12":"shipping-taxable","13":"purchasable","14":"product-type-variable"},"_links":{"self":[{"href":"https:\/\/nexgendecors.com\/fr\/wp-json\/wp\/v2\/product\/84323","targetHints":{"allow":["GET"]}}],"collection":[{"href":"https:\/\/nexgendecors.com\/fr\/wp-json\/wp\/v2\/product"}],"about":[{"href":"https:\/\/nexgendecors.com\/fr\/wp-json\/wp\/v2\/types\/product"}],"replies":[{"embeddable":true,"href":"https:\/\/nexgendecors.com\/fr\/wp-json\/wp\/v2\/comments?post=84323"}],"version-history":[{"count":0,"href":"https:\/\/nexgendecors.com\/fr\/wp-json\/wp\/v2\/product\/84323\/revisions"}],"wp:featuredmedia":[{"embeddable":true,"href":"https:\/\/nexgendecors.com\/fr\/wp-json\/wp\/v2\/media\/143476"}],"wp:attachment":[{"href":"https:\/\/nexgendecors.com\/fr\/wp-json\/wp\/v2\/media?parent=84323"}],"wp:term":[{"taxonomy":"product_brand","embeddable":true,"href":"https:\/\/nexgendecors.com\/fr\/wp-json\/wp\/v2\/product_brand?post=84323"},{"taxonomy":"product_cat","embeddable":true,"href":"https:\/\/nexgendecors.com\/fr\/wp-json\/wp\/v2\/product_cat?post=84323"},{"taxonomy":"product_tag","embeddable":true,"href":"https:\/\/nexgendecors.com\/fr\/wp-json\/wp\/v2\/product_tag?post=84323"}],"curies":[{"name":"wp","href":"https:\/\/api.w.org\/{rel}","templated":true}]}}