{"id":84343,"date":"2025-01-26T03:50:03","date_gmt":"2025-01-26T03:50:03","guid":{"rendered":"https:\/\/nexgendecors.com\/product\/training-chair-with-table-board-office-backrest-stackable-chair-with-writing-board-listening-student-chair-integrated-conference-room-chair\/"},"modified":"2025-04-06T09:43:11","modified_gmt":"2025-04-06T09:43:11","slug":"training-chair-with-table-board-office-backrest-stackable-chair-with-writing-board-listening-student-chair-integrated-conference-room-chair","status":"publish","type":"product","link":"https:\/\/nexgendecors.com\/fr\/product\/training-chair-with-table-board-office-backrest-stackable-chair-with-writing-board-listening-student-chair-integrated-conference-room-chair\/","title":{"rendered":"Chaise de conf\u00e9rence empilable avec tableau d'\u00e9criture"},"content":{"rendered":"<ul>\n<li>\n<strong>marque<\/strong>:Heureusement,<\/li>\n<li>\n<strong>mod\u00e8le<\/strong>:008<\/li>\n<li>\n<strong>Mat\u00e9riel<\/strong>:M\u00e9tal<\/li>\n<li>\n<strong>style<\/strong>:Moderne et simple<\/li>\n<li>\n<strong>Origine<\/strong>:Chine continentale<\/li>\n<li>\n<strong>province<\/strong>:Province du Zhejiang<\/li>\n<li>\n<strong>ville<\/strong>:Huzhou<\/li>\n<li>\n<strong>trier par couleur<\/strong>:No table board all black (4 sheets), no table board sitting green back black (4 sheets), no table board sitting orange back black (4 sheets), no table board sitting blue back black (4 sheets), no table board sitting red back black (4 sheets), no table board sitting black back gray and white (4 sheets), no table board sitting green back gray and white (4 sheets), no table board sitting orange back gray and white (4 sheets), no table board sitting blue back gray and white (4 sheets), no table board sitting red back gray and white (4 sheets), no table board sitting black back green (4 sheets), no table board all green (4 sheets), no table board sitting black back blue (4 sheets), no table board all blue (4 sheets), no table board all gray (4 sheets), with enlarged table board all black (4 sheets), With enlarged table board sitting on green back black (4 sheets), with enlarged table board sitting on orange back black (4 sheets), with enlarged table board sitting on blue back black (4 sheets), with enlarged table board sitting on red back black (4 sheets), with enlarged table board sitting on black back gray and white (4 sheets), with enlarged table board sitting on green back gray and white (4 sheets), with enlarged table board sitting on orange back gray and white (4 sheets), with enlarged table board sitting on blue back gray and white (4 sheets), with enlarged table board sitting on red back gray and white (4 sheets), with enlarged table board sitting on black back green (4 sheets), with enlarged table board all green (4 sheets), with enlarged table board sitting on black back blue (4 sheets), with enlarged table board all blue (4 sheets), with enlarged table board all gray (4 sheets)<\/li>\n<li>\n<strong>Mat\u00e9riau en tissu<\/strong>:filet<\/li>\n<li>\n<strong>Hauteur du dossier<\/strong>:80cm<\/li>\n<li>\n<strong>Est-ce pliable ?<\/strong>:Non<\/li>\n<li>\n<strong>Normes environnementales<\/strong>:Autre<\/li>\n<li>\n<strong>Est-ce personnalisable ?<\/strong>:Oui<\/li>\n<li>\n<strong>Que ce soit avec un rouleau<\/strong>:Non<\/li>\n<li>\n<strong>Peut-il \u00eatre \u00e9lev\u00e9 ou abaiss\u00e9 ?<\/strong>:Non<\/li>\n<li>\n<strong>Faut-il apporter un tableau d&#039;\u00e9criture ?<\/strong>:Oui<\/li>\n<li>\n<strong>Y a-t-il des mains courantes ?<\/strong>:Non<\/li>\n<li>\n<strong>Est-ce empilable ?<\/strong>:Oui<\/li>\n<li>\n<strong>Type de main courante<\/strong>:No armrests<\/li>\n<li>\n<strong><\/strong>:<\/li>\n<\/ul>\n<p><img><\/p>","protected":false},"excerpt":{"rendered":"<p>marque:Heureusement, mod\u00e8le:008 Mati\u00e8re:M\u00e9tal style:Moderne et simple Origine:Chine continentale province:Zhejiang Province ville:Huzhou trier par couleur:Pas de plateau de table tout noir (4 feuilles),<\/p>","protected":false},"featured_media":143526,"comment_status":"open","ping_status":"closed","template":"","meta":[],"product_brand":[],"product_cat":[30900,30971,30866],"product_tag":[],"class_list":{"0":"post-84343","1":"product","2":"type-product","3":"status-publish","4":"has-post-thumbnail","6":"product_cat-bs-school","7":"product_cat-hp","8":"product_cat-wholesales-university-high-schools","10":"first","11":"instock","12":"taxable","13":"shipping-taxable","14":"purchasable","15":"product-type-variable"},"_links":{"self":[{"href":"https:\/\/nexgendecors.com\/fr\/wp-json\/wp\/v2\/product\/84343","targetHints":{"allow":["GET"]}}],"collection":[{"href":"https:\/\/nexgendecors.com\/fr\/wp-json\/wp\/v2\/product"}],"about":[{"href":"https:\/\/nexgendecors.com\/fr\/wp-json\/wp\/v2\/types\/product"}],"replies":[{"embeddable":true,"href":"https:\/\/nexgendecors.com\/fr\/wp-json\/wp\/v2\/comments?post=84343"}],"version-history":[{"count":0,"href":"https:\/\/nexgendecors.com\/fr\/wp-json\/wp\/v2\/product\/84343\/revisions"}],"wp:featuredmedia":[{"embeddable":true,"href":"https:\/\/nexgendecors.com\/fr\/wp-json\/wp\/v2\/media\/143526"}],"wp:attachment":[{"href":"https:\/\/nexgendecors.com\/fr\/wp-json\/wp\/v2\/media?parent=84343"}],"wp:term":[{"taxonomy":"product_brand","embeddable":true,"href":"https:\/\/nexgendecors.com\/fr\/wp-json\/wp\/v2\/product_brand?post=84343"},{"taxonomy":"product_cat","embeddable":true,"href":"https:\/\/nexgendecors.com\/fr\/wp-json\/wp\/v2\/product_cat?post=84343"},{"taxonomy":"product_tag","embeddable":true,"href":"https:\/\/nexgendecors.com\/fr\/wp-json\/wp\/v2\/product_tag?post=84343"}],"curies":[{"name":"wp","href":"https:\/\/api.w.org\/{rel}","templated":true}]}}