{"id":84376,"date":"2025-01-26T03:50:06","date_gmt":"2025-01-26T03:50:06","guid":{"rendered":"https:\/\/nexgendecors.com\/product\/training-chair-with-table-board-stackable-conference-chair-with-writing-board-integrated-meeting-chair-staff-student-training-class-chair\/"},"modified":"2025-04-06T09:43:15","modified_gmt":"2025-04-06T09:43:15","slug":"training-chair-with-table-board-stackable-conference-chair-with-writing-board-integrated-meeting-chair-staff-student-training-class-chair","status":"publish","type":"product","link":"https:\/\/nexgendecors.com\/fr\/product\/training-chair-with-table-board-stackable-conference-chair-with-writing-board-integrated-meeting-chair-staff-student-training-class-chair\/","title":{"rendered":"Chaise de conf\u00e9rence empilable avec tableau d'\u00e9criture"},"content":{"rendered":"<ul>\n<li>\n<strong>Mat\u00e9riel<\/strong>:M\u00e9tal<\/li>\n<li>\n<strong>style<\/strong>:Moderne et simple<\/li>\n<li>\n<strong>Origine<\/strong>:Chine continentale<\/li>\n<li>\n<strong>province<\/strong>:Province du Zhejiang<\/li>\n<li>\n<strong>ville<\/strong>:Huzhou<\/li>\n<li>\n<strong>trier par couleur<\/strong>:Green back green seat with writing board (2 sheets are required for a single sample, please consult customer service), blue back blue seat with writing board (2 sheets are required for a single sample), white back blue seat with writing board (2 sheets are required for a single sample, please consult customer service), white back red seat with writing board (2 sheets are required for a single sample), white back orange seat with writing board (2 sheets are required for a single sample), white back black seat with writing board (2 sheets are required for a single sample), white back green seat with writing board (2 sheets are required for a single sample), white back gray seat with writing board (2 sheets are required for a single sample), white back blue seat without writing board (2 sheets are required for a single sample), white back green seat without writing board (2 sheets are required for a single sample), white back orange seat without writing board (2 sheets are required for a single sample), white back red seat without writing board (2 sheets are required for a single sample), white back black seat without writing board (2 sheets are required for a single sample), green back green seat without writing board (2 sheets are required for a single sample), blue back blue seat without writing board (2 sheets are required for a single sample)<\/li>\n<li>\n<strong>Mat\u00e9riau en tissu<\/strong>:filet<\/li>\n<li>\n<strong>Est-ce pliable ?<\/strong>:Non<\/li>\n<li>\n<strong>Est-ce personnalisable ?<\/strong>:Oui<\/li>\n<li>\n<strong>Que ce soit avec un rouleau<\/strong>:Non<\/li>\n<li>\n<strong>Peut-il \u00eatre \u00e9lev\u00e9 ou abaiss\u00e9 ?<\/strong>:Non<\/li>\n<li>\n<strong>Faut-il apporter un tableau d&#039;\u00e9criture ?<\/strong>:Oui<\/li>\n<li>\n<strong>Y a-t-il des mains courantes ?<\/strong>:Oui<\/li>\n<li>\n<strong>Les accoudoirs sont-ils r\u00e9glables ?<\/strong>:adjustable<\/li>\n<li>\n<strong>Est-ce empilable ?<\/strong>:Oui<\/li>\n<li>\n<strong>Type de main courante<\/strong>:Accoudoir fixe<\/li>\n<\/ul>\n<p><img><\/p>","protected":false},"excerpt":{"rendered":"<p>Material:Metal style:Modern and simple Origin:Chinese mainland province:Zhejiang Province city:Huzhou sort by color:Green back green seat with writing board (2 sheets<\/p>","protected":false},"featured_media":143533,"comment_status":"open","ping_status":"closed","template":"","meta":[],"product_brand":[],"product_cat":[30971,30866],"product_tag":[],"class_list":{"0":"post-84376","1":"product","2":"type-product","3":"status-publish","4":"has-post-thumbnail","6":"product_cat-hp","7":"product_cat-wholesales-university-high-schools","9":"first","10":"instock","11":"taxable","12":"shipping-taxable","13":"purchasable","14":"product-type-variable"},"_links":{"self":[{"href":"https:\/\/nexgendecors.com\/fr\/wp-json\/wp\/v2\/product\/84376","targetHints":{"allow":["GET"]}}],"collection":[{"href":"https:\/\/nexgendecors.com\/fr\/wp-json\/wp\/v2\/product"}],"about":[{"href":"https:\/\/nexgendecors.com\/fr\/wp-json\/wp\/v2\/types\/product"}],"replies":[{"embeddable":true,"href":"https:\/\/nexgendecors.com\/fr\/wp-json\/wp\/v2\/comments?post=84376"}],"version-history":[{"count":0,"href":"https:\/\/nexgendecors.com\/fr\/wp-json\/wp\/v2\/product\/84376\/revisions"}],"wp:featuredmedia":[{"embeddable":true,"href":"https:\/\/nexgendecors.com\/fr\/wp-json\/wp\/v2\/media\/143533"}],"wp:attachment":[{"href":"https:\/\/nexgendecors.com\/fr\/wp-json\/wp\/v2\/media?parent=84376"}],"wp:term":[{"taxonomy":"product_brand","embeddable":true,"href":"https:\/\/nexgendecors.com\/fr\/wp-json\/wp\/v2\/product_brand?post=84376"},{"taxonomy":"product_cat","embeddable":true,"href":"https:\/\/nexgendecors.com\/fr\/wp-json\/wp\/v2\/product_cat?post=84376"},{"taxonomy":"product_tag","embeddable":true,"href":"https:\/\/nexgendecors.com\/fr\/wp-json\/wp\/v2\/product_tag?post=84376"}],"curies":[{"name":"wp","href":"https:\/\/api.w.org\/{rel}","templated":true}]}}