{"id":84395,"date":"2025-01-26T03:50:09","date_gmt":"2025-01-26T03:50:09","guid":{"rendered":"https:\/\/nexgendecors.com\/product\/training-chair-with-table-board-with-writing-board-chair-office-meeting-stool-student-classroom-simple-office-chair-backrest\/"},"modified":"2025-04-06T09:43:18","modified_gmt":"2025-04-06T09:43:18","slug":"training-chair-with-table-board-with-writing-board-chair-office-meeting-stool-student-classroom-simple-office-chair-backrest","status":"publish","type":"product","link":"https:\/\/nexgendecors.com\/fr\/product\/training-chair-with-table-board-with-writing-board-chair-office-meeting-stool-student-classroom-simple-office-chair-backrest\/","title":{"rendered":"Chaise de formation ergonomique avec tableau d&#039;\u00e9criture et dossier"},"content":{"rendered":"<ul>\n<li>\n<strong>marque<\/strong>:autre<\/li>\n<li>\n<strong>mod\u00e8le<\/strong>:2020<\/li>\n<li>\n<strong>Mat\u00e9riel<\/strong>:M\u00e9tal<\/li>\n<li>\n<strong>style<\/strong>:Moderne et simple<\/li>\n<li>\n<strong>Origine<\/strong>:Chine continentale<\/li>\n<li>\n<strong>province<\/strong>:Province du Zhejiang<\/li>\n<li>\n<strong>ville<\/strong>:Huzhou<\/li>\n<li>\n<strong>trier par couleur<\/strong>:Black back black cushion, black back green cushion, black back orange cushion, black back red cushion, black back blue cushion, black back black cushion with A writing board, black back green cushion with A writing board, black back orange cushion with A writing board, black back red cushion with A writing board, black back blue cushion with A writing board, black back black cushion with enlarged writing board, black back green cushion with enlarged writing board, black back orange cushion with enlarged writing board, black back red cushion with enlarged writing board, black back blue cushion with enlarged writing board, gray and white back single chair without writing board, gray and white back single chair with writing board, gray and white back single chair with enlarged writing board, customized LOGO (contact customer service for details), rotating writing board (color message note), chair with writing board and storage rack, 50 sheets without writing board<\/li>\n<li>\n<strong>Mat\u00e9riau en tissu<\/strong>:filet<\/li>\n<li>\n<strong>Hauteur du dossier<\/strong>:32<\/li>\n<li>\n<strong>Est-ce pliable ?<\/strong>:Non<\/li>\n<li>\n<strong>Normes environnementales<\/strong>:Autre<\/li>\n<li>\n<strong>Est-ce personnalisable ?<\/strong>:Oui<\/li>\n<li>\n<strong>Que ce soit avec un rouleau<\/strong>:Non<\/li>\n<li>\n<strong>Peut-il \u00eatre \u00e9lev\u00e9 ou abaiss\u00e9 ?<\/strong>:Non<\/li>\n<li>\n<strong>Faut-il apporter un tableau d&#039;\u00e9criture ?<\/strong>:Oui<\/li>\n<li>\n<strong>Y a-t-il des mains courantes ?<\/strong>:Non<\/li>\n<li>\n<strong>Est-ce empilable ?<\/strong>:Oui<\/li>\n<li>\n<strong>Type de main courante<\/strong>:No armrests<\/li>\n<li>\n<strong><\/strong>:<\/li>\n<\/ul>\n<p><img><\/p>","protected":false},"excerpt":{"rendered":"<p>Marque : autre mod\u00e8le : 2020 Mat\u00e9riau : m\u00e9tal Style : moderne et simple Origine : Chine continentale Province : province du Zhejiang Ville : Huzhou Trier par couleur : dos noir coussin noir, dos noir vert<\/p>","protected":false},"featured_media":143545,"comment_status":"open","ping_status":"closed","template":"","meta":[],"product_brand":[],"product_cat":[30971,30866],"product_tag":[],"class_list":{"0":"post-84395","1":"product","2":"type-product","3":"status-publish","4":"has-post-thumbnail","6":"product_cat-hp","7":"product_cat-wholesales-university-high-schools","9":"first","10":"instock","11":"taxable","12":"shipping-taxable","13":"purchasable","14":"product-type-variable"},"_links":{"self":[{"href":"https:\/\/nexgendecors.com\/fr\/wp-json\/wp\/v2\/product\/84395","targetHints":{"allow":["GET"]}}],"collection":[{"href":"https:\/\/nexgendecors.com\/fr\/wp-json\/wp\/v2\/product"}],"about":[{"href":"https:\/\/nexgendecors.com\/fr\/wp-json\/wp\/v2\/types\/product"}],"replies":[{"embeddable":true,"href":"https:\/\/nexgendecors.com\/fr\/wp-json\/wp\/v2\/comments?post=84395"}],"version-history":[{"count":0,"href":"https:\/\/nexgendecors.com\/fr\/wp-json\/wp\/v2\/product\/84395\/revisions"}],"wp:featuredmedia":[{"embeddable":true,"href":"https:\/\/nexgendecors.com\/fr\/wp-json\/wp\/v2\/media\/143545"}],"wp:attachment":[{"href":"https:\/\/nexgendecors.com\/fr\/wp-json\/wp\/v2\/media?parent=84395"}],"wp:term":[{"taxonomy":"product_brand","embeddable":true,"href":"https:\/\/nexgendecors.com\/fr\/wp-json\/wp\/v2\/product_brand?post=84395"},{"taxonomy":"product_cat","embeddable":true,"href":"https:\/\/nexgendecors.com\/fr\/wp-json\/wp\/v2\/product_cat?post=84395"},{"taxonomy":"product_tag","embeddable":true,"href":"https:\/\/nexgendecors.com\/fr\/wp-json\/wp\/v2\/product_tag?post=84395"}],"curies":[{"name":"wp","href":"https:\/\/api.w.org\/{rel}","templated":true}]}}