{"id":84435,"date":"2025-01-26T03:50:14","date_gmt":"2025-01-26T03:50:14","guid":{"rendered":"https:\/\/nexgendecors.com\/product\/training-chair-with-table-chair-folding-training-table-and-chair-integrated-stool-office-conference-room-conference-chair-with-writing-board-1\/"},"modified":"2025-04-06T06:32:54","modified_gmt":"2025-04-06T06:32:54","slug":"chaise-de-formation-avec-table-chaise-table-de-formation-pliante-et-chaise-tabouret-integre-bureau-salle-de-conference-chaise-de-conference-avec-tableau-decriture-1","status":"publish","type":"product","link":"https:\/\/nexgendecors.com\/fr\/product\/chaise-de-formation-avec-table-chaise-table-de-formation-pliante-et-chaise-tabouret-integre-bureau-salle-de-conference-chaise-de-conference-avec-tableau-decriture-1\/","title":{"rendered":"Chaise d'apprentissage pliante int\u00e9gr\u00e9e avec tableau d'\u00e9criture"},"content":{"rendered":"<ul>\n<li>\n<strong>marque<\/strong>:autre<\/li>\n<li>\n<strong>mod\u00e8le<\/strong>:fw-101<\/li>\n<li>\n<strong>Mat\u00e9riel<\/strong>:M\u00e9tal<\/li>\n<li>\n<strong>style<\/strong>:Moderne et simple<\/li>\n<li>\n<strong>Origine<\/strong>:Chine continentale<\/li>\n<li>\n<strong>province<\/strong>:Province du Zhejiang<\/li>\n<li>\n<strong>ville<\/strong>:Huzhou<\/li>\n<li>\n<strong>trier par couleur<\/strong>:Gris clair, bleu royal, noir atmosph\u00e9rique, vert fruit, rouge vif, orange vibrant, noir atmosph\u00e9rique avec plateau de table, vert fruit avec plateau de table, gris clair avec plateau de table, bleu royal avec plateau de table, rouge vif avec plateau de table, orange vibrant avec plateau de table, coussin couleur assortie personnalisation consultation service client, mod\u00e8le de plateau de table extra large couleur du dossier message note<\/li>\n<li>\n<strong>Mat\u00e9riau en tissu<\/strong>:filet<\/li>\n<li>\n<strong>Est-ce pliable ?<\/strong>:Oui<\/li>\n<li>\n<strong>Que ce soit avec un rouleau<\/strong>:Non<\/li>\n<li>\n<strong>Peut-il \u00eatre \u00e9lev\u00e9 ou abaiss\u00e9 ?<\/strong>:Non<\/li>\n<li>\n<strong>Faut-il apporter un tableau d&#039;\u00e9criture ?<\/strong>:Oui<\/li>\n<li>\n<strong>Y a-t-il des mains courantes ?<\/strong>:Oui<\/li>\n<li>\n<strong>Les accoudoirs sont-ils r\u00e9glables ?<\/strong>:Non r\u00e9glable<\/li>\n<li>\n<strong>Est-ce empilable ?<\/strong>:Non<\/li>\n<li>\n<strong>Type de main courante<\/strong>:Accoudoir fixe<\/li>\n<li>\n<strong><\/strong>:<\/li>\n<\/ul>\n<p><img><\/p>","protected":false},"excerpt":{"rendered":"<p>marque:autre mod\u00e8le:fw-101 Mati\u00e8re:M\u00e9tal style:Moderne et simple Origine:Chine continentale province:Zhejiang Province ville:Huzhou trier par couleur:Gris clair, bleu royal, noir atmosph\u00e9rique, fruit<\/p>","protected":false},"featured_media":143609,"comment_status":"open","ping_status":"closed","template":"","meta":[],"product_brand":[],"product_cat":[30900,30971,30866],"product_tag":[],"class_list":{"0":"post-84435","1":"product","2":"type-product","3":"status-publish","4":"has-post-thumbnail","6":"product_cat-bs-school","7":"product_cat-hp","8":"product_cat-wholesales-university-high-schools","10":"first","11":"instock","12":"taxable","13":"shipping-taxable","14":"purchasable","15":"product-type-variable"},"_links":{"self":[{"href":"https:\/\/nexgendecors.com\/fr\/wp-json\/wp\/v2\/product\/84435","targetHints":{"allow":["GET"]}}],"collection":[{"href":"https:\/\/nexgendecors.com\/fr\/wp-json\/wp\/v2\/product"}],"about":[{"href":"https:\/\/nexgendecors.com\/fr\/wp-json\/wp\/v2\/types\/product"}],"replies":[{"embeddable":true,"href":"https:\/\/nexgendecors.com\/fr\/wp-json\/wp\/v2\/comments?post=84435"}],"version-history":[{"count":0,"href":"https:\/\/nexgendecors.com\/fr\/wp-json\/wp\/v2\/product\/84435\/revisions"}],"wp:featuredmedia":[{"embeddable":true,"href":"https:\/\/nexgendecors.com\/fr\/wp-json\/wp\/v2\/media\/143609"}],"wp:attachment":[{"href":"https:\/\/nexgendecors.com\/fr\/wp-json\/wp\/v2\/media?parent=84435"}],"wp:term":[{"taxonomy":"product_brand","embeddable":true,"href":"https:\/\/nexgendecors.com\/fr\/wp-json\/wp\/v2\/product_brand?post=84435"},{"taxonomy":"product_cat","embeddable":true,"href":"https:\/\/nexgendecors.com\/fr\/wp-json\/wp\/v2\/product_cat?post=84435"},{"taxonomy":"product_tag","embeddable":true,"href":"https:\/\/nexgendecors.com\/fr\/wp-json\/wp\/v2\/product_tag?post=84435"}],"curies":[{"name":"wp","href":"https:\/\/api.w.org\/{rel}","templated":true}]}}