{"id":84511,"date":"2025-01-26T03:50:22","date_gmt":"2025-01-26T03:50:22","guid":{"rendered":"https:\/\/nexgendecors.com\/product\/training-chair-with-table-training-table-and-chair-integrated-foldable-conference-chair-with-writing-board-office-stool-white\/"},"modified":"2025-04-06T09:43:26","modified_gmt":"2025-04-06T09:43:26","slug":"chaise-de-formation-avec-table-table-de-formation-et-chaise-integrees-chaise-de-conference-pliable-avec-tableau-decriture-tabouret-de-bureau-blanc","status":"publish","type":"product","link":"https:\/\/nexgendecors.com\/fr\/product\/chaise-de-formation-avec-table-table-de-formation-et-chaise-integrees-chaise-de-conference-pliable-avec-tableau-decriture-tabouret-de-bureau-blanc\/","title":{"rendered":"Chaise de conf\u00e9rence pliable avec tableau d&#039;\u00e9criture \u2013 Blanc"},"content":{"rendered":"<ul>\n<li>\n<strong>marque<\/strong>:autre<\/li>\n<li>\n<strong>mod\u00e8le<\/strong>:wf-909<\/li>\n<li>\n<strong>Mat\u00e9riel<\/strong>:M\u00e9tal<\/li>\n<li>\n<strong>trier par couleur<\/strong>Coussin gris avec dossier gris, Coussin vert avec dossier blanc, Coussin orange avec dossier blanc, Coussin blanc avec dossier blanc, Coussin noir avec dossier noir, Coussin bleu avec dossier blanc, Coussin gris avec dossier gris et plateau extra-large, Coussin vert avec dossier blanc et plateau extra-large, Coussin orange avec dossier blanc et plateau extra-large, Coussin bleu avec dossier blanc et plateau extra-large, Coussin noir avec dossier noir et plateau extra-large, Coussin blanc avec dossier extra-large, Coussin gris avec dossier gris et plateau standard, Coussin vert avec dossier blanc et plateau standard, Coussin orange avec dossier blanc et plateau standard, Coussin bleu avec dossier blanc et plateau standard, Coussin noir avec dossier noir et plateau standard, Coussin blanc avec dossier blanc et plateau standard, Mod\u00e8le haut de gamme avec coque en plastique et message couleur du dossier du plateau extra-large, Mod\u00e8le haut de gamme avec coque en plastique et plateau standard<\/li>\n<li>\n<strong>Mat\u00e9riau en tissu<\/strong>:filet<\/li>\n<li>\n<strong>Est-ce pliable ?<\/strong>:Oui<\/li>\n<li>\n<strong>Que ce soit avec un rouleau<\/strong>:Oui<\/li>\n<li>\n<strong>Peut-il \u00eatre \u00e9lev\u00e9 ou abaiss\u00e9 ?<\/strong>:Non<\/li>\n<li>\n<strong>Faut-il apporter un tableau d&#039;\u00e9criture ?<\/strong>:Oui<\/li>\n<li>\n<strong>Y a-t-il des mains courantes ?<\/strong>:Oui<\/li>\n<li>\n<strong>Les accoudoirs sont-ils r\u00e9glables ?<\/strong>:Non r\u00e9glable<\/li>\n<li>\n<strong>Est-ce empilable ?<\/strong>:Non<\/li>\n<li>\n<strong>Type de main courante<\/strong>:Accoudoir fixe<\/li>\n<li>\n<strong><\/strong>:<\/li>\n<\/ul>\n<p><img><\/p>","protected":false},"excerpt":{"rendered":"<p>brand:other model:wf-909 Material:Metal sort by color:Gray Cushion Gray Backrest,Green Cushion White Backrest,Orange Cushion White Backrest,White Cushion White Backrest,Black Cushion Black<\/p>","protected":false},"featured_media":143681,"comment_status":"open","ping_status":"closed","template":"","meta":[],"product_brand":[],"product_cat":[30971,30866],"product_tag":[],"class_list":{"0":"post-84511","1":"product","2":"type-product","3":"status-publish","4":"has-post-thumbnail","6":"product_cat-hp","7":"product_cat-wholesales-university-high-schools","9":"first","10":"instock","11":"taxable","12":"shipping-taxable","13":"purchasable","14":"product-type-variable"},"_links":{"self":[{"href":"https:\/\/nexgendecors.com\/fr\/wp-json\/wp\/v2\/product\/84511","targetHints":{"allow":["GET"]}}],"collection":[{"href":"https:\/\/nexgendecors.com\/fr\/wp-json\/wp\/v2\/product"}],"about":[{"href":"https:\/\/nexgendecors.com\/fr\/wp-json\/wp\/v2\/types\/product"}],"replies":[{"embeddable":true,"href":"https:\/\/nexgendecors.com\/fr\/wp-json\/wp\/v2\/comments?post=84511"}],"version-history":[{"count":0,"href":"https:\/\/nexgendecors.com\/fr\/wp-json\/wp\/v2\/product\/84511\/revisions"}],"wp:featuredmedia":[{"embeddable":true,"href":"https:\/\/nexgendecors.com\/fr\/wp-json\/wp\/v2\/media\/143681"}],"wp:attachment":[{"href":"https:\/\/nexgendecors.com\/fr\/wp-json\/wp\/v2\/media?parent=84511"}],"wp:term":[{"taxonomy":"product_brand","embeddable":true,"href":"https:\/\/nexgendecors.com\/fr\/wp-json\/wp\/v2\/product_brand?post=84511"},{"taxonomy":"product_cat","embeddable":true,"href":"https:\/\/nexgendecors.com\/fr\/wp-json\/wp\/v2\/product_cat?post=84511"},{"taxonomy":"product_tag","embeddable":true,"href":"https:\/\/nexgendecors.com\/fr\/wp-json\/wp\/v2\/product_tag?post=84511"}],"curies":[{"name":"wp","href":"https:\/\/api.w.org\/{rel}","templated":true}]}}