{"id":84587,"date":"2025-01-26T03:50:32","date_gmt":"2025-01-26T03:50:32","guid":{"rendered":"https:\/\/nexgendecors.com\/product\/transform-your-space-with-art3d-3d-pvc-wall-panels1711880204568\/"},"modified":"2025-04-15T11:18:07","modified_gmt":"2025-04-15T11:18:07","slug":"transformez-votre-espace-avec-les-panneaux-muraux-3d-en-pvc-art3d-1711880204568","status":"publish","type":"product","link":"https:\/\/nexgendecors.com\/fr\/product\/transformez-votre-espace-avec-les-panneaux-muraux-3d-en-pvc-art3d-1711880204568\/","title":{"rendered":"Transformez votre espace avec les panneaux muraux en PVC 3D Art3d"},"content":{"rendered":"<div class=\"flex-1 overflow-hidden\" data-mce-fragment=\"1\">\n<div class=\"react-scroll-to-bottom--css-hsvao-79elbk h-full\" data-mce-fragment=\"1\">\n<div class=\"react-scroll-to-bottom--css-hsvao-1n7m0yu\" data-mce-fragment=\"1\">\n<div data-mce-fragment=\"1\">\n<div class=\"flex flex-col text-sm pb-9\" data-mce-fragment=\"1\">\n<div data-testid=\"conversation-turn-21\" dir=\"auto\" class=\"w-full text-token-text-primary\" data-mce-fragment=\"1\">\n<div class=\"px-4 py-2 justify-center text-base md:gap-6 m-auto\" data-mce-fragment=\"1\">\n<div class=\"flex flex-1 text-base mx-auto gap-3 juice:gap-4 juice:md:gap-6 md:px-5 lg:px-1 xl:px-5 md:max-w-3xl lg:max-w-[40rem] xl:max-w-[48rem]\" data-mce-fragment=\"1\">\n<div class=\"relative flex w-full flex-col agent-turn\" data-mce-fragment=\"1\">\n<div class=\"flex-col gap-1 md:gap-3\" data-mce-fragment=\"1\">\n<div class=\"flex flex-grow flex-col max-w-full\" data-mce-fragment=\"1\">\n<div class=\"min-h-[20px] text-message flex flex-col items-start gap-3 whitespace-pre-wrap break-words [.text-message+&#038;]:mt-5 overflow-x-auto\" dir=\"auto\" data-message-id=\"cbc0b8ef-eb8d-4633-bbcf-fdf23dd370aa\" data-message-author-role=\"assistant\" data-mce-fragment=\"1\">\n<div class=\"markdown prose w-full break-words dark:prose-invert light\" data-mce-fragment=\"1\">\n<p data-mce-fragment=\"1\">\ud83c\udf1f <strong data-mce-fragment=\"1\">Am\u00e9liorez votre espace avec la gamme diversifi\u00e9e de produits d&#039;Art3d\u00a0!<\/strong> \ud83c\udfa8<br data-mce-fragment=\"1\">Chez Art3d, nous proposons une vaste s\u00e9lection de solutions d&#039;am\u00e9nagement pour embellir votre int\u00e9rieur. Des panneaux muraux 3D en PVC et fibres v\u00e9g\u00e9tales aux papiers peints et carrelages adh\u00e9sifs, nous proposons des articles \u00e9l\u00e9gants et abordables pour des projets DIY faciles \u00e0 r\u00e9aliser, vous permettant d&#039;embellir votre int\u00e9rieur sans effort.<\/p>\n<p data-mce-fragment=\"1\">\ud83c\udfa8 <strong data-mce-fragment=\"1\">Adapt\u00e9 \u00e0 votre style<\/strong> \ud83c\udfe1<br data-mce-fragment=\"1\">Avec une grande vari\u00e9t\u00e9 de designs, de finitions et de couleurs, Art3d vous garantit de trouver la solution id\u00e9ale pour votre style unique. Nos produits sont con\u00e7us pour s&#039;adapter \u00e0 tous les styles, offrant ainsi une infinit\u00e9 de possibilit\u00e9s pour personnaliser votre espace.<\/p>\n<p data-mce-fragment=\"1\">\ud83d\udee0\ufe0f <strong data-mce-fragment=\"1\">Un soutien expert pour votre tranquillit\u00e9 d&#039;esprit<\/strong> \ud83d\udc69\u200d\ud83d\udd27<br data-mce-fragment=\"1\">Notre \u00e9quipe d&#039;assistance d\u00e9di\u00e9e s&#039;engage \u00e0 votre enti\u00e8re satisfaction. Form\u00e9e professionnellement pour r\u00e9pondre \u00e0 toutes vos questions sur les produits, elle vous garantit une exp\u00e9rience fluide, de la s\u00e9lection \u00e0 l&#039;installation. La satisfaction de nos clients est notre priorit\u00e9 absolue.<\/p>\n<p data-mce-fragment=\"1\">\ud83c\udf3f <strong data-mce-fragment=\"1\">Une qualit\u00e9 \u00e0 laquelle vous pouvez faire confiance<\/strong> \ud83c\udfc6<br data-mce-fragment=\"1\">Au fil des ans, Art3d s&#039;est forg\u00e9 une r\u00e9putation de marque de confiance dans le domaine de la r\u00e9novation r\u00e9sidentielle. Reconnus par nos clients, architectes et designers, nous sommes fiers de proposer des produits de haute qualit\u00e9 qui d\u00e9passent les attentes.<\/p>\n<p data-mce-fragment=\"1\">\ud83c\udf08 <strong data-mce-fragment=\"1\">Panneaux muraux 3D en PVC : transformez vos murs avec style !<\/strong> \ud83d\udca1<br data-mce-fragment=\"1\">D\u00e9couvrez l&#039;impact spectaculaire des panneaux muraux 3D en PVC, une alternative remarquable aux panneaux plats traditionnels. Id\u00e9als pour la d\u00e9coration murale int\u00e9rieure, ces panneaux dissimulent sans effort murs, plafonds ou toute surface disgracieuse n\u00e9cessitant une r\u00e9novation.<\/p>\n<p data-mce-fragment=\"1\">\ud83c\udfa8 <strong data-mce-fragment=\"1\">Des possibilit\u00e9s infinies d&#039;expression cr\u00e9ative<\/strong> \ud83c\udf1f<br data-mce-fragment=\"1\">Cr\u00e9ez des effets visuels spectaculaires en combinant des panneaux muraux 3D \u00e0 un \u00e9clairage cr\u00e9atif. Parfaits pour divers espaces, comme les salons, les chambres, les cuisines et les espaces commerciaux comme les bureaux, les restaurants, les caf\u00e9s et les cin\u00e9mas, ces panneaux offrent des possibilit\u00e9s de design infinies.<\/p>\n<p data-mce-fragment=\"1\">\ud83d\udecb\ufe0f <strong data-mce-fragment=\"1\">Applications polyvalentes au-del\u00e0 des murs<\/strong> \ud83d\udecf\ufe0f<br data-mce-fragment=\"1\">En plus des rev\u00eatements muraux, nos panneaux 3D permettent de cr\u00e9er des meubles tels que des portes d&#039;armoires, des t\u00eates de lit, des armoires de chambre et des meubles de cuisine. Transformez votre espace gr\u00e2ce \u00e0 nos solutions innovantes.<\/p>\n<p data-mce-fragment=\"1\">\ud83d\udcd0 <strong data-mce-fragment=\"1\">Personnalisez votre espace en toute confiance<\/strong> \u2702\ufe0f<br data-mce-fragment=\"1\">Que vous souhaitiez recouvrir des murs, des plafonds ou fabriquer des meubles, les panneaux muraux 3D en PVC d&#039;Art3d offrent une installation facile et des r\u00e9sultats \u00e9poustouflants. Faites confiance \u00e0 nos produits pour sublimer votre int\u00e9rieur avec style et sophistication.<\/p>\n<\/div>\n<\/div>\n<\/div>\n<\/div>\n<\/div>\n<\/div>\n<\/div>\n<\/div>\n<\/div>\n<\/div>\n<\/div>\n<\/div>\n<\/div>\n<p>\u00a0<\/p>","protected":false},"excerpt":{"rendered":"<p>\ud83c\udf1f Sublimez votre espace avec la gamme diversifi\u00e9e de produits Art3d\u00a0! \ud83c\udfa8Chez Art3d, nous proposons une vaste s\u00e9lection de produits de r\u00e9novation<\/p>","protected":false},"featured_media":143760,"comment_status":"open","ping_status":"closed","template":"","meta":[],"product_brand":[],"product_cat":[30971,30986,30878],"product_tag":[5905,5971],"class_list":{"0":"post-84587","1":"product","2":"type-product","3":"status-publish","4":"has-post-thumbnail","6":"product_cat-hp","7":"product_cat-tiles-wall-bricks","8":"product_cat-wall-panel","9":"product_tag-shopify","10":"product_tag-usa","12":"first","13":"instock","14":"taxable","15":"shipping-taxable","16":"purchasable","17":"product-type-variable"},"_links":{"self":[{"href":"https:\/\/nexgendecors.com\/fr\/wp-json\/wp\/v2\/product\/84587","targetHints":{"allow":["GET"]}}],"collection":[{"href":"https:\/\/nexgendecors.com\/fr\/wp-json\/wp\/v2\/product"}],"about":[{"href":"https:\/\/nexgendecors.com\/fr\/wp-json\/wp\/v2\/types\/product"}],"replies":[{"embeddable":true,"href":"https:\/\/nexgendecors.com\/fr\/wp-json\/wp\/v2\/comments?post=84587"}],"version-history":[{"count":0,"href":"https:\/\/nexgendecors.com\/fr\/wp-json\/wp\/v2\/product\/84587\/revisions"}],"wp:featuredmedia":[{"embeddable":true,"href":"https:\/\/nexgendecors.com\/fr\/wp-json\/wp\/v2\/media\/143760"}],"wp:attachment":[{"href":"https:\/\/nexgendecors.com\/fr\/wp-json\/wp\/v2\/media?parent=84587"}],"wp:term":[{"taxonomy":"product_brand","embeddable":true,"href":"https:\/\/nexgendecors.com\/fr\/wp-json\/wp\/v2\/product_brand?post=84587"},{"taxonomy":"product_cat","embeddable":true,"href":"https:\/\/nexgendecors.com\/fr\/wp-json\/wp\/v2\/product_cat?post=84587"},{"taxonomy":"product_tag","embeddable":true,"href":"https:\/\/nexgendecors.com\/fr\/wp-json\/wp\/v2\/product_tag?post=84587"}],"curies":[{"name":"wp","href":"https:\/\/api.w.org\/{rel}","templated":true}]}}