{"id":84746,"date":"2025-01-26T03:50:57","date_gmt":"2025-01-26T03:50:57","guid":{"rendered":"https:\/\/nexgendecors.com\/product\/tutoring-class-training-table-and-chair-combination-office-meeting-long-table-double-layer-nail-table-primary-and-secondary-school-students-desk-and-chair\/"},"modified":"2025-04-06T09:43:52","modified_gmt":"2025-04-06T09:43:52","slug":"table-de-formation-de-cours-de-tutorat-et-combinaison-de-chaise-de-reunion-de-bureau-longue-table-a-ongles-a-double-couche-bureau-et-chaise-pour-eleves-du-primaire-et-du-secondaire","status":"publish","type":"product","link":"https:\/\/nexgendecors.com\/fr\/product\/table-de-formation-de-cours-de-tutorat-et-combinaison-de-chaise-de-reunion-de-bureau-longue-table-a-ongles-a-double-couche-bureau-et-chaise-pour-eleves-du-primaire-et-du-secondaire\/","title":{"rendered":"Ensemble de chaises de bureau et de salle de classe polyvalentes"},"content":{"rendered":"<ul>\n<li>\n<strong>marque<\/strong>:DY1008<\/li>\n<li>\n<strong>mod\u00e8le<\/strong>:1008<\/li>\n<li>\n<strong>style<\/strong>:Chinois<\/li>\n<li>\n<strong>trier par couleur<\/strong>:Couche simple : 120*40*75CM, couche simple : 60*40*75CM, couche simple : 80*40*75CM, couche simple : 140*40*75CM, couche simple : 160*40*75CM, couche simple : 180*40*75CM, double couche : 60*40*75CM, double couche : 100*40*75CM, double couche : 120*40*75CM, double couche : 140*40*75C M,Double couche : 160*40*75CM,Double couche : 180*40*75CM,Couche simple : 200*40*75CM,Couche simple : 240*40*75CM,Une table et deux chaises \u00e0 une seule couche (chaise pliante) en stock,Une table et deux chaises \u00e0 une seule couche (mode chaise) en stock, une seule couche une table et deux chaises (chaise fine) en stock, une seule couche une table et deux chaises (Maffli) en stock, chaise pliante, chaise de mode, chaise de formation, Maffli, tabouret carr\u00e9, chaise \u00e0 dossier solide<\/li>\n<li>\n<strong>Fonctionnalit\u00e9s suppl\u00e9mentaires<\/strong>:R\u00e9sistant aux hautes temp\u00e9ratures, r\u00e9sistant aux taches, avec tiroir<\/li>\n<li>\n<strong>Appropri\u00e9<\/strong>:\u00c9l\u00e8ves du coll\u00e8ge, adultes<\/li>\n<\/ul>\n<p><img><\/p>","protected":false},"excerpt":{"rendered":"<p>marque:DY1008 mod\u00e8le:1008 style:chinois trier par couleur:Simple couche : 120*40*75CM, couche simple : 60*40*75CM, couche simple : 80*40*75CM, couche simple : 140*40*75CM, simple couche : 160*40*75CM,<\/p>","protected":false},"featured_media":143972,"comment_status":"open","ping_status":"closed","template":"","meta":[],"product_brand":[],"product_cat":[30900,30971,30866],"product_tag":[],"class_list":{"0":"post-84746","1":"product","2":"type-product","3":"status-publish","4":"has-post-thumbnail","6":"product_cat-bs-school","7":"product_cat-hp","8":"product_cat-wholesales-university-high-schools","10":"first","11":"instock","12":"taxable","13":"shipping-taxable","14":"purchasable","15":"product-type-variable"},"_links":{"self":[{"href":"https:\/\/nexgendecors.com\/fr\/wp-json\/wp\/v2\/product\/84746","targetHints":{"allow":["GET"]}}],"collection":[{"href":"https:\/\/nexgendecors.com\/fr\/wp-json\/wp\/v2\/product"}],"about":[{"href":"https:\/\/nexgendecors.com\/fr\/wp-json\/wp\/v2\/types\/product"}],"replies":[{"embeddable":true,"href":"https:\/\/nexgendecors.com\/fr\/wp-json\/wp\/v2\/comments?post=84746"}],"version-history":[{"count":0,"href":"https:\/\/nexgendecors.com\/fr\/wp-json\/wp\/v2\/product\/84746\/revisions"}],"wp:featuredmedia":[{"embeddable":true,"href":"https:\/\/nexgendecors.com\/fr\/wp-json\/wp\/v2\/media\/143972"}],"wp:attachment":[{"href":"https:\/\/nexgendecors.com\/fr\/wp-json\/wp\/v2\/media?parent=84746"}],"wp:term":[{"taxonomy":"product_brand","embeddable":true,"href":"https:\/\/nexgendecors.com\/fr\/wp-json\/wp\/v2\/product_brand?post=84746"},{"taxonomy":"product_cat","embeddable":true,"href":"https:\/\/nexgendecors.com\/fr\/wp-json\/wp\/v2\/product_cat?post=84746"},{"taxonomy":"product_tag","embeddable":true,"href":"https:\/\/nexgendecors.com\/fr\/wp-json\/wp\/v2\/product_tag?post=84746"}],"curies":[{"name":"wp","href":"https:\/\/api.w.org\/{rel}","templated":true}]}}