{"id":84836,"date":"2025-01-26T03:51:15","date_gmt":"2025-01-26T03:51:15","guid":{"rendered":"https:\/\/nexgendecors.com\/product\/ultimate-sack-bean-bag-chairs-in-multiple-sizes-and-colors-giant-foam-filled-furniture-machine-washable-covers-double-stitched-seams-durable-inner-liner-ultimate-pillow-red-fur1711879851276\/"},"modified":"2025-04-06T09:44:13","modified_gmt":"2025-04-06T09:44:13","slug":"poufs-ultimate-sack-disponibles-en-plusieurs-tailles-et-couleurs-meubles-geants-remplis-de-mousse-housses-lavables-en-machine-coutures-doubles-doublure-interieure-durable-oreiller-ultimate-fur-re","status":"publish","type":"product","link":"https:\/\/nexgendecors.com\/fr\/product\/poufs-ultimate-sack-disponibles-en-plusieurs-tailles-et-couleurs-meubles-geants-remplis-de-mousse-housses-lavables-en-machine-coutures-doubles-doublure-interieure-durable-oreiller-ultimate-fur-re\/","title":{"rendered":"Fauteuil poire ULTIMATE SACK en fourrure rouge \u2013 Confort rempli de mousse"},"content":{"rendered":"<p data-mce-fragment=\"1\">\ud83e\ude91 <strong data-mce-fragment=\"1\">Sac ultime en plusieurs tailles<\/strong>Choisissez parmi diff\u00e9rentes tailles selon vos besoins, du mod\u00e8le 6000 d&#039;environ 1,80 m de diam\u00e8tre au sac pour enfants d&#039;environ 76 cm de diam\u00e8tre. Nous proposons \u00e9galement les options Ultimate Lounger, Pillow et Corner pour un confort et une polyvalence optimaux.<\/p>\n<p data-mce-fragment=\"1\">\ud83e\uddfc <strong data-mce-fragment=\"1\">Housses lavables en machine<\/strong>: Profitez d&#039;un entretien facile gr\u00e2ce \u00e0 nos housses ext\u00e9rieures lavables en machine. Retirez simplement la housse et mettez-la au lavage pour garder votre Ultimate Sack propre et frais.<\/p>\n<p data-mce-fragment=\"1\">\ud83c\udf1f <strong data-mce-fragment=\"1\">Housses confortables ultimes<\/strong>Nos housses ext\u00e9rieures interchangeables sont con\u00e7ues pour une r\u00e9sistance et une durabilit\u00e9 maximales gr\u00e2ce \u00e0 des coutures doubles et des fermetures \u00e9clair de haute qualit\u00e9. De plus, elles sont lavables en machine pour plus de commodit\u00e9.<\/p>\n<p data-mce-fragment=\"1\">\ud83d\udecb\ufe0f <strong data-mce-fragment=\"1\">Mousse vierge am\u00e9ricaine d\u00e9chiquet\u00e9e 100%<\/strong>: Profitez d&#039;un confort in\u00e9gal\u00e9 gr\u00e2ce \u00e0 nos repose-pieds garnis d&#039;un m\u00e9lange de mousse \u00e0 m\u00e9moire de forme d\u00e9chiquet\u00e9e de premi\u00e8re qualit\u00e9. Fabriqu\u00e9s \u00e0 partir de mousse vierge am\u00e9ricaine 100%, ils offrent un confort exceptionnel \u00e0 toute la famille.<\/p>\n<p data-mce-fragment=\"1\">\ud83c\udfe0 <strong data-mce-fragment=\"1\">Alternative polyvalente aux meubles<\/strong>Que vous vous pr\u00e9lassiez, jouiez, lisiez, \u00e9tudiiez, travailliez ou regardiez un match, l&#039;Ultimate Sack offre une alternative polyvalente aux canap\u00e9s, fauteuils inclinables et causeuses traditionnels. Profitez d&#039;un confort et d&#039;une d\u00e9tente ultimes pour toutes vos activit\u00e9s.<\/p>\n<p data-mce-fragment=\"1\">Am\u00e9liorez votre exp\u00e9rience de d\u00e9tente avec le fauteuil poire Ultimate Sack \u2013 le compl\u00e9ment parfait \u00e0 n&#039;importe quelle maison ! \ud83c\udfe1\u2728<\/p>\n<div><\/div>","protected":false},"excerpt":{"rendered":"<p>\ud83e\ude91 Sac ultime en plusieurs tailles : choisissez parmi diff\u00e9rentes tailles en fonction de vos besoins, du 6000 au 6 environ<\/p>","protected":false},"featured_media":144079,"comment_status":"open","ping_status":"closed","template":"","meta":[],"product_brand":[],"product_cat":[30971,30837,30849],"product_tag":[],"class_list":{"0":"post-84836","1":"product","2":"type-product","3":"status-publish","4":"has-post-thumbnail","6":"product_cat-hp","7":"product_cat-kids-sofa","8":"product_cat-kindergarten-school-furniture","10":"first","11":"instock","12":"taxable","13":"shipping-taxable","14":"purchasable","15":"product-type-variable"},"_links":{"self":[{"href":"https:\/\/nexgendecors.com\/fr\/wp-json\/wp\/v2\/product\/84836","targetHints":{"allow":["GET"]}}],"collection":[{"href":"https:\/\/nexgendecors.com\/fr\/wp-json\/wp\/v2\/product"}],"about":[{"href":"https:\/\/nexgendecors.com\/fr\/wp-json\/wp\/v2\/types\/product"}],"replies":[{"embeddable":true,"href":"https:\/\/nexgendecors.com\/fr\/wp-json\/wp\/v2\/comments?post=84836"}],"version-history":[{"count":0,"href":"https:\/\/nexgendecors.com\/fr\/wp-json\/wp\/v2\/product\/84836\/revisions"}],"wp:featuredmedia":[{"embeddable":true,"href":"https:\/\/nexgendecors.com\/fr\/wp-json\/wp\/v2\/media\/144079"}],"wp:attachment":[{"href":"https:\/\/nexgendecors.com\/fr\/wp-json\/wp\/v2\/media?parent=84836"}],"wp:term":[{"taxonomy":"product_brand","embeddable":true,"href":"https:\/\/nexgendecors.com\/fr\/wp-json\/wp\/v2\/product_brand?post=84836"},{"taxonomy":"product_cat","embeddable":true,"href":"https:\/\/nexgendecors.com\/fr\/wp-json\/wp\/v2\/product_cat?post=84836"},{"taxonomy":"product_tag","embeddable":true,"href":"https:\/\/nexgendecors.com\/fr\/wp-json\/wp\/v2\/product_tag?post=84836"}],"curies":[{"name":"wp","href":"https:\/\/api.w.org\/{rel}","templated":true}]}}